{"id":9,"date":"2024-05-02T11:55:47","date_gmt":"2024-05-02T11:55:47","guid":{"rendered":"https:\/\/atsaero.ma\/tikata\/?page_id=9"},"modified":"2024-05-09T09:26:01","modified_gmt":"2024-05-09T09:26:01","slug":"accueil","status":"publish","type":"page","link":"https:\/\/atsaero.ma\/tikata\/","title":{"rendered":"Accueil"},"content":{"rendered":"<div class=\"wpb-content-wrapper\"><p>[vc_row gap=\u00a0\u00bb35&Prime; equal_height=\u00a0\u00bbyes\u00a0\u00bb css_animation=\u00a0\u00bbfadeInUp\u00a0\u00bb el_class=\u00a0\u00bbrangeepa rangee1mobile\u00a0\u00bb][vc_column][vc_column_text]<\/p>\n<h2 style=\"text-align: center;\">Une journ\u00e9e en mer avec Ti-KATA CARAIBES dans le Lagon du Grand-Cul-de-Sac-Marin<\/h2>\n<p class=\"soustitre\" style=\"text-align: center;\">Embarquez \u00e0 bord pour une journ\u00e9e en petit comit\u00e9, tout inclus, garantis sans mal de mer et adapt\u00e9e a tous public (12 passagers max)<\/p>\n<p>[\/vc_column_text][vc_empty_space height=\u00a0\u00bb40px\u00a0\u00bb][vc_column_text]<div data-carousel-3d=\"true\"><div class=\"slide\" style=\"background-image: url('https:\/\/atsaero.ma\/tikata\/wp-content\/uploads\/2024\/05\/20200119-164436-largejpg-1-500x375-1.jpg');\"><p><\/p><\/div><div class=\"slide\" style=\"background-image: url('https:\/\/atsaero.ma\/tikata\/wp-content\/uploads\/2024\/05\/ti-kata-caraibes-500x375-1.jpg');\"><p><\/p><\/div><div class=\"slide\" style=\"background-image: url('https:\/\/atsaero.ma\/tikata\/wp-content\/uploads\/2024\/05\/caption-1-500x375-1.jpg');\"><p><\/p><\/div><div class=\"slide\" style=\"background-image: url('https:\/\/atsaero.ma\/tikata\/wp-content\/uploads\/2024\/05\/20200119-164436-largejpg-1-500x375-1.jpg');\"><p><\/p><\/div><div class=\"slide\" style=\"background-image: url('https:\/\/atsaero.ma\/tikata\/wp-content\/uploads\/2024\/05\/ti-kata-caraibes-500x375-1.jpg');\"><p><\/p><\/div><div class=\"slide\" style=\"background-image: url('https:\/\/atsaero.ma\/tikata\/wp-content\/uploads\/2024\/05\/caption-1-500x375-1.jpg');\"><p><\/p><\/div><\/div>[\/vc_column_text][vc_row_inner equal_height=\u00a0\u00bbyes\u00a0\u00bb gap=\u00a0\u00bb35&Prime;][vc_column_inner el_class=\u00a0\u00bbcolicones\u00a0\u00bb width=\u00a0\u00bb1\/3&Prime;][vc_icon icon_fontawesome=\u00a0\u00bbfas fa-search-plus\u00a0\u00bb color=\u00a0\u00bbcustom\u00a0\u00bb align=\u00a0\u00bbcenter\u00a0\u00bb custom_color=\u00a0\u00bb#c9175f\u00a0\u00bb][vc_empty_space height=\u00a0\u00bb10px\u00a0\u00bb][vc_column_text]<span class=\"titreh3\">Les +<\/span>[\/vc_column_text][vc_empty_space height=\u00a0\u00bb10px\u00a0\u00bb][vc_column_text]<\/p>\n<p style=\"text-align: center;\">Profitez d&rsquo;une journ\u00e9e en mer inoubliable avec tout le confort \u00e0 bord. Notre excursion offre plus qu&rsquo;une simple sortie en mer : c&rsquo;est une exp\u00e9rience immersive dans le lagon du Grand-Cul-de-Sac Marin o\u00f9 chaque instant est con\u00e7u pour votre plaisir et votre d\u00e9tente.<\/p>\n<p>[\/vc_column_text][\/vc_column_inner][vc_column_inner el_class=\u00a0\u00bbcolicones\u00a0\u00bb width=\u00a0\u00bb1\/3&Prime;][vc_icon icon_fontawesome=\u00a0\u00bbfas fa-tasks\u00a0\u00bb color=\u00a0\u00bbcustom\u00a0\u00bb align=\u00a0\u00bbcenter\u00a0\u00bb custom_color=\u00a0\u00bb#c9175f\u00a0\u00bb][vc_empty_space height=\u00a0\u00bb10px\u00a0\u00bb][vc_column_text]<span class=\"titreh3\">Ce qui est inclus<\/span>[\/vc_column_text][vc_empty_space height=\u00a0\u00bb10px\u00a0\u00bb][vc_column_text]<\/p>\n<p style=\"text-align: center;\">Embarquez avec nous et laissez-vous choyer par nos services exclusifs. De l&rsquo;eau fra\u00eeche, des jus vari\u00e9s, un planteur exquis et des amuse-bouches vous attendent, tandis que le repas promet une d\u00e9licieuse \u00e9vasion culinaire avec des produits frais et locaux.<\/p>\n<p>[\/vc_column_text][\/vc_column_inner][vc_column_inner el_class=\u00a0\u00bbcolicones\u00a0\u00bb width=\u00a0\u00bb1\/3&Prime;][vc_icon icon_fontawesome=\u00a0\u00bbfas fa-suitcase\u00a0\u00bb color=\u00a0\u00bbcustom\u00a0\u00bb align=\u00a0\u00bbcenter\u00a0\u00bb custom_color=\u00a0\u00bb#c9175f\u00a0\u00bb][vc_empty_space height=\u00a0\u00bb10px\u00a0\u00bb][vc_column_text]<span class=\"titreh3\">Quoi emmener ? <\/span>[\/vc_column_text][vc_empty_space height=\u00a0\u00bb10px\u00a0\u00bb][vc_column_text]<\/p>\n<p style=\"text-align: center;\">Pr\u00e9parez-vous pour l&rsquo;aventure en apportant l&rsquo;essentiel : un esprit d&rsquo;aventure, l&rsquo;envie de d\u00e9couvrir et bien s\u00fbr, vos affaires de baignade. Nous nous occupons du reste, vous assurant une journ\u00e9e riche en d\u00e9couvertes et en confort<\/p>\n<p>[\/vc_column_text][\/vc_column_inner][\/vc_row_inner][\/vc_column][\/vc_row][vc_row full_width=\u00a0\u00bbstretch_row_content\u00a0\u00bb equal_height=\u00a0\u00bbyes\u00a0\u00bb content_placement=\u00a0\u00bbmiddle\u00a0\u00bb][vc_column css_animation=\u00a0\u00bbfadeInLeft\u00a0\u00bb width=\u00a0\u00bb1\/2&Prime; el_class=\u00a0\u00bbcolimgwifth130&Prime;][vc_single_image image=\u00a0\u00bb40&Prime; img_size=\u00a0\u00bbfull\u00a0\u00bb el_class=\u00a0\u00bbimgwidth130&Prime;][\/vc_column][vc_column css_animation=\u00a0\u00bbfadeInRight\u00a0\u00bb width=\u00a0\u00bb1\/2&Prime; el_class=\u00a0\u00bbcolrangeeimage marginleftcol1 padmobile\u00a0\u00bb][vc_column_text]<\/p>\n<h2 style=\"text-align: center;\">Ti-KATA CARAIBES l&rsquo;excursion \u00e0 faire en Lagon du Grand-Cul-de-Sac-Marin<\/h2>\n<p class=\"soustitre\" style=\"text-align: center;\">Une Journ\u00e9e Inoubliable de d\u00e9tente.<\/p>\n<p>[\/vc_column_text][vc_empty_space height=\u00a0\u00bb40px\u00a0\u00bb][vc_column_text]<\/p>\n<p style=\"text-align: center;\">Embarquez pour une exp\u00e9rience exceptionnelle au c\u0153ur du Lagon du Grand-Cul-de-Sac-Marin avec Ti-KATA CARAIBES. D\u00e9couvrez l\u2019harmonie parfaite entre aventure et d\u00e9tente dans un joyau tropical.<\/p>\n<p>[\/vc_column_text][vc_empty_space height=\u00a0\u00bb40px\u00a0\u00bb][vc_single_image image=\u00a0\u00bb42&Prime; img_size=\u00a0\u00bbfull\u00a0\u00bb alignment=\u00a0\u00bbcenter\u00a0\u00bb onclick=\u00a0\u00bbcustom_link\u00a0\u00bb link=\u00a0\u00bb\/programme\/\u00a0\u00bb][\/vc_column][\/vc_row][vc_row full_width=\u00a0\u00bbstretch_row_content\u00a0\u00bb css_animation=\u00a0\u00bbnone\u00a0\u00bb css=\u00a0\u00bb.vc_custom_1708384090250{background-image: url(https:\/\/atsaero.ma\/tikata\/wp-content\/uploads\/2024\/02\/separator.jpg?id=315) !important;background-position: center !important;background-repeat: no-repeat !important;background-size: cover !important;}\u00a0\u00bb el_class=\u00a0\u00bbimgbgseparator1&Prime;][vc_column][vc_empty_space height=\u00a0\u00bb136px\u00a0\u00bb][\/vc_column][\/vc_row][vc_row full_width=\u00a0\u00bbstretch_row_content\u00a0\u00bb equal_height=\u00a0\u00bbyes\u00a0\u00bb content_placement=\u00a0\u00bbmiddle\u00a0\u00bb css_animation=\u00a0\u00bbnone\u00a0\u00bb css=\u00a0\u00bb.vc_custom_1708388213441{background-color: #efefef !important;}\u00a0\u00bb][vc_column width=\u00a0\u00bb1\/2&Prime; el_class=\u00a0\u00bbcolrangeeimage padmobile\u00a0\u00bb el_id=\u00a0\u00bbdetails\u00a0\u00bb][vc_column_text css_animation=\u00a0\u00bbfadeInLeft\u00a0\u00bb]<\/p>\n<h2 style=\"text-align: left;\">D\u00e9tails de l\u2019Excursion<\/h2>\n<p>[\/vc_column_text][vc_empty_space height=\u00a0\u00bb40px\u00a0\u00bb][vc_column_text css_animation=\u00a0\u00bbfadeInLeft\u00a0\u00bb]<\/p>\n<p class=\"\" style=\"text-align: left;\">&#8211; Dur\u00e9e: Journ\u00e9e compl\u00e8te (9h00 &#8211; 16h45)<br \/>\n&#8211; Lieu de Rendez-vous: Port de plaisance de Baie-Mahault,<br \/>\n2\u00e8me ponton Pierre Questel<br \/>\n&#8211; Excursion en petit comit\u00e9, 12 personnes maximum.<br \/>\n&#8211; 95\u20ac par personne<\/p>\n<p>[\/vc_column_text][vc_empty_space height=\u00a0\u00bb25px\u00a0\u00bb][vc_single_image image=\u00a0\u00bb42&Prime; img_size=\u00a0\u00bbfull\u00a0\u00bb onclick=\u00a0\u00bbcustom_link\u00a0\u00bb css_animation=\u00a0\u00bbfadeInLeft\u00a0\u00bb link=\u00a0\u00bb\/programme\/\u00a0\u00bb][\/vc_column][vc_column width=\u00a0\u00bb1\/2&Prime;][vc_empty_space height=\u00a0\u00bb70px\u00a0\u00bb][vc_column_text css_animation=\u00a0\u00bbfadeInRight\u00a0\u00bb]<style id=\"wp_carousel_dynamic_css44\">.sp-wp-carousel-free-id-44.wpcf-fancybox-wrapper .fancybox-bg{background: #0b0b0b;opacity: 0.8;}.sp-wp-carousel-free-id-44.wpcf-fancybox-wrapper .fancybox-navigation .fancybox-button .wpcp-fancybox-nav-arrow i {color: #ccc;}.sp-wp-carousel-free-id-44.wpcf-fancybox-wrapper .fancybox-navigation .fancybox-button .wpcp-fancybox-nav-arrow i:hover {color: #fff;}.sp-wp-carousel-free-id-44.wpcf-fancybox-wrapper .fancybox-navigation .fancybox-button {background: #1e1e1e;}.sp-wp-carousel-free-id-44.wpcf-fancybox-wrapper .fancybox-navigation .fancybox-button:hover {background: #1e1e1e;}#sp-wp-carousel-free-id-44 .wpcp-swiper-dots {margin: 40px 0px 0px 0px;}.wpcp-wrapper-44 .swiper-wrapper .swiper-slide-kenburn, .wpcp-wrapper-44 .swiper-wrapper, .wpcp-wrapper-44 .wpcpro-row{align-items: center;}#sp-wp-carousel-free-id-44 .wpcp-single-item {box-shadow: 0px 0px 0px 0px #dddddd;transition: all .3s;margin: 0px;}#sp-wp-carousel-free-id-44.swiper-flip .wpcp-single-item{margin: 0!important;}#sp-wp-carousel-free-id-44 .wpcp-single-item:hover {box-shadow: 0px 0px 0px 0px #dddddd;}#sp-wp-carousel-free-id-44.sp-wpcp-44 .wpcp-single-item {border: 1px solid #dddddd;}#sp-wp-carousel-free-id-44.wpcp-carousel-section.sp-wpcp-44 .swiper-button-prev,#sp-wp-carousel-free-id-44.wpcp-carousel-section.sp-wpcp-44 .swiper-button-next,#sp-wp-carousel-free-id-44.wpcp-carousel-section.sp-wpcp-44 .swiper-button-prev:hover,#sp-wp-carousel-free-id-44.wpcp-carousel-section.sp-wpcp-44 .swiper-button-next:hover {font-size: 18px ; font-weight: 400;}#sp-wp-carousel-free-id-44.sp-wpcp-44 .swiper-button-prev,#sp-wp-carousel-free-id-44.sp-wpcp-44 .swiper-button-next,#sp-wp-carousel-free-id-44.sp-wpcp-44 .swiper-button-prev:hover,#sp-wp-carousel-free-id-44.sp-wpcp-44 .swiper-button-next:hover {background: none;border: none;font-size: 30px;}#sp-wp-carousel-free-id-44.sp-wpcp-44 .swiper-button-prev i,#sp-wp-carousel-free-id-44.sp-wpcp-44 .swiper-button-next i {color: #aaa;}#sp-wp-carousel-free-id-44.sp-wpcp-44 .swiper-button-prev i:hover,#sp-wp-carousel-free-id-44.sp-wpcp-44 .swiper-button-next i:hover {color: #178087;}#sp-wp-carousel-free-id-44.sp-wpcp-44 .wpcp-swiper-dots .swiper-pagination-bullet {background-color: #cccccc;}#sp-wp-carousel-free-id-44.sp-wpcp-44 .wpcp-swiper-dots .swiper-pagination-bullet.swiper-pagination-bullet-active {background-color: #178087;}#sp-wp-carousel-free-id-44 .wpcpro-row>[class*=\"wpcpro-col-\"] { padding: 0 10px; padding-bottom: 20px;} #sp-wp-carousel-free-id-44 .swiper-slide .single-item-fade:not(:last-child) { margin-right: 20px;}@media (min-width: 480px) { .wpcpro-row .wpcpro-col-sm-1 { flex: 0 0 100%; max-width: 100%; } .wpcpro-row .wpcpro-col-sm-2 { flex: 0 0 50%; max-width: 50%; } .wpcpro-row .wpcpro-col-sm-2-5 { flex: 0 0 75%; max-width: 75%; } .wpcpro-row .wpcpro-col-sm-3 { flex: 0 0 33.333%; max-width: 33.333%; } .wpcpro-row .wpcpro-col-sm-4 { flex: 0 0 25%; max-width: 25%; } .wpcpro-row .wpcpro-col-sm-5 { flex: 0 0 20%; max-width: 20%; } .wpcpro-row .wpcpro-col-sm-6 { flex: 0 0 16.66666666666667%; max-width: 16.66666666666667%; } .wpcpro-row .wpcpro-col-sm-7 { flex: 0 0 14.28571428%; max-width: 14.28571428%; } .wpcpro-row .wpcpro-col-sm-8 { flex: 0 0 12.5%; max-width: 12.5%; } } @media (max-width: 480px) { .wpcpro-row .wpcpro-col-xs-1 { flex: 0 0 100%; max-width: 100%; } .wpcpro-row .wpcpro-col-xs-2 { flex: 0 0 50%; max-width: 50%; } .wpcpro-row .wpcpro-col-xs-3 { flex: 0 0 33.222%; max-width: 33.222%; } .wpcpro-row .wpcpro-col-xs-4 { flex: 0 0 25%; max-width: 25%; } .wpcpro-row .wpcpro-col-xs-5 { flex: 0 0 20%; max-width: 20%; } .wpcpro-row .wpcpro-col-xs-6 { flex: 0 0 16.6667%; max-width: 16.6667%; } .wpcpro-row .wpcpro-col-xs-7 { flex: 0 0 14.28571428%; max-width: 14.28571428%; } .wpcpro-row .wpcpro-col-xs-8 { flex: 0 0 12.5%; max-width: 12.5%; } } @media (min-width: 736px) { .wpcpro-row .wpcpro-col-md-1 { flex: 0 0 100%; max-width: 100%; } .wpcpro-row .wpcpro-col-md-2 { flex: 0 0 50%; max-width: 50%; } .wpcpro-row .wpcpro-col-md-2-5 { flex: 0 0 75%; max-width: 75%; } .wpcpro-row .wpcpro-col-md-3 { flex: 0 0 33.333%; max-width: 33.333%; } .wpcpro-row .wpcpro-col-md-4 { flex: 0 0 25%; max-width: 25%; } .wpcpro-row .wpcpro-col-md-5 { flex: 0 0 20%; max-width: 20%; } .wpcpro-row .wpcpro-col-md-6 { flex: 0 0 16.66666666666667%; max-width: 16.66666666666667%; } .wpcpro-row .wpcpro-col-md-7 { flex: 0 0 14.28571428%; max-width: 14.28571428%; } .wpcpro-row .wpcpro-col-md-8 { flex: 0 0 12.5%; max-width: 12.5%; } } @media (min-width: 980px) { .wpcpro-row .wpcpro-col-lg-1 { flex: 0 0 100%; max-width: 100%; } .wpcpro-row .wpcpro-col-lg-2 { flex: 0 0 50%; max-width: 50%; } .wpcpro-row .wpcpro-col-lg-3 { flex: 0 0 33.222%; max-width: 33.222%; } .wpcpro-row .wpcpro-col-lg-4 { flex: 0 0 25%; max-width: 25%; } .wpcpro-row .wpcpro-col-lg-5 { flex: 0 0 20%; max-width: 20%; } .wpcpro-row .wpcpro-col-lg-6 { flex: 0 0 16.6667%; max-width: 16.6667%; } .wpcpro-row .wpcpro-col-lg-7 { flex: 0 0 14.28571428%; max-width: 14.28571428%; } .wpcpro-row .wpcpro-col-lg-8 { flex: 0 0 12.5%; max-width: 12.5%; } } @media (min-width: 1200px) { .wpcpro-row .wpcpro-col-xl-1 { flex: 0 0 100%; max-width: 100%; } .wpcpro-row .wpcpro-col-xl-2 { flex: 0 0 50%; max-width: 50%; } .wpcpro-row .wpcpro-col-xl-3 { flex: 0 0 33.22222222%; max-width: 33.22222222%; } .wpcpro-row .wpcpro-col-xl-4 { flex: 0 0 25%; max-width: 25%; } .wpcpro-row .wpcpro-col-xl-5 { flex: 0 0 20%; max-width: 20%; } .wpcpro-row .wpcpro-col-xl-6 { flex: 0 0 16.66667%; max-width: 16.66667%; } .wpcpro-row .wpcpro-col-xl-7 { flex: 0 0 14.28571428%; max-width: 14.28571428%; } .wpcpro-row .wpcpro-col-xl-8 { flex: 0 0 12.5%; max-width: 12.5%; } }<\/style><div class=\"wpcp-carousel-wrapper wpcp-wrapper-44\">\n\t<div id=\"wpcp-preloader-44\" class=\"wpcp-carousel-preloader\"><img decoding=\"async\" src=\"https:\/\/atsaero.ma\/tikata\/wp-content\/plugins\/wp-carousel-free\/public\/css\/spinner.svg\" alt=\"Preloader Image\" \/><\/div>\t<div class=\"wpcp-carousel-content-wrapper\">\n\t<div id=\"sp-wp-carousel-free-id-44\" class=\"wpcp-carousel-section sp-wpcp-44  nav-vertical-center wpcp-image-carousel wpcp-preloader wpcp-standard\" data-swiper='{ &quot;pagination_type&quot;: &quot;dots&quot;,&quot;accessibility&quot;:true, &quot;spaceBetween&quot;:20, &quot;arrows&quot;:true, &quot;freeMode&quot;: false, &quot;autoplay&quot;:false, &quot;effect&quot;: &quot;&quot;, &quot;centerMode&quot;: false, &quot;autoplaySpeed&quot;:3000, &quot;dots&quot;:true, &quot;infinite&quot;:true, &quot;speed&quot;:600, &quot;pauseOnHover&quot;:true,\n\t\t\t&quot;slidesToShow&quot;:{&quot;lg_desktop&quot;:3, &quot;desktop&quot;: 3, &quot;laptop&quot;: 3, &quot;tablet&quot;: 2, &quot;mobile&quot;: 1}, &quot;responsive&quot;:{&quot;desktop&quot;:1200, &quot;laptop&quot;: 980, &quot;tablet&quot;: 736, &quot;mobile&quot;: 480}, &quot;rtl&quot;:false, &quot;lazyLoad&quot;: &quot;false&quot;, &quot;swipe&quot;: true, &quot;draggable&quot;: true, &quot;swipeToSlide&quot;:false }' dir=\"ltr\">\n\t\t<div class=\"swiper-wrapper\">\n\t\t<div class=\"swiper-slide\">\n\t<div class=\"wpcp-single-item\">\n\t\t\t<div class=\"wpcp-slide-image\">\n\t\t<img loading=\"lazy\" decoding=\"async\" class=\"skip-lazy\" src=\"https:\/\/atsaero.ma\/tikata\/wp-content\/uploads\/2024\/05\/activite4-1.png\" alt=\"Exploration de la Mangrove\" width=\"219\" height=\"216\">\t<\/div>\n\t\t<\/div>\n<\/div>\n\t<div class=\"swiper-slide\">\n\t<div class=\"wpcp-single-item\">\n\t\t\t<div class=\"wpcp-slide-image\">\n\t\t<img loading=\"lazy\" decoding=\"async\" class=\"skip-lazy\" src=\"https:\/\/atsaero.ma\/tikata\/wp-content\/uploads\/2024\/05\/activite2.png\" alt=\"Visite de l\u2019\u00cele des Caret\" width=\"216\" height=\"216\">\t<\/div>\n\t\t<\/div>\n<\/div>\n\t<div class=\"swiper-slide\">\n\t<div class=\"wpcp-single-item\">\n\t\t\t<div class=\"wpcp-slide-image\">\n\t\t<img loading=\"lazy\" decoding=\"async\" class=\"skip-lazy\" src=\"https:\/\/atsaero.ma\/tikata\/wp-content\/uploads\/2024\/05\/activite-1.png\" alt=\"Snorkeling autour d\u2019une \u00e9pave et de la barri\u00e8re de corail\" width=\"216\" height=\"216\">\t<\/div>\n\t\t<\/div>\n<\/div>\n\t<div class=\"swiper-slide\">\n\t<div class=\"wpcp-single-item\">\n\t\t\t<div class=\"wpcp-slide-image\">\n\t\t<img loading=\"lazy\" decoding=\"async\" class=\"skip-lazy\" src=\"https:\/\/atsaero.ma\/tikata\/wp-content\/uploads\/2024\/05\/activite4-1-1.png\" alt=\"Barbecue sur le bateau\" width=\"216\" height=\"216\">\t<\/div>\n\t\t<\/div>\n<\/div>\n\t\t\t<\/div>\n\t\t\t\t\t<div class=\"wpcp-swiper-dots swiper-pagination\"><\/div>\n\t\t\t\t<!-- If we need navigation buttons -->\n\t\t\t\t\t<div class=\"wpcp-prev-button swiper-button-prev\"><i class=\"fa fa-angle-left\"><\/i><\/div>\n\t\t\t<div class=\"wpcp-next-button swiper-button-next\"><i class=\"fa fa-angle-right\"><\/i><\/div>\n\t\t\t<\/div>\n\t<\/div>\n<\/div>\n[\/vc_column_text][\/vc_column][\/vc_row][vc_row full_width=\u00a0\u00bbstretch_row_content\u00a0\u00bb css_animation=\u00a0\u00bbnone\u00a0\u00bb css=\u00a0\u00bb.vc_custom_1714681537257{background-image: url(https:\/\/atsaero.ma\/tikata\/wp-content\/uploads\/2024\/05\/separator2.jpg?id=46) !important;background-position: center !important;background-repeat: no-repeat !important;background-size: cover !important;}\u00a0\u00bb][vc_column][vc_empty_space height=\u00a0\u00bb302px\u00a0\u00bb][\/vc_column][\/vc_row][vc_row full_width=\u00a0\u00bbstretch_row_content\u00a0\u00bb equal_height=\u00a0\u00bbyes\u00a0\u00bb content_placement=\u00a0\u00bbmiddle\u00a0\u00bb][vc_column css_animation=\u00a0\u00bbfadeInLeft\u00a0\u00bb width=\u00a0\u00bb1\/2&Prime; el_class=\u00a0\u00bbcolrangeeimage2 padmobile\u00a0\u00bb][vc_column_text]<\/p>\n<h2 style=\"text-align: left;\">Comment r\u00e9s\u00e9rver<\/h2>\n<p class=\"soustitre\" style=\"text-align: left;\">Une Journ\u00e9e Inoubliable d\u2019Aventure et de D\u00e9tente dans un Joyau Naturel Tropical.<\/p>\n<p>[\/vc_column_text][vc_empty_space height=\u00a0\u00bb40px\u00a0\u00bb][vc_column_text]<\/p>\n<p style=\"text-align: left;\">&#8211; Lieu de Rendez-vous Google Maps\/Waze: Port de<br \/>\nplaisance de Baie-Mahault, 2\u00e8me ponton Pierre Questel<br \/>\n&#8211; Heures de Rencontre: 9h00 &#8211; 16h45<\/p>\n<p>[\/vc_column_text][vc_empty_space height=\u00a0\u00bb40px\u00a0\u00bb][vc_single_image image=\u00a0\u00bb42&Prime; img_size=\u00a0\u00bbfull\u00a0\u00bb onclick=\u00a0\u00bbcustom_link\u00a0\u00bb link=\u00a0\u00bb\/programme\/\u00a0\u00bb][\/vc_column][vc_column css_animation=\u00a0\u00bbfadeInRight\u00a0\u00bb width=\u00a0\u00bb1\/2&Prime; el_class=\u00a0\u00bbcolimgmarge2&Prime;][vc_single_image image=\u00a0\u00bb33&Prime; img_size=\u00a0\u00bbfull\u00a0\u00bb alignment=\u00a0\u00bbright\u00a0\u00bb][\/vc_column][\/vc_row][vc_row gap=\u00a0\u00bb35&Prime; equal_height=\u00a0\u00bbyes\u00a0\u00bb css_animation=\u00a0\u00bbfadeInUp\u00a0\u00bb el_class=\u00a0\u00bbrangeepa\u00a0\u00bb][vc_column][vc_column_text]<\/p>\n<h2 style=\"text-align: center;\">Avis clients<\/h2>\n<p class=\"soustitre\" style=\"text-align: center;\">D\u00e9couvrez ce que nos clients disent de leurs exp\u00e9riences. Leurs avis t\u00e9moignent de moments exceptionnels pass\u00e9s \u00e0 bord, soulignant notre engagement envers votre satisfaction.<\/p>\n<p>[\/vc_column_text][vc_empty_space height=\u00a0\u00bb40px\u00a0\u00bb][vc_row_inner equal_height=\u00a0\u00bbyes\u00a0\u00bb content_placement=\u00a0\u00bbtop\u00a0\u00bb gap=\u00a0\u00bb35&Prime;][vc_column_inner el_class=\u00a0\u00bbcoliconesavis\u00a0\u00bb width=\u00a0\u00bb1\/4&Prime;][vc_single_image image=\u00a0\u00bb30&Prime; img_size=\u00a0\u00bbfull\u00a0\u00bb alignment=\u00a0\u00bbright\u00a0\u00bb el_class=\u00a0\u00bbimgquote\u00a0\u00bb][vc_empty_space height=\u00a0\u00bb20px\u00a0\u00bb][vc_column_text el_class=\u00a0\u00bbtextealignleft\u00a0\u00bb]<span class=\"titreh3 textealignleft\"> Excursion inoubliable<\/span>[\/vc_column_text][vc_empty_space height=\u00a0\u00bb20px\u00a0\u00bb][vc_raw_html]JTNDZGl2JTIwY2xhc3MlM0QlMjJpbWdzdGFycyUyMiUzRSUwQSUzQ2ltZyUyMHNyYyUzRCUyMiUyRndwLWNvbnRlbnQlMkZ1cGxvYWRzJTJGMjAyNCUyRjA1JTJGc3RhcnMuanBnJTIyJTIwJTJGJTNFJTBBJTNDJTJGZGl2JTNF[\/vc_raw_html][vc_empty_space height=\u00a0\u00bb10px\u00a0\u00bb][vc_column_text]<\/p>\n<p class=\"textealignleft\" style=\"text-align: center;\">Une journ\u00e9e \u00e9poustouflante avec Ti-KATA CARAIBES ! Nous avons \u00e9t\u00e9 transport\u00e9s dans un paradis tropical au c\u0153ur de la Guadeloupe. Une aventure \u00e0 vivre absolument !<\/p>\n<p>[\/vc_column_text][\/vc_column_inner][vc_column_inner el_class=\u00a0\u00bbcoliconesavis\u00a0\u00bb width=\u00a0\u00bb1\/4&Prime;][vc_single_image image=\u00a0\u00bb30&Prime; img_size=\u00a0\u00bbfull\u00a0\u00bb alignment=\u00a0\u00bbright\u00a0\u00bb el_class=\u00a0\u00bbimgquote\u00a0\u00bb][vc_empty_space height=\u00a0\u00bb20px\u00a0\u00bb][vc_column_text el_class=\u00a0\u00bbtextealignleft\u00a0\u00bb]<span class=\"titreh3 textealignleft\">Belle exp\u00e9rience<\/span>[\/vc_column_text][vc_empty_space height=\u00a0\u00bb20px\u00a0\u00bb][vc_raw_html]JTNDZGl2JTIwY2xhc3MlM0QlMjJpbWdzdGFycyUyMiUzRSUwQSUzQ2ltZyUyMHNyYyUzRCUyMiUyRndwLWNvbnRlbnQlMkZ1cGxvYWRzJTJGMjAyNCUyRjA1JTJGc3RhcnMuanBnJTIyJTIwJTJGJTNFJTBBJTNDJTJGZGl2JTNF[\/vc_raw_html][vc_empty_space height=\u00a0\u00bb10px\u00a0\u00bb][vc_column_text]<\/p>\n<p class=\"textealignleft\" style=\"text-align: center;\">Notre excursion avec Ti-KATA CARAIBES a d\u00e9pass\u00e9 toutes nos attentes ! Une journ\u00e9e magique o\u00f9 nous avons explor\u00e9 des paysages extraordinaires et ressenti une v\u00e9ritable connexion avec la nature.<\/p>\n<p>[\/vc_column_text][\/vc_column_inner][vc_column_inner el_class=\u00a0\u00bbcoliconesavis\u00a0\u00bb width=\u00a0\u00bb1\/4&Prime;][vc_single_image image=\u00a0\u00bb30&Prime; img_size=\u00a0\u00bbfull\u00a0\u00bb alignment=\u00a0\u00bbright\u00a0\u00bb el_class=\u00a0\u00bbimgquote\u00a0\u00bb][vc_empty_space height=\u00a0\u00bb20px\u00a0\u00bb][vc_column_text el_class=\u00a0\u00bbtextealignleft\u00a0\u00bb]<span class=\"titreh3 textealignleft\">Moment de bonheur<\/span>[\/vc_column_text][vc_empty_space height=\u00a0\u00bb20px\u00a0\u00bb][vc_raw_html]JTNDZGl2JTIwY2xhc3MlM0QlMjJpbWdzdGFycyUyMiUzRSUwQSUzQ2ltZyUyMHNyYyUzRCUyMiUyRndwLWNvbnRlbnQlMkZ1cGxvYWRzJTJGMjAyNCUyRjA1JTJGc3RhcnMuanBnJTIyJTIwJTJGJTNFJTBBJTNDJTJGZGl2JTNF[\/vc_raw_html][vc_empty_space height=\u00a0\u00bb10px\u00a0\u00bb][vc_column_text]<\/p>\n<p class=\"textealignleft\" style=\"text-align: center;\">Gr\u00e2ce \u00e0 Ti-KATA CARAIBES, nous avons v\u00e9cu une journ\u00e9e de r\u00eave ! L&rsquo;exp\u00e9rience au Lagon du Grand-Cul-de-Sac-Marin \u00e9tait tout simplement incroyable. Nous sommes revenus enchant\u00e9s et remplis de souvenirs inoubliables.<\/p>\n<p>[\/vc_column_text][\/vc_column_inner][vc_column_inner el_class=\u00a0\u00bbcoliconesavis\u00a0\u00bb width=\u00a0\u00bb1\/4&Prime;][vc_single_image image=\u00a0\u00bb30&Prime; img_size=\u00a0\u00bbfull\u00a0\u00bb alignment=\u00a0\u00bbright\u00a0\u00bb el_class=\u00a0\u00bbimgquote\u00a0\u00bb][vc_empty_space height=\u00a0\u00bb20px\u00a0\u00bb][vc_column_text el_class=\u00a0\u00bbtextealignleft\u00a0\u00bb]<span class=\"titreh3 textealignleft\">Super aventure<\/span>[\/vc_column_text][vc_empty_space height=\u00a0\u00bb20px\u00a0\u00bb][vc_raw_html]JTNDZGl2JTIwY2xhc3MlM0QlMjJpbWdzdGFycyUyMiUzRSUwQSUzQ2ltZyUyMHNyYyUzRCUyMiUyRndwLWNvbnRlbnQlMkZ1cGxvYWRzJTJGMjAyNCUyRjA1JTJGc3RhcnMuanBnJTIyJTIwJTJGJTNFJTBBJTNDJTJGZGl2JTNF[\/vc_raw_html][vc_empty_space height=\u00a0\u00bb10px\u00a0\u00bb][vc_column_text]<\/p>\n<p class=\"textealignleft\" style=\"text-align: center;\">Notre journ\u00e9e avec Ti-KATA CARAIBES a \u00e9t\u00e9 absolument fabuleuse ! Nous avons \u00e9t\u00e9 choy\u00e9s par un \u00e9quipage professionnel et avons d\u00e9couvert des tr\u00e9sors cach\u00e9s de la Guadeloupe. Une exp\u00e9rience que nous recommandons vivement !<\/p>\n<p>[\/vc_column_text][\/vc_column_inner][\/vc_row_inner][\/vc_column][\/vc_row][vc_row full_width=\u00a0\u00bbstretch_row\u00a0\u00bb css_animation=\u00a0\u00bbfadeInUp\u00a0\u00bb el_class=\u00a0\u00bbrangeeslide\u00a0\u00bb][vc_column][vc_column_text]<\/p>\n<p style=\"text-align: center;\"><span class=\"titrepagegras\" style=\"text-align: center;\">Naviguez vers l&rsquo;aventure<\/span><\/p>\n<p>[\/vc_column_text][vc_empty_space][vc_column_text]<\/p>\n<p style=\"text-align: center;\"><span class=\"soustitrepagegras\" style=\"text-align: center;\">Embarquez pour une exp\u00e9rience maritime inoubliable en Guadeloupe.\u00a0<\/span><\/p>\n<p>[\/vc_column_text][vc_empty_space][vc_single_image image=\u00a0\u00bb42&Prime; img_size=\u00a0\u00bbfull\u00a0\u00bb alignment=\u00a0\u00bbcenter\u00a0\u00bb onclick=\u00a0\u00bbcustom_link\u00a0\u00bb link=\u00a0\u00bb\/programme\/\u00a0\u00bb][\/vc_column][\/vc_row][vc_row css_animation=\u00a0\u00bbfadeInUp\u00a0\u00bb][vc_column][vc_empty_space height=\u00a0\u00bb90px\u00a0\u00bb][vc_column_text]<\/p>\n<h2 style=\"text-align: center;\">Gallerie<\/h2>\n<p class=\"soustitre\" style=\"text-align: center;\">Explorez notre galerie pour vivre visuellement l&rsquo;essence de nos voyages en bateau en Guadeloupe, capturant la beaut\u00e9 et l&rsquo;aventure \u00e0 chaque instant.<\/p>\n<p>[\/vc_column_text][vc_empty_space height=\u00a0\u00bb40px\u00a0\u00bb][vc_masonry_media_grid style=\u00a0\u00bblazy\u00a0\u00bb items_per_page=\u00a0\u00bb3&Prime; gap=\u00a0\u00bb15&Prime; grid_id=\u00a0\u00bbvc_gid:1715246722033-2f6f3c4a-492f-5&Prime; include=\u00a0\u00bb80,79,78,77,76,75,74,73,72,71,70,69,68,67,66,65,64,63,62,61,60,59,58,57,56,55,54,53,52,51&Prime;][\/vc_column][\/vc_row]<\/p>\n<\/div>","protected":false},"excerpt":{"rendered":"<p>[vc_row gap=\u00a0\u00bb35&Prime; equal_height=\u00a0\u00bbyes\u00a0\u00bb css_animation=\u00a0\u00bbfadeInUp\u00a0\u00bb el_class=\u00a0\u00bbrangeepa rangee1mobile\u00a0\u00bb][vc_column][vc_column_text] Une journ\u00e9e en mer avec Ti-KATA CARAIBES dans le Lagon du Grand-Cul-de-Sac-Marin Embarquez \u00e0 bord pour une journ\u00e9e en petit<span class=\"excerpt-hellip\"> [\u2026]<\/span><\/p>\n","protected":false},"author":1,"featured_media":0,"parent":0,"menu_order":0,"comment_status":"closed","ping_status":"closed","template":"","meta":{"footnotes":""},"class_list":["post-9","page","type-page","status-publish","hentry"],"_links":{"self":[{"href":"https:\/\/atsaero.ma\/tikata\/wp-json\/wp\/v2\/pages\/9","targetHints":{"allow":["GET"]}}],"collection":[{"href":"https:\/\/atsaero.ma\/tikata\/wp-json\/wp\/v2\/pages"}],"about":[{"href":"https:\/\/atsaero.ma\/tikata\/wp-json\/wp\/v2\/types\/page"}],"author":[{"embeddable":true,"href":"https:\/\/atsaero.ma\/tikata\/wp-json\/wp\/v2\/users\/1"}],"replies":[{"embeddable":true,"href":"https:\/\/atsaero.ma\/tikata\/wp-json\/wp\/v2\/comments?post=9"}],"version-history":[{"count":11,"href":"https:\/\/atsaero.ma\/tikata\/wp-json\/wp\/v2\/pages\/9\/revisions"}],"predecessor-version":[{"id":98,"href":"https:\/\/atsaero.ma\/tikata\/wp-json\/wp\/v2\/pages\/9\/revisions\/98"}],"wp:attachment":[{"href":"https:\/\/atsaero.ma\/tikata\/wp-json\/wp\/v2\/media?parent=9"}],"curies":[{"name":"wp","href":"https:\/\/api.w.org\/{rel}","templated":true}]}}