{"id":673,"date":"2024-10-03T22:43:36","date_gmt":"2024-10-03T22:43:36","guid":{"rendered":"https:\/\/atsaero.ma\/lifaaxis\/?page_id=673"},"modified":"2024-10-07T17:20:36","modified_gmt":"2024-10-07T17:20:36","slug":"service-transit","status":"publish","type":"page","link":"https:\/\/atsaero.ma\/lifaaxis\/service-transit\/","title":{"rendered":"Service transit"},"content":{"rendered":"<div class=\"wpb-content-wrapper\"><p>[vc_row full_width=\u00a0\u00bbstretch_row\u00a0\u00bb el_class=\u00a0\u00bbparangee1 parangeepad\u00a0\u00bb][vc_column][vc_column_text el_class=\u00a0\u00bbgrandtitreh2&Prime;]<\/p>\n<h1 style=\"text-align: center;\">Service Transit : Votre Partenaire Logistique de Confiance au Maroc<\/h1>\n<p>[\/vc_column_text][vc_column_text el_class=\u00a0\u00bbtextegrandtitreslider\u00a0\u00bb]<\/p>\n<p style=\"text-align: center;\">Le service transit est une composante essentielle du commerce international. Chez Lifa Axis, nous accompagnons les entreprises marocaines et internationales dans le transport de leurs marchandises \u00e0 travers le monde, en assurant une gestion fluide des op\u00e9rations douani\u00e8res et logistiques. Gr\u00e2ce \u00e0 notre expertise, nous garantissons des processus optimis\u00e9s, du d\u00e9part \u00e0 l&rsquo;arriv\u00e9e, en conformit\u00e9 avec les r\u00e9glementations en vigueur.<\/p>\n<p>[\/vc_column_text][vc_single_image image=\u00a0\u00bb142&Prime; img_size=\u00a0\u00bbfull\u00a0\u00bb alignment=\u00a0\u00bbcenter\u00a0\u00bb onclick=\u00a0\u00bbcustom_link\u00a0\u00bb link=\u00a0\u00bbhttps:\/\/atsaero.ma\/lifaaxis\/demander-un-devis\/\u00a0\u00bb][\/vc_column][\/vc_row][vc_row full_width=\u00a0\u00bbstretch_row\u00a0\u00bb gap=\u00a0\u00bb35&Prime; css=\u00a0\u00bb.vc_custom_1728322293179{background-color: #204957 !important;}\u00a0\u00bb el_class=\u00a0\u00bbparangeepad bgbleuavecbateau\u00a0\u00bb][vc_column el_class=\u00a0\u00bbmrgbottombleu\u00a0\u00bb][vc_column_text el_class=\u00a0\u00bbgrandtitreh2&Prime;]<\/p>\n<h2 class=\"white\" style=\"text-align: left;\">Nos Services de Transit<\/h2>\n<p>[\/vc_column_text][vc_column_text el_class=\u00a0\u00bbtextwhitecheck\u00a0\u00bb]<\/p>\n<div class=\"white textwhitecheck\">Nous proposons une gamme compl\u00e8te de services pour faciliter la gestion de transit de vos marchandises. Que vous importiez ou exportiez, nous mettons \u00e0 votre disposition des solutions sur mesure adapt\u00e9es \u00e0 vos besoins sp\u00e9cifiques.<\/div>\n<p>[\/vc_column_text][vc_column_text el_class=\u00a0\u00bbtitlewhitecheck\u00a0\u00bb]<\/p>\n<h3 class=\"white titrewhitecheck\"><i class=\"fas fa-check-circle\" aria-hidden=\"true\"><\/i> \u00a0\u00a0 Gestion de Transit International<\/h3>\n<p>[\/vc_column_text][vc_column_text el_class=\u00a0\u00bbtextwhitecheck\u00a0\u00bb]<\/p>\n<div class=\"white textwhitecheck\">\n<p>Nous assurons le suivi complet de vos marchandises, de leur lieu d\u2019origine jusqu\u2019\u00e0 leur destination finale. Nos services incluent :<\/p>\n<ul>\n<li>Planification et gestion logistique : Nous coordonnons le transport par voie maritime, a\u00e9rienne, et terrestre.<\/li>\n<li>D\u00e9douanement rapide et transparent : Nous prenons en charge toutes les formalit\u00e9s administratives et vous assurons un suivi personnalis\u00e9 tout au long du processus.<\/li>\n<li>Optimisation des co\u00fbts de transport : Nos partenariats avec des transporteurs internationaux nous permettent de n\u00e9gocier les meilleurs tarifs pour nos clients.<\/li>\n<\/ul>\n<\/div>\n<p>[\/vc_column_text][vc_column_text el_class=\u00a0\u00bbtitlewhitecheck\u00a0\u00bb]<\/p>\n<h3 class=\"white titrewhitecheck\"><i class=\"fas fa-check-circle\" aria-hidden=\"true\"><\/i> \u00a0\u00a0 Conformit\u00e9 Douani\u00e8re et R\u00e9glementaire<\/h3>\n<p>[\/vc_column_text][vc_column_text el_class=\u00a0\u00bbtextwhitecheck\u00a0\u00bb]<\/p>\n<div class=\"white textwhitecheck\">\n<p>Le respect des r\u00e9glementations douani\u00e8res est une priorit\u00e9 pour nous. Nos \u00e9quipes sont form\u00e9es pour vous accompagner dans :<\/p>\n<ul>\n<li>Le respect des normes douani\u00e8res : Que ce soit pour des produits n\u00e9cessitant des certificats sp\u00e9cifiques (ONSSA, ANRT, MCIA), nous veillons \u00e0 ce que toutes vos marchandises soient conformes aux r\u00e9glementations locales et internationales.<\/li>\n<li>La gestion des documents douaniers : Nous vous assistons dans la pr\u00e9paration et le d\u00e9p\u00f4t des documents n\u00e9cessaires pour \u00e9viter tout retard ou probl\u00e8me \u00e0 la fronti\u00e8re.<\/li>\n<\/ul>\n<\/div>\n<p>[\/vc_column_text][vc_column_text el_class=\u00a0\u00bbtitlewhitecheck\u00a0\u00bb]<\/p>\n<h3 class=\"white titrewhitecheck\"><i class=\"fas fa-check-circle\" aria-hidden=\"true\"><\/i> \u00a0\u00a0 Services Personnalis\u00e9s de Transit<\/h3>\n<p>[\/vc_column_text][vc_column_text el_class=\u00a0\u00bbtextwhitecheck\u00a0\u00bb]<\/p>\n<div class=\"white textwhitecheck\">\n<p>Chez Lifa Axis, nous croyons que chaque entreprise est unique. C&rsquo;est pourquoi nous adaptons nos solutions pour r\u00e9pondre \u00e0 vos besoins sp\u00e9cifiques :<\/p>\n<ul>\n<li>Accompagnement complet pour vos op\u00e9rations d&rsquo;import\/export : De la gestion du fret \u00e0 la v\u00e9rification de la marchandise, nous vous aidons \u00e0 chaque \u00e9tape du processus.<\/li>\n<li>Suivi personnalis\u00e9 et feedback r\u00e9gulier : Nous vous tenons inform\u00e9 en temps r\u00e9el de l\u2019\u00e9tat de vos exp\u00e9ditions et vous offrons un support d\u00e9di\u00e9 pour r\u00e9pondre \u00e0 toutes vos questions.<\/li>\n<\/ul>\n<\/div>\n<p>[\/vc_column_text][\/vc_column][\/vc_row][vc_row full_width=\u00a0\u00bbstretch_row\u00a0\u00bb gap=\u00a0\u00bb35&Prime; equal_height=\u00a0\u00bbyes\u00a0\u00bb content_placement=\u00a0\u00bbmiddle\u00a0\u00bb el_class=\u00a0\u00bbparangeepad bgpictoavion mrgrangeetopforimage\u00a0\u00bb][vc_column width=\u00a0\u00bb1\/2&Prime; el_class=\u00a0\u00bbmrgtop22&Prime;][vc_column_text el_class=\u00a0\u00bbgrandtitreh2&Prime;]<\/p>\n<h2 style=\"text-align: left;\">Pourquoi Choisir Lifa Axis pour Votre Transit ?<\/h2>\n<p>[\/vc_column_text][vc_column_text el_class=\u00a0\u00bbtitlewhitecheck\u00a0\u00bb]<\/p>\n<h3 class=\"titrewhitecheck\"><i class=\"fas fa-check-circle\" aria-hidden=\"true\"><\/i> \u00a0\u00a0 Expertise et Fiabilit\u00e9<\/h3>\n<p>[\/vc_column_text][vc_column_text el_class=\u00a0\u00bbtextwhitecheck\u00a0\u00bb]<\/p>\n<div class=\"textwhitecheck\">\n<p>Avec des ann\u00e9es d\u2019exp\u00e9rience dans le secteur du transit au Maroc, Lifa Axis a acquis une expertise qui permet de g\u00e9rer efficacement toutes les op\u00e9rations li\u00e9es au transit, m\u00eame les plus complexes. Nos clients b\u00e9n\u00e9ficient de :<\/p>\n<ul>\n<li>Une prise en charge rapide et efficace.<\/li>\n<li>Une transparence totale dans nos services.<\/li>\n<li>Une ma\u00eetrise des co\u00fbts et des d\u00e9lais de livraison.<\/li>\n<\/ul>\n<\/div>\n<p>[\/vc_column_text][vc_column_text el_class=\u00a0\u00bbtitlewhitecheck\u00a0\u00bb]<\/p>\n<h3 class=\"titrewhitecheck\"><i class=\"fas fa-check-circle\" aria-hidden=\"true\"><\/i> \u00a0\u00a0 Nos Partenaires de Confiance<\/h3>\n<p>[\/vc_column_text][vc_column_text el_class=\u00a0\u00bbtextwhitecheck\u00a0\u00bb]<\/p>\n<div class=\"textwhitecheck\">\n<p>Nous collaborons avec des partenaires internationaux de premier plan pour garantir que vos marchandises arrivent en toute s\u00e9curit\u00e9 \u00e0 leur destination. Parmi nos partenaires figurent UPS, DHL, et d&rsquo;autres leaders du transport international.<\/p>\n<\/div>\n<p>[\/vc_column_text][vc_single_image image=\u00a0\u00bb142&Prime; img_size=\u00a0\u00bbfull\u00a0\u00bb onclick=\u00a0\u00bbcustom_link\u00a0\u00bb link=\u00a0\u00bbhttps:\/\/atsaero.ma\/lifaaxis\/demander-un-devis\/\u00a0\u00bb][\/vc_column][vc_column width=\u00a0\u00bb1\/2&Prime;][vc_single_image image=\u00a0\u00bb700&Prime; img_size=\u00a0\u00bbfull\u00a0\u00bb alignment=\u00a0\u00bbcenter\u00a0\u00bb][\/vc_column][\/vc_row][vc_row full_width=\u00a0\u00bbstretch_row\u00a0\u00bb gap=\u00a0\u00bb35&Prime; css=\u00a0\u00bb.vc_custom_1724365139290{background-color: #204957 !important;}\u00a0\u00bb el_class=\u00a0\u00bbparangeepad\u00a0\u00bb][vc_column][vc_column_text el_class=\u00a0\u00bbgrandtitreh2&Prime;]<\/p>\n<h2 class=\"white mrgbottomh2\" style=\"text-align: center;\">Demandez un Devis pour Votre Service de Transit<\/h2>\n<p>[\/vc_column_text][vc_column_text el_class=\u00a0\u00bbtextegrandtitreslider white\u00a0\u00bb]<\/p>\n<p style=\"text-align: center;\">Besoin d\u2019une solution adapt\u00e9e pour le transit de vos marchandises ? Contactez Lifa Axis d\u00e8s maintenant pour obtenir un devis personnalis\u00e9 et d\u00e9couvrir comment nous pouvons vous accompagner dans vos op\u00e9rations d\u2019import-export.<\/p>\n<p>[\/vc_column_text][vc_empty_space height=\u00a0\u00bb90px\u00a0\u00bb el_class=\u00a0\u00bbdspmobilenone2&Prime;][vc_empty_space height=\u00a0\u00bb10px\u00a0\u00bb][\/vc_column][\/vc_row][vc_row el_class=\u00a0\u00bbrangeepaphoto\u00a0\u00bb][vc_column width=\u00a0\u00bb1\/12&Prime;][\/vc_column][vc_column width=\u00a0\u00bb10\/12&Prime;][vc_single_image image=\u00a0\u00bb701&Prime; img_size=\u00a0\u00bbfull\u00a0\u00bb alignment=\u00a0\u00bbcenter\u00a0\u00bb][\/vc_column][vc_column width=\u00a0\u00bb1\/12&Prime;][\/vc_column][\/vc_row][vc_row full_width=\u00a0\u00bbstretch_row\u00a0\u00bb gap=\u00a0\u00bb35&Prime; disable_element=\u00a0\u00bbyes\u00a0\u00bb el_class=\u00a0\u00bbparangeepad\u00a0\u00bb][vc_column][vc_column_text el_class=\u00a0\u00bbgrandtitreh2&Prime;]<\/p>\n<h2 class=\"mrgbottomh2\" style=\"text-align: center;\">Simplifiez vos Exp\u00e9ditions Maritimes avec Efficacit\u00e9<\/h2>\n<p>[\/vc_column_text][vc_column_text el_class=\u00a0\u00bbtextegrandtitreslider\u00a0\u00bb]<\/p>\n<p style=\"text-align: center;\">Le transport maritime international peut \u00eatre complexe en raison des exigences documentaires, des r\u00e9glementations, des co\u00fbts et de la logistique. Avec Lifa Axis, nous simplifions ce processus pour vous, en \u00e9liminant le stress et en assurant votre satisfaction.<\/p>\n<p style=\"text-align: center;\">Gr\u00e2ce \u00e0 notre vaste exp\u00e9rience en fret maritime et \u00e0 notre service client\u00e8le de premier ordre, nous sommes pleinement capables de r\u00e9pondre \u00e0 toutes vos attentes en mati\u00e8re de transport maritime.<\/p>\n<p>[\/vc_column_text][\/vc_column][\/vc_row][vc_row full_width=\u00a0\u00bbstretch_row\u00a0\u00bb gap=\u00a0\u00bb35&Prime; equal_height=\u00a0\u00bbyes\u00a0\u00bb content_placement=\u00a0\u00bbmiddle\u00a0\u00bb disable_element=\u00a0\u00bbyes\u00a0\u00bb css=\u00a0\u00bb.vc_custom_1724429972061{background-color: #204957 !important;}\u00a0\u00bb el_class=\u00a0\u00bbparangeepad bgblueworld padzerobottom\u00a0\u00bb][vc_column width=\u00a0\u00bb1\/2&Prime;][vc_column_text el_class=\u00a0\u00bbgrandtitreh2&Prime;]<\/p>\n<h2 class=\"white\" style=\"text-align: left;\">Une Expertise dans tous les Domaines<\/h2>\n<p>[\/vc_column_text][vc_column_text el_class=\u00a0\u00bbtextegrandtitreslider white\u00a0\u00bb]<\/p>\n<p style=\"text-align: left;\">Lorem ipsum dolor sit amet, consectetur adipiscing elit. Suspendisse gravida aliquam ligula, id laoreet ipsum faucibus id. Nullam pulvinar tortor et purus tincidunt, id molestie nisi suscipit. Maecenas sit amet felis nunc. Nulla porta cursus orci, sed commodo ex congue nec. Suspendisse non blandit neque. Nullam ut arcu vel neque viverra mattis.<\/p>\n<p>[\/vc_column_text][vc_single_image image=\u00a0\u00bb142&Prime; img_size=\u00a0\u00bbfull\u00a0\u00bb][\/vc_column][vc_column width=\u00a0\u00bb1\/2&Prime;][vc_single_image image=\u00a0\u00bb256&Prime; img_size=\u00a0\u00bbfull\u00a0\u00bb alignment=\u00a0\u00bbcenter\u00a0\u00bb el_class=\u00a0\u00bbimgrangeebleumrg\u00a0\u00bb][\/vc_column][\/vc_row][vc_row full_width=\u00a0\u00bbstretch_row\u00a0\u00bb gap=\u00a0\u00bb35&Prime; equal_height=\u00a0\u00bbyes\u00a0\u00bb content_placement=\u00a0\u00bbmiddle\u00a0\u00bb disable_element=\u00a0\u00bbyes\u00a0\u00bb el_class=\u00a0\u00bbparangeepad bgblancpa\u00a0\u00bb][vc_column width=\u00a0\u00bb1\/2&Prime; el_class=\u00a0\u00bbmrgphotorangeebottom\u00a0\u00bb][vc_single_image image=\u00a0\u00bb265&Prime; img_size=\u00a0\u00bbfull\u00a0\u00bb alignment=\u00a0\u00bbcenter\u00a0\u00bb][\/vc_column][vc_column width=\u00a0\u00bb1\/2&Prime;][vc_column_text el_class=\u00a0\u00bbgrandtitreh2&Prime;]<\/p>\n<h2 style=\"text-align: left;\">Une Expertise dans tous les Domaines<\/h2>\n<p>[\/vc_column_text][vc_column_text el_class=\u00a0\u00bbtextegrandtitreslider\u00a0\u00bb]<\/p>\n<p style=\"text-align: left;\">Lorem ipsum dolor sit amet, consectetur adipiscing elit. Suspendisse gravida aliquam ligula, id laoreet ipsum faucibus id. Nullam pulvinar tortor et purus tincidunt, id molestie nisi suscipit. Maecenas sit amet felis nunc. Nulla porta cursus orci, sed commodo ex congue nec. Suspendisse non blandit neque. Nullam ut arcu vel neque viverra mattis.<\/p>\n<p>[\/vc_column_text][vc_single_image image=\u00a0\u00bb142&Prime; img_size=\u00a0\u00bbfull\u00a0\u00bb][\/vc_column][\/vc_row][vc_row equal_height=\u00a0\u00bbyes\u00a0\u00bb content_placement=\u00a0\u00bbmiddle\u00a0\u00bb el_class=\u00a0\u00bbcadrecallnow dspnonemobile2&Prime;][vc_column width=\u00a0\u00bb2\/4&Prime;][vc_empty_space height=\u00a0\u00bb10px\u00a0\u00bb][vc_column_text el_class=\u00a0\u00bbtextegrandtitreslider white\u00a0\u00bb]<\/p>\n<p class=\"titrebarrefooter\" style=\"text-align: center;\">Besoin d&rsquo;Informations ou d&rsquo;un Devis d&rsquo;Urgence !<\/p>\n<p>[\/vc_column_text][vc_column_text el_class=\u00a0\u00bbtextegrandtitreslider white\u00a0\u00bb]<\/p>\n<p class=\"textebarrefooter\" style=\"text-align: center;\">Quel que soit votre Secteur d&rsquo;Activit\u00e9 ou la taille de votre Entreprise ou Business. <strong>lifaaxis.com<\/strong> peut vous aider. Nous avons des \u00e9quipes d&rsquo;experts qui se consacrent \u00e0 nos clients comme vous.<\/p>\n<p>[\/vc_column_text][\/vc_column][vc_column width=\u00a0\u00bb1\/4&Prime;][vc_single_image image=\u00a0\u00bb271&Prime; img_size=\u00a0\u00bbfull\u00a0\u00bb el_class=\u00a0\u00bbphotocadrecall\u00a0\u00bb][\/vc_column][vc_column width=\u00a0\u00bb1\/4&Prime;][vc_empty_space height=\u00a0\u00bb10px\u00a0\u00bb][vc_btn title=\u00a0\u00bb06 60 93 75 20&Prime; style=\u00a0\u00bbcustom\u00a0\u00bb custom_background=\u00a0\u00bb#ffffff\u00a0\u00bb custom_text=\u00a0\u00bb#204957&Prime; align=\u00a0\u00bbcenter\u00a0\u00bb i_icon_fontawesome=\u00a0\u00bbfas fa-phone-alt\u00a0\u00bb add_icon=\u00a0\u00bbtrue\u00a0\u00bb link=\u00a0\u00bburl:tel%3A0660937520&Prime; el_class=\u00a0\u00bbbtnbanner\u00a0\u00bb][\/vc_column][\/vc_row][vc_row el_class=\u00a0\u00bbdspnonedesktop2 bannermobilecta\u00a0\u00bb][vc_column][vc_empty_space height=\u00a0\u00bb20px\u00a0\u00bb][vc_column_text el_class=\u00a0\u00bbtextegrandtitreslider white\u00a0\u00bb]<\/p>\n<p class=\"titrebarrefooter\" style=\"text-align: center;\">Besoin d&rsquo;Informations ou d&rsquo;un Devis d&rsquo;Urgence !<\/p>\n<p>[\/vc_column_text][vc_column_text el_class=\u00a0\u00bbtextegrandtitreslider white\u00a0\u00bb]<\/p>\n<p class=\"textebarrefooter\" style=\"text-align: center;\">Quel que soit votre Secteur d&rsquo;Activit\u00e9 ou la taille de votre Entreprise ou Business. <strong>lifaaxis.com<\/strong> peut vous aider. Nous avons des \u00e9quipes d&rsquo;experts qui se consacrent \u00e0 nos clients comme vous.<\/p>\n<p>[\/vc_column_text][vc_btn title=\u00a0\u00bb06 60 93 75 20&Prime; style=\u00a0\u00bbcustom\u00a0\u00bb custom_background=\u00a0\u00bb#ffffff\u00a0\u00bb custom_text=\u00a0\u00bb#204957&Prime; align=\u00a0\u00bbcenter\u00a0\u00bb i_icon_fontawesome=\u00a0\u00bbfas fa-phone-alt\u00a0\u00bb add_icon=\u00a0\u00bbtrue\u00a0\u00bb link=\u00a0\u00bburl:tel%3A0660937520&Prime; el_class=\u00a0\u00bbbtnbannermobile\u00a0\u00bb][\/vc_column][\/vc_row]<\/p>\n<\/div>","protected":false},"excerpt":{"rendered":"<p>[vc_row full_width=\u00a0\u00bbstretch_row\u00a0\u00bb el_class=\u00a0\u00bbparangee1 parangeepad\u00a0\u00bb][vc_column][vc_column_text el_class=\u00a0\u00bbgrandtitreh2&Prime;] Service Transit : Votre Partenaire Logistique de Confiance au Maroc [\/vc_column_text][vc_column_text el_class=\u00a0\u00bbtextegrandtitreslider\u00a0\u00bb] Le service transit est une composante essentielle du commerce<span class=\"excerpt-hellip\"> [\u2026]<\/span><\/p>\n","protected":false},"author":1,"featured_media":0,"parent":0,"menu_order":0,"comment_status":"closed","ping_status":"closed","template":"","meta":{"footnotes":""},"class_list":["post-673","page","type-page","status-publish","hentry"],"_links":{"self":[{"href":"https:\/\/atsaero.ma\/lifaaxis\/wp-json\/wp\/v2\/pages\/673","targetHints":{"allow":["GET"]}}],"collection":[{"href":"https:\/\/atsaero.ma\/lifaaxis\/wp-json\/wp\/v2\/pages"}],"about":[{"href":"https:\/\/atsaero.ma\/lifaaxis\/wp-json\/wp\/v2\/types\/page"}],"author":[{"embeddable":true,"href":"https:\/\/atsaero.ma\/lifaaxis\/wp-json\/wp\/v2\/users\/1"}],"replies":[{"embeddable":true,"href":"https:\/\/atsaero.ma\/lifaaxis\/wp-json\/wp\/v2\/comments?post=673"}],"version-history":[{"count":10,"href":"https:\/\/atsaero.ma\/lifaaxis\/wp-json\/wp\/v2\/pages\/673\/revisions"}],"predecessor-version":[{"id":703,"href":"https:\/\/atsaero.ma\/lifaaxis\/wp-json\/wp\/v2\/pages\/673\/revisions\/703"}],"wp:attachment":[{"href":"https:\/\/atsaero.ma\/lifaaxis\/wp-json\/wp\/v2\/media?parent=673"}],"curies":[{"name":"wp","href":"https:\/\/api.w.org\/{rel}","templated":true}]}}