{"id":542,"date":"2024-09-07T16:52:01","date_gmt":"2024-09-07T16:52:01","guid":{"rendered":"https:\/\/atsaero.ma\/lifaaxis\/?page_id=542"},"modified":"2024-10-06T16:46:35","modified_gmt":"2024-10-06T16:46:35","slug":"ddp-togo","status":"publish","type":"page","link":"https:\/\/atsaero.ma\/lifaaxis\/ddp-togo\/","title":{"rendered":"DDP TOGO"},"content":{"rendered":"<div class=\"wpb-content-wrapper\"><p>[vc_row full_width=\u00a0\u00bbstretch_row\u00a0\u00bb el_class=\u00a0\u00bbparangee1 parangeepad\u00a0\u00bb][vc_column][vc_column_text el_class=\u00a0\u00bbgrandtitreh2&Prime;]<\/p>\n<h1 style=\"text-align: center;\">DDP Togo \u2013 Facilitez vos Importations avec Delivered Duty Paid<\/h1>\n<p>[\/vc_column_text][vc_column_text el_class=\u00a0\u00bbtextegrandtitreslider\u00a0\u00bb]<\/p>\n<p style=\"text-align: center;\">L&rsquo;incoterm DDP (Delivered Duty Paid) est une solution compl\u00e8te pour les entreprises qui importent des marchandises au Togo. Avec ce service, le vendeur prend en charge toutes les \u00e9tapes du processus d&rsquo;importation, y compris les formalit\u00e9s douani\u00e8res et fiscales, jusqu&rsquo;\u00e0 la livraison finale. Chez Lifa Axis, nous nous engageons \u00e0 vous offrir un service DDP fiable et efficace pour simplifier vos importations depuis la Chine jusqu&rsquo;au Togo.<\/p>\n<p>[\/vc_column_text][vc_single_image image=\u00a0\u00bb142&Prime; img_size=\u00a0\u00bbfull\u00a0\u00bb alignment=\u00a0\u00bbcenter\u00a0\u00bb onclick=\u00a0\u00bbcustom_link\u00a0\u00bb link=\u00a0\u00bbhttps:\/\/atsaero.ma\/lifaaxis\/demander-un-devis\/\u00a0\u00bb][\/vc_column][\/vc_row][vc_row full_width=\u00a0\u00bbstretch_row\u00a0\u00bb gap=\u00a0\u00bb35&Prime; css=\u00a0\u00bb.vc_custom_1724365139290{background-color: #204957 !important;}\u00a0\u00bb el_class=\u00a0\u00bbparangeepad\u00a0\u00bb][vc_column][vc_column_text el_class=\u00a0\u00bbgrandtitreh2&Prime;]<\/p>\n<h2 class=\"white mrgbottomh2\" style=\"text-align: center;\">Qu&rsquo;est-ce que l&rsquo;incoterm DDP pour le Togo ?<\/h2>\n<p>[\/vc_column_text][vc_column_text el_class=\u00a0\u00bbtextegrandtitreslider white\u00a0\u00bb]<\/p>\n<p style=\"text-align: center;\">Le DDP est un incoterm qui place l&rsquo;enti\u00e8re responsabilit\u00e9 sur le vendeur, de la prise en charge des marchandises en Chine jusqu&rsquo;\u00e0 leur livraison au Togo. Cela comprend non seulement le transport, mais aussi le paiement des droits de douane, des taxes et le d\u00e9douanement. En choisissant l\u2019incoterm DDP, vous vous d\u00e9chargez de la gestion des formalit\u00e9s administratives complexes, et vous recevez vos marchandises directement sans avoir \u00e0 vous soucier des proc\u00e9dures d&rsquo;importation.<\/p>\n<p>[\/vc_column_text][vc_empty_space height=\u00a0\u00bb90px\u00a0\u00bb el_class=\u00a0\u00bbdspmobilenone2&Prime;][vc_empty_space height=\u00a0\u00bb10px\u00a0\u00bb][\/vc_column][\/vc_row][vc_row el_class=\u00a0\u00bbrangeepaphoto\u00a0\u00bb][vc_column width=\u00a0\u00bb1\/12&Prime;][\/vc_column][vc_column width=\u00a0\u00bb10\/12&Prime;][vc_single_image image=\u00a0\u00bb691&Prime; img_size=\u00a0\u00bbfull\u00a0\u00bb alignment=\u00a0\u00bbcenter\u00a0\u00bb][\/vc_column][vc_column width=\u00a0\u00bb1\/12&Prime;][\/vc_column][\/vc_row][vc_row full_width=\u00a0\u00bbstretch_row\u00a0\u00bb gap=\u00a0\u00bb35&Prime; equal_height=\u00a0\u00bbyes\u00a0\u00bb content_placement=\u00a0\u00bbmiddle\u00a0\u00bb el_class=\u00a0\u00bbparangeepad bgpictoavion mrgrangeetopforimage\u00a0\u00bb][vc_column width=\u00a0\u00bb1\/2&Prime;][vc_column_text el_class=\u00a0\u00bbgrandtitreh2&Prime;]<\/p>\n<h2 style=\"text-align: left;\">Les avantages du DDP pour vos importations au Togo<\/h2>\n<p>[\/vc_column_text][vc_column_text el_class=\u00a0\u00bbtextegrandtitreslider\u00a0\u00bb]<\/p>\n<p style=\"text-align: left;\">Opter pour l\u2019incoterm DDP pr\u00e9sente plusieurs avantages pour les entreprises togolaises. Le vendeur s\u2019occupe de toute la logistique, y compris les taxes et le d\u00e9douanement, vous permettant de recevoir vos marchandises pr\u00eates \u00e0 l&#8217;emploi. Vous b\u00e9n\u00e9ficiez d\u2019une plus grande transparence des co\u00fbts, ce qui vous permet de mieux planifier votre budget. De plus, vous r\u00e9duisez les risques li\u00e9s aux erreurs de d\u00e9douanement ou aux retards de livraison.<\/p>\n<p>[\/vc_column_text][vc_single_image image=\u00a0\u00bb142&Prime; img_size=\u00a0\u00bbfull\u00a0\u00bb onclick=\u00a0\u00bbcustom_link\u00a0\u00bb link=\u00a0\u00bbhttps:\/\/atsaero.ma\/lifaaxis\/demander-un-devis\/\u00a0\u00bb][\/vc_column][vc_column width=\u00a0\u00bb1\/2&Prime;][vc_single_image image=\u00a0\u00bb689&Prime; img_size=\u00a0\u00bbfull\u00a0\u00bb alignment=\u00a0\u00bbcenter\u00a0\u00bb][\/vc_column][vc_column][\/vc_column][\/vc_row][vc_row full_width=\u00a0\u00bbstretch_row\u00a0\u00bb gap=\u00a0\u00bb35&Prime; css=\u00a0\u00bb.vc_custom_1724428180902{background-color: #204957 !important;}\u00a0\u00bb el_class=\u00a0\u00bbparangeepad bgbleuavecbateau\u00a0\u00bb][vc_column width=\u00a0\u00bb1\/4&Prime; el_class=\u00a0\u00bbdspnonemobile2&Prime;][\/vc_column][vc_column width=\u00a0\u00bb3\/4&Prime;][vc_column_text el_class=\u00a0\u00bbgrandtitreh2&Prime;]<\/p>\n<h2 class=\"white\" style=\"text-align: left;\">Comment fonctionne le DDP pour vos exp\u00e9ditions au Togo<\/h2>\n<p>[\/vc_column_text][vc_column_text el_class=\u00a0\u00bbtextegrandtitreslider white\u00a0\u00bb]<\/p>\n<p style=\"text-align: left;\">Le processus DDP commence lorsque votre fournisseur exp\u00e9die les marchandises depuis la Chine. Il prend en charge toutes les d\u00e9marches, du transport \u00e0 la gestion des formalit\u00e9s douani\u00e8res au Togo. Vous n&rsquo;avez aucune responsabilit\u00e9 \u00e0 assumer pour l&rsquo;importation des produits. Une fois les marchandises arriv\u00e9es au Togo, elles vous sont livr\u00e9es sans avoir \u00e0 g\u00e9rer le moindre d\u00e9tail logistique, vous permettant de vous concentrer sur votre activit\u00e9 principale.<\/p>\n<p>[\/vc_column_text][vc_single_image image=\u00a0\u00bb142&Prime; img_size=\u00a0\u00bbfull\u00a0\u00bb onclick=\u00a0\u00bbcustom_link\u00a0\u00bb link=\u00a0\u00bbhttps:\/\/atsaero.ma\/lifaaxis\/demander-un-devis\/\u00a0\u00bb][\/vc_column][\/vc_row][vc_row full_width=\u00a0\u00bbstretch_row\u00a0\u00bb gap=\u00a0\u00bb35&Prime; el_class=\u00a0\u00bbparangeepad\u00a0\u00bb][vc_column][vc_column_text el_class=\u00a0\u00bbgrandtitreh2&Prime;]<\/p>\n<h2 class=\"mrgbottomh2\" style=\"text-align: center;\">Pourquoi choisir Lifa Axis pour vos importations DDP au Togo ?<\/h2>\n<p>[\/vc_column_text][vc_column_text el_class=\u00a0\u00bbtextegrandtitreslider\u00a0\u00bb]<\/p>\n<p style=\"text-align: center;\">Lifa Axis est le partenaire id\u00e9al pour vos importations en DDP vers le Togo. Nous nous engageons \u00e0 fournir un service de qualit\u00e9, en vous assurant un suivi complet de vos exp\u00e9ditions, depuis la Chine jusqu&rsquo;\u00e0 leur arriv\u00e9e au Togo. Gr\u00e2ce \u00e0 notre expertise en logistique, en transport et en d\u00e9douanement, nous veillons \u00e0 ce que vos marchandises arrivent \u00e0 destination en temps voulu, tout en respectant les r\u00e9glementations locales. Faire appel \u00e0 Lifa Axis, c&rsquo;est choisir la tranquillit\u00e9 d&rsquo;esprit et une gestion simplifi\u00e9e de vos importations.<\/p>\n<p>[\/vc_column_text][\/vc_column][\/vc_row][vc_row full_width=\u00a0\u00bbstretch_row\u00a0\u00bb gap=\u00a0\u00bb35&Prime; equal_height=\u00a0\u00bbyes\u00a0\u00bb content_placement=\u00a0\u00bbmiddle\u00a0\u00bb disable_element=\u00a0\u00bbyes\u00a0\u00bb css=\u00a0\u00bb.vc_custom_1724429972061{background-color: #204957 !important;}\u00a0\u00bb el_class=\u00a0\u00bbparangeepad bgblueworld padzerobottom\u00a0\u00bb][vc_column width=\u00a0\u00bb1\/2&Prime;][vc_column_text el_class=\u00a0\u00bbgrandtitreh2&Prime;]<\/p>\n<h2 class=\"white\" style=\"text-align: left;\">Une Expertise dans tous les Domaines<\/h2>\n<p>[\/vc_column_text][vc_column_text el_class=\u00a0\u00bbtextegrandtitreslider white\u00a0\u00bb]<\/p>\n<p style=\"text-align: left;\">Lorem ipsum dolor sit amet, consectetur adipiscing elit. Suspendisse gravida aliquam ligula, id laoreet ipsum faucibus id. Nullam pulvinar tortor et purus tincidunt, id molestie nisi suscipit. Maecenas sit amet felis nunc. Nulla porta cursus orci, sed commodo ex congue nec. Suspendisse non blandit neque. Nullam ut arcu vel neque viverra mattis.<\/p>\n<p>[\/vc_column_text][vc_single_image image=\u00a0\u00bb142&Prime; img_size=\u00a0\u00bbfull\u00a0\u00bb][\/vc_column][vc_column width=\u00a0\u00bb1\/2&Prime;][vc_single_image image=\u00a0\u00bb256&Prime; img_size=\u00a0\u00bbfull\u00a0\u00bb alignment=\u00a0\u00bbcenter\u00a0\u00bb el_class=\u00a0\u00bbimgrangeebleumrg\u00a0\u00bb][\/vc_column][\/vc_row][vc_row full_width=\u00a0\u00bbstretch_row\u00a0\u00bb gap=\u00a0\u00bb35&Prime; equal_height=\u00a0\u00bbyes\u00a0\u00bb content_placement=\u00a0\u00bbmiddle\u00a0\u00bb disable_element=\u00a0\u00bbyes\u00a0\u00bb el_class=\u00a0\u00bbparangeepad bgblancpa\u00a0\u00bb][vc_column width=\u00a0\u00bb1\/2&Prime; el_class=\u00a0\u00bbmrgphotorangeebottom\u00a0\u00bb][vc_single_image image=\u00a0\u00bb265&Prime; img_size=\u00a0\u00bbfull\u00a0\u00bb alignment=\u00a0\u00bbcenter\u00a0\u00bb][\/vc_column][vc_column width=\u00a0\u00bb1\/2&Prime;][vc_column_text el_class=\u00a0\u00bbgrandtitreh2&Prime;]<\/p>\n<h2 style=\"text-align: left;\">Une Expertise dans tous les Domaines<\/h2>\n<p>[\/vc_column_text][vc_column_text el_class=\u00a0\u00bbtextegrandtitreslider\u00a0\u00bb]<\/p>\n<p style=\"text-align: left;\">Lorem ipsum dolor sit amet, consectetur adipiscing elit. Suspendisse gravida aliquam ligula, id laoreet ipsum faucibus id. Nullam pulvinar tortor et purus tincidunt, id molestie nisi suscipit. Maecenas sit amet felis nunc. Nulla porta cursus orci, sed commodo ex congue nec. Suspendisse non blandit neque. Nullam ut arcu vel neque viverra mattis.<\/p>\n<p>[\/vc_column_text][vc_single_image image=\u00a0\u00bb142&Prime; img_size=\u00a0\u00bbfull\u00a0\u00bb][\/vc_column][\/vc_row][vc_row equal_height=\u00a0\u00bbyes\u00a0\u00bb content_placement=\u00a0\u00bbmiddle\u00a0\u00bb el_class=\u00a0\u00bbcadrecallnow dspnonemobile2&Prime;][vc_column width=\u00a0\u00bb2\/4&Prime;][vc_empty_space height=\u00a0\u00bb10px\u00a0\u00bb][vc_column_text el_class=\u00a0\u00bbtextegrandtitreslider white\u00a0\u00bb]<\/p>\n<p class=\"titrebarrefooter\" style=\"text-align: center;\">Besoin d&rsquo;Informations ou d&rsquo;un Devis d&rsquo;Urgence !<\/p>\n<p>[\/vc_column_text][vc_column_text el_class=\u00a0\u00bbtextegrandtitreslider white\u00a0\u00bb]<\/p>\n<p class=\"textebarrefooter\" style=\"text-align: center;\">Quel que soit votre Secteur d&rsquo;Activit\u00e9 ou la taille de votre Entreprise ou Business. <strong>lifaaxis.com<\/strong> peut vous aider. Nous avons des \u00e9quipes d&rsquo;experts qui se consacrent \u00e0 nos clients comme vous.<\/p>\n<p>[\/vc_column_text][\/vc_column][vc_column width=\u00a0\u00bb1\/4&Prime;][vc_single_image image=\u00a0\u00bb271&Prime; img_size=\u00a0\u00bbfull\u00a0\u00bb el_class=\u00a0\u00bbphotocadrecall\u00a0\u00bb][\/vc_column][vc_column width=\u00a0\u00bb1\/4&Prime;][vc_empty_space height=\u00a0\u00bb10px\u00a0\u00bb][vc_btn title=\u00a0\u00bb06 60 93 75 20&Prime; style=\u00a0\u00bbcustom\u00a0\u00bb custom_background=\u00a0\u00bb#ffffff\u00a0\u00bb custom_text=\u00a0\u00bb#204957&Prime; align=\u00a0\u00bbcenter\u00a0\u00bb i_icon_fontawesome=\u00a0\u00bbfas fa-phone-alt\u00a0\u00bb add_icon=\u00a0\u00bbtrue\u00a0\u00bb link=\u00a0\u00bburl:tel%3A0660937520&Prime; el_class=\u00a0\u00bbbtnbanner\u00a0\u00bb][\/vc_column][\/vc_row][vc_row el_class=\u00a0\u00bbdspnonedesktop2 bannermobilecta\u00a0\u00bb][vc_column][vc_empty_space height=\u00a0\u00bb20px\u00a0\u00bb][vc_column_text el_class=\u00a0\u00bbtextegrandtitreslider white\u00a0\u00bb]<\/p>\n<p class=\"titrebarrefooter\" style=\"text-align: center;\">Besoin d&rsquo;Informations ou d&rsquo;un Devis d&rsquo;Urgence !<\/p>\n<p>[\/vc_column_text][vc_column_text el_class=\u00a0\u00bbtextegrandtitreslider white\u00a0\u00bb]<\/p>\n<p class=\"textebarrefooter\" style=\"text-align: center;\">Quel que soit votre Secteur d&rsquo;Activit\u00e9 ou la taille de votre Entreprise ou Business. <strong>lifaaxis.com<\/strong> peut vous aider. Nous avons des \u00e9quipes d&rsquo;experts qui se consacrent \u00e0 nos clients comme vous.<\/p>\n<p>[\/vc_column_text][vc_btn title=\u00a0\u00bb06 60 93 75 20&Prime; style=\u00a0\u00bbcustom\u00a0\u00bb custom_background=\u00a0\u00bb#ffffff\u00a0\u00bb custom_text=\u00a0\u00bb#204957&Prime; align=\u00a0\u00bbcenter\u00a0\u00bb i_icon_fontawesome=\u00a0\u00bbfas fa-phone-alt\u00a0\u00bb add_icon=\u00a0\u00bbtrue\u00a0\u00bb link=\u00a0\u00bburl:tel%3A0660937520&Prime; el_class=\u00a0\u00bbbtnbannermobile\u00a0\u00bb][\/vc_column][\/vc_row]<\/p>\n<\/div>","protected":false},"excerpt":{"rendered":"<p>[vc_row full_width=\u00a0\u00bbstretch_row\u00a0\u00bb el_class=\u00a0\u00bbparangee1 parangeepad\u00a0\u00bb][vc_column][vc_column_text el_class=\u00a0\u00bbgrandtitreh2&Prime;] DDP Togo \u2013 Facilitez vos Importations avec Delivered Duty Paid [\/vc_column_text][vc_column_text el_class=\u00a0\u00bbtextegrandtitreslider\u00a0\u00bb] L&rsquo;incoterm DDP (Delivered Duty Paid) est une solution compl\u00e8te<span class=\"excerpt-hellip\"> [\u2026]<\/span><\/p>\n","protected":false},"author":1,"featured_media":0,"parent":0,"menu_order":0,"comment_status":"closed","ping_status":"closed","template":"","meta":{"footnotes":""},"class_list":["post-542","page","type-page","status-publish","hentry"],"_links":{"self":[{"href":"https:\/\/atsaero.ma\/lifaaxis\/wp-json\/wp\/v2\/pages\/542","targetHints":{"allow":["GET"]}}],"collection":[{"href":"https:\/\/atsaero.ma\/lifaaxis\/wp-json\/wp\/v2\/pages"}],"about":[{"href":"https:\/\/atsaero.ma\/lifaaxis\/wp-json\/wp\/v2\/types\/page"}],"author":[{"embeddable":true,"href":"https:\/\/atsaero.ma\/lifaaxis\/wp-json\/wp\/v2\/users\/1"}],"replies":[{"embeddable":true,"href":"https:\/\/atsaero.ma\/lifaaxis\/wp-json\/wp\/v2\/comments?post=542"}],"version-history":[{"count":6,"href":"https:\/\/atsaero.ma\/lifaaxis\/wp-json\/wp\/v2\/pages\/542\/revisions"}],"predecessor-version":[{"id":692,"href":"https:\/\/atsaero.ma\/lifaaxis\/wp-json\/wp\/v2\/pages\/542\/revisions\/692"}],"wp:attachment":[{"href":"https:\/\/atsaero.ma\/lifaaxis\/wp-json\/wp\/v2\/media?parent=542"}],"curies":[{"name":"wp","href":"https:\/\/api.w.org\/{rel}","templated":true}]}}