{"id":388,"date":"2024-08-25T11:03:37","date_gmt":"2024-08-25T11:03:37","guid":{"rendered":"https:\/\/atsaero.ma\/lifaaxis\/?page_id=388"},"modified":"2024-10-02T21:45:46","modified_gmt":"2024-10-02T21:45:46","slug":"transport-maritime-chine-afrique","status":"publish","type":"page","link":"https:\/\/atsaero.ma\/lifaaxis\/transport-logistique-chine-afrique\/transport-maritime-chine-afrique\/","title":{"rendered":"Transport Maritime Chine Afrique"},"content":{"rendered":"<div class=\"wpb-content-wrapper\"><p>[vc_row full_width=\u00a0\u00bbstretch_row\u00a0\u00bb el_class=\u00a0\u00bbparangee1 parangeepad\u00a0\u00bb][vc_column][vc_column_text el_class=\u00a0\u00bbgrandtitreh2&Prime;]<\/p>\n<h2 style=\"text-align: center;\">Transport Maritime Chine Afrique<\/h2>\n<p>[\/vc_column_text][vc_column_text el_class=\u00a0\u00bbtextegrandtitreslider\u00a0\u00bb]<\/p>\n<p style=\"text-align: center;\">Collaborant avec les meilleurs transporteurs \u00e0 l\u2019\u00e9chelle mondiale, nous offrons \u00e0 nos clients des tarifs tr\u00e8s comp\u00e9titifs ainsi qu\u2019un espace s\u00e9curis\u00e9 pour leurs marchandises. Nous nous occupons de tout, de la r\u00e9servation de votre cargaison \u00e0 l\u2019organisation de l\u2019enl\u00e8vement et de la livraison, en passant par la gestion des documents d\u2019importation et d\u2019exportation. Avec notre Service de Transport Maritime <strong>Chine-Afrique<\/strong>, y compris vers le <strong>Maroc<\/strong>, nous assurons la gestion compl\u00e8te de vos exp\u00e9ditions maritimes de porte \u00e0 porte selon vos besoins.<\/p>\n<p>[\/vc_column_text][vc_single_image image=\u00a0\u00bb142&Prime; img_size=\u00a0\u00bbfull\u00a0\u00bb alignment=\u00a0\u00bbcenter\u00a0\u00bb onclick=\u00a0\u00bbcustom_link\u00a0\u00bb link=\u00a0\u00bbhttps:\/\/atsaero.ma\/lifaaxis\/demander-un-devis\/\u00a0\u00bb][\/vc_column][\/vc_row][vc_row full_width=\u00a0\u00bbstretch_row\u00a0\u00bb gap=\u00a0\u00bb35&Prime; css=\u00a0\u00bb.vc_custom_1724428180902{background-color: #204957 !important;}\u00a0\u00bb el_class=\u00a0\u00bbparangeepad bgbleuavecbateau\u00a0\u00bb][vc_column width=\u00a0\u00bb1\/4&Prime; el_class=\u00a0\u00bbdspnonemobile2&Prime;][\/vc_column][vc_column width=\u00a0\u00bb3\/4&Prime;][vc_column_text el_class=\u00a0\u00bbtitlewhitecheck\u00a0\u00bb]<\/p>\n<div class=\"white titrewhitecheck\"><i class=\"fas fa-check-circle\" aria-hidden=\"true\"><\/i> \u00a0\u00a0 Services d&rsquo;exp\u00e9dition FCL<\/div>\n<p>[\/vc_column_text][vc_column_text el_class=\u00a0\u00bbtextwhitecheck\u00a0\u00bb]<\/p>\n<div class=\"white textwhitecheck\">Nous vous proposons des exp\u00e9ditions FCL de haute qualit\u00e9, con\u00e7ues pour s\u2019aligner parfaitement avec la dynamique de votre cha\u00eene d&rsquo;approvisionnement. Nos services, s\u2019\u00e9tendant de 10 \u00e0 50 jours, b\u00e9n\u00e9ficient du soutien de nos \u00e9quipes exp\u00e9riment\u00e9es \u00e0 la fois au d\u00e9part et \u00e0 destination. Elles sont pr\u00eates \u00e0 vous aider \u00e0 optimiser chaque exp\u00e9dition en termes de co\u00fbts, d\u2019itin\u00e9raires ou de temps de transit.<\/div>\n<p>[\/vc_column_text][vc_column_text el_class=\u00a0\u00bbtitlewhitecheck\u00a0\u00bb]<\/p>\n<div class=\"white titrewhitecheck\"><i class=\"fas fa-check-circle\" aria-hidden=\"true\"><\/i> \u00a0\u00a0 Des transporteurs fiables et de confiance<\/div>\n<p>[\/vc_column_text][vc_column_text el_class=\u00a0\u00bbtextwhitecheck\u00a0\u00bb]<\/p>\n<div class=\"white textwhitecheck\">Nous avons \u00e9tabli des partenariats avec des transporteurs fiables et r\u00e9put\u00e9s pour assurer que votre cargaison arrive \u00e0 destination \u00e0 temps et selon les pr\u00e9visions.<\/div>\n<p>[\/vc_column_text][vc_column_text el_class=\u00a0\u00bbtitlewhitecheck\u00a0\u00bb]<\/p>\n<div class=\"white titrewhitecheck\"><i class=\"fas fa-check-circle\" aria-hidden=\"true\"><\/i> \u00a0\u00a0 Service haut de gamme<\/div>\n<p>[\/vc_column_text][vc_column_text el_class=\u00a0\u00bbtextwhitecheck\u00a0\u00bb]<\/p>\n<div class=\"white textwhitecheck\">Nous offrons un service de haute qualit\u00e9 pour les exp\u00e9ditions depuis la Chine, veillant \u00e0 ce que votre cargaison urgente arrive en Afrique dans les d\u00e9lais, m\u00eame en cas de d\u00e9passement des allocations.<\/div>\n<p>[\/vc_column_text][\/vc_column][\/vc_row][vc_row full_width=\u00a0\u00bbstretch_row\u00a0\u00bb gap=\u00a0\u00bb35&Prime; equal_height=\u00a0\u00bbyes\u00a0\u00bb content_placement=\u00a0\u00bbmiddle\u00a0\u00bb el_class=\u00a0\u00bbparangeepad bgpictoavion mrgrangeetopforimage\u00a0\u00bb][vc_column width=\u00a0\u00bb1\/2&Prime;][vc_column_text el_class=\u00a0\u00bbgrandtitreh2&Prime;]<\/p>\n<h2 style=\"text-align: left;\">Services d&rsquo;exp\u00e9dition LCL<\/h2>\n<p>[\/vc_column_text][vc_column_text el_class=\u00a0\u00bbtitlewhitecheck\u00a0\u00bb]<\/p>\n<div class=\"titrewhitecheck\"><i class=\"fas fa-check-circle\" aria-hidden=\"true\"><\/i> \u00a0\u00a0 Nous am\u00e9liorons la cha\u00eene d&rsquo;approvisionnement<\/div>\n<p>[\/vc_column_text][vc_column_text el_class=\u00a0\u00bbtextwhitecheck\u00a0\u00bb]<\/p>\n<div class=\"textwhitecheck\">Notre r\u00e9seau LCL assure une connectivit\u00e9 et une fr\u00e9quence exceptionnelles sur les principales routes maritimes, tout en permettant \u00e0 nos clients d&rsquo;optimiser leur fonds de roulement en acc\u00e9dant \u00e0 des stocks selon leurs besoins.<\/div>\n<p>[\/vc_column_text][vc_column_text el_class=\u00a0\u00bbtitlewhitecheck\u00a0\u00bb]<\/p>\n<div class=\"titrewhitecheck\"><i class=\"fas fa-check-circle\" aria-hidden=\"true\"><\/i> \u00a0\u00a0 De meilleurs contr\u00f4les pour une variabilit\u00e9 r\u00e9duite<\/div>\n<p>[\/vc_column_text][vc_column_text el_class=\u00a0\u00bbtextwhitecheck\u00a0\u00bb]<\/p>\n<div class=\"textwhitecheck\">Nous exploitons les technologies avanc\u00e9es pour acc\u00e9l\u00e9rer l&rsquo;ensemble du processus d&rsquo;exp\u00e9dition. En num\u00e9risant les informations clients et en surveillant les exp\u00e9ditions de mani\u00e8re proactive, nous r\u00e9duisons significativement le risque de contr\u00f4les douaniers.<\/div>\n<p>[\/vc_column_text][vc_single_image image=\u00a0\u00bb142&Prime; img_size=\u00a0\u00bbfull\u00a0\u00bb onclick=\u00a0\u00bbcustom_link\u00a0\u00bb link=\u00a0\u00bbhttps:\/\/atsaero.ma\/lifaaxis\/demander-un-devis\/\u00a0\u00bb][\/vc_column][vc_column width=\u00a0\u00bb1\/2&Prime;][vc_single_image image=\u00a0\u00bb246&Prime; img_size=\u00a0\u00bbfull\u00a0\u00bb alignment=\u00a0\u00bbcenter\u00a0\u00bb][\/vc_column][\/vc_row][vc_row full_width=\u00a0\u00bbstretch_row\u00a0\u00bb gap=\u00a0\u00bb35&Prime; css=\u00a0\u00bb.vc_custom_1724365139290{background-color: #204957 !important;}\u00a0\u00bb el_class=\u00a0\u00bbparangeepad\u00a0\u00bb][vc_column][vc_column_text el_class=\u00a0\u00bbgrandtitreh2&Prime;]<\/p>\n<h2 class=\"white mrgbottomh2\" style=\"text-align: left;\">Nous allons au-del\u00e0 de vos attentes<\/h2>\n<p>[\/vc_column_text][vc_column_text el_class=\u00a0\u00bbtextegrandtitreslider white\u00a0\u00bb]<\/p>\n<p style=\"text-align: left;\">Lorsque vous choisissez Lifa Axis, nous allons au-del\u00e0 des attentes pour personnaliser chaque livraison selon vos besoins sp\u00e9cifiques. Nous nous engageons \u00e0 offrir une exp\u00e9rience de transport qui r\u00e9pond parfaitement \u00e0 vos exigences, en mettant tout en \u0153uvre pour d\u00e9passer vos attentes.<\/p>\n<p>[\/vc_column_text][vc_column_text el_class=\u00a0\u00bbtextegrandtitreslider white\u00a0\u00bb]<\/p>\n<ul class=\"listnoir white\">\n<li><i class=\"fas fa-check-circle\"><\/i>DDP (droits de livraison pay\u00e9s), DDU (droits de livraison non pay\u00e9s)<\/li>\n<li><i class=\"fas fa-check-circle\"><\/i>Port \u00e0 Port, Porte \u00e0 Porte, Porte \u00e0 Port, Port \u00e0 Porte<\/li>\n<li><i class=\"fas fa-check-circle\"><\/i>R\u00e9servation et planification avant exp\u00e9dition<\/li>\n<li><i class=\"fas fa-check-circle\"><\/i>Assurance de la cargaison<\/li>\n<li><i class=\"fas fa-check-circle\"><\/i>D\u00e9douanement<\/li>\n<li class=\"elementor-icon-list-item\"><i class=\"fas fa-check-circle\" aria-hidden=\"true\"><\/i><span class=\"elementor-icon-list-text\">Organisation du transport int\u00e9rieur<\/span><\/li>\n<li class=\"elementor-icon-list-item\"><i class=\"fas fa-check-circle\" aria-hidden=\"true\"><\/i><span class=\"elementor-icon-list-text\">Suivi et rep\u00e9rage.<\/span><\/li>\n<\/ul>\n<p>[\/vc_column_text][vc_empty_space height=\u00a0\u00bb90px\u00a0\u00bb el_class=\u00a0\u00bbdspmobilenone2&Prime;][vc_empty_space height=\u00a0\u00bb10px\u00a0\u00bb][\/vc_column][\/vc_row][vc_row el_class=\u00a0\u00bbrangeepaphoto\u00a0\u00bb][vc_column width=\u00a0\u00bb1\/12&Prime;][\/vc_column][vc_column width=\u00a0\u00bb10\/12&Prime;][vc_single_image image=\u00a0\u00bb582&Prime; img_size=\u00a0\u00bbfull\u00a0\u00bb alignment=\u00a0\u00bbcenter\u00a0\u00bb][\/vc_column][vc_column width=\u00a0\u00bb1\/12&Prime;][\/vc_column][\/vc_row][vc_row full_width=\u00a0\u00bbstretch_row\u00a0\u00bb gap=\u00a0\u00bb35&Prime; el_class=\u00a0\u00bbparangeepad\u00a0\u00bb][vc_column][vc_column_text el_class=\u00a0\u00bbgrandtitreh2&Prime;]<\/p>\n<h2 class=\"mrgbottomh2\" style=\"text-align: center;\">Simplifiez vos Exp\u00e9ditions Maritimes avec Efficacit\u00e9<\/h2>\n<p>[\/vc_column_text][vc_column_text el_class=\u00a0\u00bbtextegrandtitreslider\u00a0\u00bb]<\/p>\n<p style=\"text-align: center;\">Le transport maritime international peut \u00eatre complexe en raison des exigences documentaires, des r\u00e9glementations, des co\u00fbts et de la logistique. Avec Lifa Axis, nous simplifions ce processus pour vous, en \u00e9liminant le stress et en assurant votre satisfaction.<\/p>\n<p style=\"text-align: center;\">Gr\u00e2ce \u00e0 notre vaste exp\u00e9rience en fret maritime et \u00e0 notre service client\u00e8le de premier ordre, nous sommes pleinement capables de r\u00e9pondre \u00e0 toutes vos attentes en mati\u00e8re de transport maritime.<\/p>\n<p>[\/vc_column_text][\/vc_column][\/vc_row][vc_row full_width=\u00a0\u00bbstretch_row\u00a0\u00bb gap=\u00a0\u00bb35&Prime; equal_height=\u00a0\u00bbyes\u00a0\u00bb content_placement=\u00a0\u00bbmiddle\u00a0\u00bb disable_element=\u00a0\u00bbyes\u00a0\u00bb css=\u00a0\u00bb.vc_custom_1724429972061{background-color: #204957 !important;}\u00a0\u00bb el_class=\u00a0\u00bbparangeepad bgblueworld padzerobottom\u00a0\u00bb][vc_column width=\u00a0\u00bb1\/2&Prime;][vc_column_text el_class=\u00a0\u00bbgrandtitreh2&Prime;]<\/p>\n<h2 class=\"white\" style=\"text-align: left;\">Une Expertise dans tous les Domaines<\/h2>\n<p>[\/vc_column_text][vc_column_text el_class=\u00a0\u00bbtextegrandtitreslider white\u00a0\u00bb]<\/p>\n<p style=\"text-align: left;\">Lorem ipsum dolor sit amet, consectetur adipiscing elit. Suspendisse gravida aliquam ligula, id laoreet ipsum faucibus id. Nullam pulvinar tortor et purus tincidunt, id molestie nisi suscipit. Maecenas sit amet felis nunc. Nulla porta cursus orci, sed commodo ex congue nec. Suspendisse non blandit neque. Nullam ut arcu vel neque viverra mattis.<\/p>\n<p>[\/vc_column_text][vc_single_image image=\u00a0\u00bb142&Prime; img_size=\u00a0\u00bbfull\u00a0\u00bb][\/vc_column][vc_column width=\u00a0\u00bb1\/2&Prime;][vc_single_image image=\u00a0\u00bb256&Prime; img_size=\u00a0\u00bbfull\u00a0\u00bb alignment=\u00a0\u00bbcenter\u00a0\u00bb el_class=\u00a0\u00bbimgrangeebleumrg\u00a0\u00bb][\/vc_column][\/vc_row][vc_row full_width=\u00a0\u00bbstretch_row\u00a0\u00bb gap=\u00a0\u00bb35&Prime; equal_height=\u00a0\u00bbyes\u00a0\u00bb content_placement=\u00a0\u00bbmiddle\u00a0\u00bb disable_element=\u00a0\u00bbyes\u00a0\u00bb el_class=\u00a0\u00bbparangeepad bgblancpa\u00a0\u00bb][vc_column width=\u00a0\u00bb1\/2&Prime; el_class=\u00a0\u00bbmrgphotorangeebottom\u00a0\u00bb][vc_single_image image=\u00a0\u00bb265&Prime; img_size=\u00a0\u00bbfull\u00a0\u00bb alignment=\u00a0\u00bbcenter\u00a0\u00bb][\/vc_column][vc_column width=\u00a0\u00bb1\/2&Prime;][vc_column_text el_class=\u00a0\u00bbgrandtitreh2&Prime;]<\/p>\n<h2 style=\"text-align: left;\">Une Expertise dans tous les Domaines<\/h2>\n<p>[\/vc_column_text][vc_column_text el_class=\u00a0\u00bbtextegrandtitreslider\u00a0\u00bb]<\/p>\n<p style=\"text-align: left;\">Lorem ipsum dolor sit amet, consectetur adipiscing elit. Suspendisse gravida aliquam ligula, id laoreet ipsum faucibus id. Nullam pulvinar tortor et purus tincidunt, id molestie nisi suscipit. Maecenas sit amet felis nunc. Nulla porta cursus orci, sed commodo ex congue nec. Suspendisse non blandit neque. Nullam ut arcu vel neque viverra mattis.<\/p>\n<p>[\/vc_column_text][vc_single_image image=\u00a0\u00bb142&Prime; img_size=\u00a0\u00bbfull\u00a0\u00bb][\/vc_column][\/vc_row][vc_row equal_height=\u00a0\u00bbyes\u00a0\u00bb content_placement=\u00a0\u00bbmiddle\u00a0\u00bb el_class=\u00a0\u00bbcadrecallnow dspnonemobile2&Prime;][vc_column width=\u00a0\u00bb2\/4&Prime;][vc_empty_space height=\u00a0\u00bb10px\u00a0\u00bb][vc_column_text el_class=\u00a0\u00bbtextegrandtitreslider white\u00a0\u00bb]<\/p>\n<p class=\"titrebarrefooter\" style=\"text-align: center;\">Besoin d&rsquo;Informations ou d&rsquo;un Devis d&rsquo;Urgence !<\/p>\n<p>[\/vc_column_text][vc_column_text el_class=\u00a0\u00bbtextegrandtitreslider white\u00a0\u00bb]<\/p>\n<p class=\"textebarrefooter\" style=\"text-align: center;\">Quel que soit votre Secteur d&rsquo;Activit\u00e9 ou la taille de votre Entreprise ou Business. <strong>lifaaxis.com<\/strong> peut vous aider. Nous avons des \u00e9quipes d&rsquo;experts qui se consacrent \u00e0 nos clients comme vous.<\/p>\n<p>[\/vc_column_text][\/vc_column][vc_column width=\u00a0\u00bb1\/4&Prime;][vc_single_image image=\u00a0\u00bb271&Prime; img_size=\u00a0\u00bbfull\u00a0\u00bb el_class=\u00a0\u00bbphotocadrecall\u00a0\u00bb][\/vc_column][vc_column width=\u00a0\u00bb1\/4&Prime;][vc_empty_space height=\u00a0\u00bb10px\u00a0\u00bb][vc_btn title=\u00a0\u00bb06 60 93 75 20&Prime; style=\u00a0\u00bbcustom\u00a0\u00bb custom_background=\u00a0\u00bb#ffffff\u00a0\u00bb custom_text=\u00a0\u00bb#204957&Prime; align=\u00a0\u00bbcenter\u00a0\u00bb i_icon_fontawesome=\u00a0\u00bbfas fa-phone-alt\u00a0\u00bb add_icon=\u00a0\u00bbtrue\u00a0\u00bb link=\u00a0\u00bburl:tel%3A0660937520&Prime; el_class=\u00a0\u00bbbtnbanner\u00a0\u00bb][\/vc_column][\/vc_row][vc_row el_class=\u00a0\u00bbdspnonedesktop2 bannermobilecta\u00a0\u00bb][vc_column][vc_empty_space height=\u00a0\u00bb20px\u00a0\u00bb][vc_column_text el_class=\u00a0\u00bbtextegrandtitreslider white\u00a0\u00bb]<\/p>\n<p class=\"titrebarrefooter\" style=\"text-align: center;\">Besoin d&rsquo;Informations ou d&rsquo;un Devis d&rsquo;Urgence !<\/p>\n<p>[\/vc_column_text][vc_column_text el_class=\u00a0\u00bbtextegrandtitreslider white\u00a0\u00bb]<\/p>\n<p class=\"textebarrefooter\" style=\"text-align: center;\">Quel que soit votre Secteur d&rsquo;Activit\u00e9 ou la taille de votre Entreprise ou Business. <strong>lifaaxis.com<\/strong> peut vous aider. Nous avons des \u00e9quipes d&rsquo;experts qui se consacrent \u00e0 nos clients comme vous.<\/p>\n<p>[\/vc_column_text][vc_btn title=\u00a0\u00bb06 60 93 75 20&Prime; style=\u00a0\u00bbcustom\u00a0\u00bb custom_background=\u00a0\u00bb#ffffff\u00a0\u00bb custom_text=\u00a0\u00bb#204957&Prime; align=\u00a0\u00bbcenter\u00a0\u00bb i_icon_fontawesome=\u00a0\u00bbfas fa-phone-alt\u00a0\u00bb add_icon=\u00a0\u00bbtrue\u00a0\u00bb link=\u00a0\u00bburl:tel%3A0660937520&Prime; el_class=\u00a0\u00bbbtnbannermobile\u00a0\u00bb][\/vc_column][\/vc_row]<\/p>\n<\/div>","protected":false},"excerpt":{"rendered":"<p>[vc_row full_width=\u00a0\u00bbstretch_row\u00a0\u00bb el_class=\u00a0\u00bbparangee1 parangeepad\u00a0\u00bb][vc_column][vc_column_text el_class=\u00a0\u00bbgrandtitreh2&Prime;] Transport Maritime Chine Afrique [\/vc_column_text][vc_column_text el_class=\u00a0\u00bbtextegrandtitreslider\u00a0\u00bb] Collaborant avec les meilleurs transporteurs \u00e0 l\u2019\u00e9chelle mondiale, nous offrons \u00e0 nos clients des tarifs<span class=\"excerpt-hellip\"> [\u2026]<\/span><\/p>\n","protected":false},"author":1,"featured_media":0,"parent":331,"menu_order":0,"comment_status":"closed","ping_status":"closed","template":"","meta":{"footnotes":""},"class_list":["post-388","page","type-page","status-publish","hentry"],"_links":{"self":[{"href":"https:\/\/atsaero.ma\/lifaaxis\/wp-json\/wp\/v2\/pages\/388","targetHints":{"allow":["GET"]}}],"collection":[{"href":"https:\/\/atsaero.ma\/lifaaxis\/wp-json\/wp\/v2\/pages"}],"about":[{"href":"https:\/\/atsaero.ma\/lifaaxis\/wp-json\/wp\/v2\/types\/page"}],"author":[{"embeddable":true,"href":"https:\/\/atsaero.ma\/lifaaxis\/wp-json\/wp\/v2\/users\/1"}],"replies":[{"embeddable":true,"href":"https:\/\/atsaero.ma\/lifaaxis\/wp-json\/wp\/v2\/comments?post=388"}],"version-history":[{"count":29,"href":"https:\/\/atsaero.ma\/lifaaxis\/wp-json\/wp\/v2\/pages\/388\/revisions"}],"predecessor-version":[{"id":653,"href":"https:\/\/atsaero.ma\/lifaaxis\/wp-json\/wp\/v2\/pages\/388\/revisions\/653"}],"up":[{"embeddable":true,"href":"https:\/\/atsaero.ma\/lifaaxis\/wp-json\/wp\/v2\/pages\/331"}],"wp:attachment":[{"href":"https:\/\/atsaero.ma\/lifaaxis\/wp-json\/wp\/v2\/media?parent=388"}],"curies":[{"name":"wp","href":"https:\/\/api.w.org\/{rel}","templated":true}]}}