{"id":331,"date":"2024-08-24T21:06:41","date_gmt":"2024-08-24T21:06:41","guid":{"rendered":"https:\/\/atsaero.ma\/lifaaxis\/?page_id=331"},"modified":"2024-10-02T21:41:20","modified_gmt":"2024-10-02T21:41:20","slug":"transport-logistique-chine-afrique","status":"publish","type":"page","link":"https:\/\/atsaero.ma\/lifaaxis\/transport-logistique-chine-afrique\/","title":{"rendered":"Transport &#038; Logistique Chine Afrique"},"content":{"rendered":"<div class=\"wpb-content-wrapper\"><p>[vc_row full_width=\u00a0\u00bbstretch_row\u00a0\u00bb el_class=\u00a0\u00bbparangee1 parangeepad\u00a0\u00bb][vc_column][vc_column_text el_class=\u00a0\u00bbgrandtitreh2&Prime;]<\/p>\n<h2 style=\"text-align: center;\">Transport &amp; Logistique Chine Afrique<\/h2>\n<p>[\/vc_column_text][vc_column_text el_class=\u00a0\u00bbtextegrandtitreslider\u00a0\u00bb]<\/p>\n<p style=\"text-align: center;\">Le service de transit de <strong>Lifa Axis<\/strong> facilite l\u2019exp\u00e9dition de vos marchandises de <strong>Chine<\/strong> vers <strong>l\u2019Afrique<\/strong>, y compris le <strong>Maroc<\/strong>, que ce soit par voie a\u00e9rienne ou maritime.<\/p>\n<p>[\/vc_column_text][vc_single_image image=\u00a0\u00bb142&Prime; img_size=\u00a0\u00bbfull\u00a0\u00bb alignment=\u00a0\u00bbcenter\u00a0\u00bb onclick=\u00a0\u00bbcustom_link\u00a0\u00bb link=\u00a0\u00bbhttps:\/\/atsaero.ma\/lifaaxis\/demander-un-devis\/\u00a0\u00bb][\/vc_column][\/vc_row][vc_row full_width=\u00a0\u00bbstretch_row\u00a0\u00bb gap=\u00a0\u00bb35&Prime; css=\u00a0\u00bb.vc_custom_1724365139290{background-color: #204957 !important;}\u00a0\u00bb el_class=\u00a0\u00bbparangeepad\u00a0\u00bb][vc_column][vc_column_text el_class=\u00a0\u00bbgrandtitreh2&Prime;]<\/p>\n<h2 class=\"white mrgbottomh2\" style=\"text-align: center;\">Service Transit et Logistique Chine-Afrique avec Lifa Axis<\/h2>\n<p>[\/vc_column_text][vc_column_text el_class=\u00a0\u00bbtextegrandtitreslider white\u00a0\u00bb]<\/p>\n<p style=\"text-align: center;\">Quel que soit votre d\u00e9fi d\u2019exp\u00e9dition, nous avons la solution de transport adapt\u00e9e pour vous. Exp\u00e9diez vers <strong>l\u2019Afrique<\/strong>, y compris le <strong>Maroc<\/strong>, depuis la <strong>Chine<\/strong> par voie a\u00e9rienne ou maritime. Nous travaillons avec plus de 8000 entrepreneurs africains importateurs de Chine, et notre \u00e9quipe bilingue assure une communication fluide.<\/p>\n<p>[\/vc_column_text][vc_single_image image=\u00a0\u00bb142&Prime; img_size=\u00a0\u00bbfull\u00a0\u00bb alignment=\u00a0\u00bbcenter\u00a0\u00bb onclick=\u00a0\u00bbcustom_link\u00a0\u00bb link=\u00a0\u00bbhttps:\/\/atsaero.ma\/lifaaxis\/demander-un-devis\/\u00a0\u00bb][vc_empty_space height=\u00a0\u00bb90px\u00a0\u00bb el_class=\u00a0\u00bbdspmobilenone2&Prime;][vc_empty_space height=\u00a0\u00bb10px\u00a0\u00bb][\/vc_column][\/vc_row][vc_row el_class=\u00a0\u00bbrangeepaphoto\u00a0\u00bb][vc_column width=\u00a0\u00bb1\/12&Prime;][\/vc_column][vc_column width=\u00a0\u00bb10\/12&Prime;][vc_single_image image=\u00a0\u00bb579&Prime; img_size=\u00a0\u00bbfull\u00a0\u00bb alignment=\u00a0\u00bbcenter\u00a0\u00bb][\/vc_column][vc_column width=\u00a0\u00bb1\/12&Prime;][\/vc_column][\/vc_row][vc_row full_width=\u00a0\u00bbstretch_row\u00a0\u00bb gap=\u00a0\u00bb35&Prime; el_class=\u00a0\u00bbparangeepad\u00a0\u00bb][vc_column][vc_column_text el_class=\u00a0\u00bbgrandtitreh2&Prime;]<\/p>\n<h2 class=\"mrgbottomh2\" style=\"text-align: center;\">Lorsque vous achetez d&rsquo;une usine, d&rsquo;un fabricant ou d&rsquo;un fournisseur en Chine, l&rsquo;une des premi\u00e8res demandes sera l&rsquo;adresse de l&rsquo;entrep\u00f4t de votre transitaire en Chine.<\/h2>\n<p>[\/vc_column_text][vc_column_text el_class=\u00a0\u00bbtextegrandtitreslider\u00a0\u00bb]<\/p>\n<p style=\"text-align: center;\"><strong>Lifa Axis<\/strong> sera votre transitaire : il vous suffit de fournir l\u2019adresse de notre entrep\u00f4t \u00e0 chaque fournisseur et de leur demander d\u2019envoyer vos marchandises \u00e0 notre entrep\u00f4t en <strong>Chine<\/strong>. Enregistrez le num\u00e9ro de suivi de chaque exp\u00e9dition envoy\u00e9e \u00e0 notre entrep\u00f4t et transmettez-nous la liste finale des num\u00e9ros par email d\u00e8s qu\u2019elle est pr\u00eate.<\/p>\n<p style=\"text-align: center;\">Une fois vos marchandises arriv\u00e9es, nous les inspecterons et les emballerons de mani\u00e8re optimale pour r\u00e9duire vos frais d\u2019exp\u00e9dition. Nous vous conseillerons \u00e9galement sur les options d\u2019exp\u00e9dition les plus \u00e9conomiques. En tant que transitaire, <strong>Lifa Axis<\/strong> s\u2019assure que vous exp\u00e9diez vos marchandises de <strong>Chine<\/strong> vers <strong>l\u2019Afrique<\/strong>, y compris le <strong>Maroc<\/strong>, de la mani\u00e8re la plus rentable possible.<\/p>\n<p>[\/vc_column_text][vc_single_image image=\u00a0\u00bb142&Prime; img_size=\u00a0\u00bbfull\u00a0\u00bb alignment=\u00a0\u00bbcenter\u00a0\u00bb onclick=\u00a0\u00bbcustom_link\u00a0\u00bb link=\u00a0\u00bbhttps:\/\/atsaero.ma\/lifaaxis\/demander-un-devis\/\u00a0\u00bb][\/vc_column][\/vc_row][vc_row full_width=\u00a0\u00bbstretch_row\u00a0\u00bb gap=\u00a0\u00bb35&Prime; css=\u00a0\u00bb.vc_custom_1724515267333{background-color: #204957 !important;}\u00a0\u00bb el_class=\u00a0\u00bbparangeepad\u00a0\u00bb][vc_column][vc_column_text el_class=\u00a0\u00bbgrandtitreh2&Prime;]<\/p>\n<h2 class=\"white\" style=\"text-align: center;\">Exp\u00e9diez en Toute Simplicit\u00e9 de la Chine vers l&rsquo;Afrique avec Lifa Axis<\/h2>\n<p>[\/vc_column_text][vc_column_text el_class=\u00a0\u00bbtextegrandtitreslider white\u00a0\u00bb]<\/p>\n<p style=\"text-align: center;\">Le transport a\u00e9rien est la m\u00e9thode la plus rapide, id\u00e9ale pour les petits envois n\u00e9cessitant une grande rapidit\u00e9. Les exp\u00e9ditions maritimes conviennent mieux aux envois plus volumineux, tels que les palettes ou les conteneurs, que ce soit en LCL ou FCL. Le transport ferroviaire, disponible uniquement pour les envois vers l\u2019Europe, est \u00e9galement adapt\u00e9 aux grandes exp\u00e9ditions.<\/p>\n<p>[\/vc_column_text][vc_row_inner][vc_column_inner width=\u00a0\u00bb1\/2&Prime;][vc_raw_html]JTNDZGl2JTIwY2xhc3MlM0QlMjJpY29uZWJveHBhJTIyJTNFJTBBJTNDZGl2JTIwY2xhc3MlM0QlMjJpY29uZWJveHBhaW1hZ2UlMjIlM0UlM0NpbWclMjBzcmMlM0QlMjJodHRwcyUzQSUyRiUyRmF0c2Flcm8ubWElMkZsaWZhYXhpcyUyRndwLWNvbnRlbnQlMkZ1cGxvYWRzJTJGMjAyNCUyRjA4JTJGY3J1aXNlLnBuZyUyMiUyRiUzRSUzQyUyRmRpdiUzRSUwQSUzQ2RpdiUyMGNsYXNzJTNEJTIyaWNvbmVib3hwYXRleHRlJTIyJTNFJTBBJTNDZGl2JTIwY2xhc3MlM0QlMjJ3aGl0ZSUyMHRpdHJlaWNvbmVib3hwYSUyMiUzRVRyYW5zcG9ydCUyME1hcml0aW1lJTNDJTJGZGl2JTNFJTBBJTNDZGl2JTIwY2xhc3MlM0QlMjJ3aGl0ZSUyMHRleHRlaWNvbmVib3hwYSUyMiUzRURlcyUyMGV4cCVDMyVBOWRpdGlvbnMlMjBGQ0wlMjBhdXglMjBjb25zb2xpZGF0aW9ucyUyMExDTCUyMGVmZmljYWNlcyUyQyUyMGVuJTIwcGFzc2FudCUyMHBhciUyMGRlcyUyMHNlcnZpY2VzJTIwcHJlbWl1bSUyMHBvdXIlMjAlQzMlQTlxdWlsaWJyZXIlMjBjbyVDMyVCQnQlMjBldCUyMHJhcGlkaXQlQzMlQTkuJTBBJTNDJTJGZGl2JTNFJTBBJTNDJTJGZGl2JTNFJTBBJTNDJTJGZGl2JTNF[\/vc_raw_html][\/vc_column_inner][vc_column_inner width=\u00a0\u00bb1\/2&Prime;][vc_raw_html]JTNDZGl2JTIwY2xhc3MlM0QlMjJpY29uZWJveHBhJTIyJTNFJTBBJTNDZGl2JTIwY2xhc3MlM0QlMjJpY29uZWJveHBhaW1hZ2UlMjIlM0UlM0NpbWclMjBzcmMlM0QlMjJodHRwcyUzQSUyRiUyRmF0c2Flcm8ubWElMkZsaWZhYXhpcyUyRndwLWNvbnRlbnQlMkZ1cGxvYWRzJTJGMjAyNCUyRjA4JTJGYWlycGxhbmUtMS5wbmclMjIlMkYlM0UlM0MlMkZkaXYlM0UlMEElM0NkaXYlMjBjbGFzcyUzRCUyMmljb25lYm94cGF0ZXh0ZSUyMiUzRSUwQSUzQ2RpdiUyMGNsYXNzJTNEJTIyd2hpdGUlMjB0aXRyZWljb25lYm94cGElMjIlM0VUcmFuc3BvcnQlMjBBJUMzJUE5cmllbiUzQyUyRmRpdiUzRSUwQSUzQ2RpdiUyMGNsYXNzJTNEJTIyd2hpdGUlMjB0ZXh0ZWljb25lYm94cGElMjIlM0VVbiUyMHNlcnZpY2UlMjBkZSUyMGZyZXQlMjBhJUMzJUE5cmllbiUyMGZpYWJsZSUyMGV0JTIwdHJhbnNwYXJlbnQlMkMlMjBhdmVjJTIwdW4lMjBwcm9ncmFtbWUlMjBkJTI3YWZmciVDMyVBOHRlbWVudCUyMHN1ciUyMG1lc3VyZSUyMHBvdXIlMjBzYXRpc2ZhaXJlJTIwdm9zJTIwYmVzb2lucyUyMHNwJUMzJUE5Y2lmaXF1ZXMuJTNDJTJGZGl2JTNFJTBBJTNDJTJGZGl2JTNFJTBBJTNDJTJGZGl2JTNF[\/vc_raw_html][\/vc_column_inner][\/vc_row_inner][\/vc_column][\/vc_row][vc_row full_width=\u00a0\u00bbstretch_row\u00a0\u00bb gap=\u00a0\u00bb35&Prime; equal_height=\u00a0\u00bbyes\u00a0\u00bb content_placement=\u00a0\u00bbmiddle\u00a0\u00bb el_class=\u00a0\u00bbparangeepad bgpictoavion mrgrangeetopforimage\u00a0\u00bb][vc_column width=\u00a0\u00bb1\/2&Prime;][vc_column_text el_class=\u00a0\u00bbgrandtitreh2&Prime;]<\/p>\n<h2 style=\"text-align: left;\">En tant que transitaire, notre entrep\u00f4t en Chine vous aide \u00e0 r\u00e9duire vos co\u00fbts d\u2019exp\u00e9dition depuis la Chine.<\/h2>\n<p>[\/vc_column_text][vc_column_text el_class=\u00a0\u00bbtextegrandtitreslider\u00a0\u00bb]<\/p>\n<p style=\"text-align: left;\">En choisissant le service transit et logistique Chine-Afrique de Lifa Axis, vous profitez d&rsquo;une gamme compl\u00e8te de services logistiques associ\u00e9s \u00e0 notre entrep\u00f4t en Chine, con\u00e7us pour r\u00e9duire vos co\u00fbts avant l&rsquo;exp\u00e9dition vers l&rsquo;Afrique.<\/p>\n<p>[\/vc_column_text][vc_raw_html]JTNDZGl2JTIwY2xhc3MlM0QlMjJjb250ZW51YXZlY2ljb25lJTIyJTNFJTBBJTNDZGl2JTIwY2xhc3MlM0QlMjJjb2xjb250ZW51YXZlY2ljb25lMSUyMiUzRSUzQ2ltZyUyMHNyYyUzRCUyMmh0dHBzJTNBJTJGJTJGYXRzYWVyby5tYSUyRmxpZmFheGlzJTJGd3AtY29udGVudCUyRnVwbG9hZHMlMkYyMDI0JTJGMDglMkZQcm9jZWR1cmUtUmlnb3VyZXVzZS5zdmclMjIlMkYlM0UlM0MlMkZkaXYlM0UlMEElM0NkaXYlMjBjbGFzcyUzRCUyMmNvbGNvbnRlbnVhdmVjaWNvbmUyJTIyJTNFJTBBJTNDc3BhbiUyMGNsYXNzJTNEJTIydGl0cmVjb250ZW51YXZlY2ljb25lJTIyJTNFU3RvY2thZ2UlMjBHcmF0dWl0JTNDJTJGc3BhbiUzRSUzQyUyRmJyJTNFJTBBJTNDZGl2JTIwY2xhc3MlM0QlMjJjb250ZW51dGV4dGNvbnRlbnVhdmVjaWNvbmUlMjIlM0VCJUMzJUE5biVDMyVBOWZpY2lleiUyMGQlMjd1biUyMHN0b2NrYWdlJTIwZ3JhdHVpdCUyMGV0JTIwaWxsaW1pdCVDMyVBOSUyMGRhbnMlMjBsJTI3ZW50cmVwJUMzJUI0dCUyMGRlJTIwTGlmYSUyMEF4aXMlMjBlbiUyMENoaW5lJTJDJTIwdm91cyUyMHBlcm1ldHRhbnQlMjBkZSUyMHByZW5kcmUlMjBsZSUyMHRlbXBzJTIwbiVDMyVBOWNlc3NhaXJlJTIwcG91ciUyMGFjaGV0ZXIlMjBhdXByJUMzJUE4cyUyMGRlJTIwcGx1c2lldXJzJTIwZm91cm5pc3NldXJzJTIwY2hpbm9pcy4lM0MlMkZkaXYlM0UlM0MlMkZkaXYlM0UlMEElM0MlMkZkaXYlM0U=[\/vc_raw_html][vc_raw_html]JTNDZGl2JTIwY2xhc3MlM0QlMjJjb250ZW51YXZlY2ljb25lJTIyJTNFJTBBJTNDZGl2JTIwY2xhc3MlM0QlMjJjb2xjb250ZW51YXZlY2ljb25lMSUyMiUzRSUzQ2ltZyUyMHNyYyUzRCUyMmh0dHBzJTNBJTJGJTJGYXRzYWVyby5tYSUyRmxpZmFheGlzJTJGd3AtY29udGVudCUyRnVwbG9hZHMlMkYyMDI0JTJGMDglMkZQcm9jZWR1cmUtUmlnb3VyZXVzZS5zdmclMjIlMkYlM0UlM0MlMkZkaXYlM0UlMEElM0NkaXYlMjBjbGFzcyUzRCUyMmNvbGNvbnRlbnVhdmVjaWNvbmUyJTIyJTNFJTBBJTNDc3BhbiUyMGNsYXNzJTNEJTIydGl0cmVjb250ZW51YXZlY2ljb25lJTIyJTNFQ29uc29saWRhdGlvbiUyMEdyYXR1aXRlJTNDJTJGc3BhbiUzRSUzQyUyRmJyJTNFJTBBJTNDZGl2JTIwY2xhc3MlM0QlMjJjb250ZW51dGV4dGNvbnRlbnVhdmVjaWNvbmUlMjIlM0VVbmUlMjBmb2lzJTIwcXVlJTIwdG91dGVzJTIwbGVzJTIwbWFyY2hhbmRpc2VzJTIwZW52b3klQzMlQTllcyUyMHBhciUyMHZvcyUyMGZvdXJuaXNzZXVycyUyMHNvbnQlMjBhcnJpdiVDMyVBOWVzJTIwJUMzJUEwJTIwbm90cmUlMjBlbnRyZXAlQzMlQjR0JTIwZW4lMjBDaGluZSUyQyUyMG5vdXMlMjBsZXMlMjByZWdyb3Vwb25zJTIwZW4lMjB1biUyMHNldWwlMjBlbnZvaSUyMGludGVybmF0aW9uYWwlMjBzYW5zJTIwZnJhaXMlMjBzdXBwbCVDMyVBOW1lbnRhaXJlcy4lM0MlMkZkaXYlM0UlM0MlMkZkaXYlM0UlMEElM0MlMkZkaXYlM0U=[\/vc_raw_html][vc_raw_html]JTNDZGl2JTIwY2xhc3MlM0QlMjJjb250ZW51YXZlY2ljb25lJTIyJTNFJTBBJTNDZGl2JTIwY2xhc3MlM0QlMjJjb2xjb250ZW51YXZlY2ljb25lMSUyMiUzRSUzQ2ltZyUyMHNyYyUzRCUyMmh0dHBzJTNBJTJGJTJGYXRzYWVyby5tYSUyRmxpZmFheGlzJTJGd3AtY29udGVudCUyRnVwbG9hZHMlMkYyMDI0JTJGMDglMkZQcm9jZWR1cmUtUmlnb3VyZXVzZS5zdmclMjIlMkYlM0UlM0MlMkZkaXYlM0UlMEElM0NkaXYlMjBjbGFzcyUzRCUyMmNvbGNvbnRlbnVhdmVjaWNvbmUyJTIyJTNFJTBBJTNDc3BhbiUyMGNsYXNzJTNEJTIydGl0cmVjb250ZW51YXZlY2ljb25lJTIyJTNFUmVjb25kaXRpb25uZW1lbnQlMjBHcmF0dWl0JTNDJTJGc3BhbiUzRSUzQyUyRmJyJTNFJTBBJTNDZGl2JTIwY2xhc3MlM0QlMjJjb250ZW51dGV4dGNvbnRlbnVhdmVjaWNvbmUlMjIlM0VVbmUlMjBmb2lzJTIwdm9zJTIwbWFyY2hhbmRpc2VzJTIwYXJyaXYlQzMlQTllcyUyMCVDMyVBMCUyMGwlMjdlbnRyZXAlQzMlQjR0JTIwZGUlMjBMaWZhJTIwQXhpcyUyMGVuJTIwQ2hpbmUlMkMlMjBub3VzJTIwcG91dm9ucyUyMGxlcyUyMHJlY29uZGl0aW9ubmVyJTIwZXQlMjBham91dGVyJTIwbGVzJTIwbG9nb3MlMjBuJUMzJUE5Y2Vzc2FpcmVzJTIwJUMzJUEwJTIwdm9zJTIwYXJ0aWNsZXMlMjBvdSUyMGVtYmFsbGFnZXMuJTNDJTJGZGl2JTNFJTNDJTJGZGl2JTNFJTBBJTNDJTJGZGl2JTNF[\/vc_raw_html][\/vc_column][vc_column width=\u00a0\u00bb1\/2&Prime;][vc_single_image image=\u00a0\u00bb589&Prime; img_size=\u00a0\u00bbfull\u00a0\u00bb alignment=\u00a0\u00bbcenter\u00a0\u00bb][\/vc_column][\/vc_row][vc_row full_width=\u00a0\u00bbstretch_row\u00a0\u00bb gap=\u00a0\u00bb35&Prime; css=\u00a0\u00bb.vc_custom_1724515267333{background-color: #204957 !important;}\u00a0\u00bb el_class=\u00a0\u00bbparangeepad\u00a0\u00bb][vc_column][vc_column_text el_class=\u00a0\u00bbgrandtitreh2&Prime;]<\/p>\n<h2 class=\"white\" style=\"text-align: center;\">La plupart des usines chinoises sur Alibaba et autres plateformes vous demanderont de disposer d\u2019un transitaire en Chine avant de passer commande.<\/h2>\n<p>[\/vc_column_text][vc_column_text el_class=\u00a0\u00bbtextegrandtitreslider white\u00a0\u00bb]<\/p>\n<p style=\"text-align: center;\">Avant de passer commande, de nombreuses usines en Chine vous demanderont si vous avez un transitaire local. Elles n\u00e9cessitent l\u2019adresse de l\u2019entrep\u00f4t de votre transitaire en Chine pour y envoyer vos marchandises. Ensuite, votre transitaire regroupera les envois et les exp\u00e9diera ensemble \u00e0 l\u2019international. Comme la plupart des usines en Chine fonctionnent sur une base EXW, vous devez trouver votre propre transitaire pour l\u2019exp\u00e9dition internationale.<\/p>\n<p style=\"text-align: center;\">Lifa Axis peut devenir votre transitaire en Chine, offrant une adresse d\u2019entrep\u00f4t dans la province de Shenzhen, un hub majeur pour la logistique et l\u2019import-export en Chine. Cela permet un acc\u00e8s optimal aux routes d\u2019exp\u00e9dition avec des tarifs comp\u00e9titifs. Lifa Axis est le transitaire de choix pour de nombreux particuliers et entreprises en Afrique, facilitant l\u2019achat et l\u2019exp\u00e9dition de marchandises depuis la Chine.<\/p>\n<p style=\"text-align: center;\">Que vous achetiez des v\u00eatements, des accessoires, des produits \u00e9lectroniques, des jouets, des fournitures m\u00e9dicales ou du mobilier, Lifa Axis peut g\u00e9rer vos exp\u00e9ditions vers l\u2019Afrique, que ce soit par voie a\u00e9rienne ou maritime, selon vos besoins sp\u00e9cifiques.<\/p>\n<p>[\/vc_column_text][vc_single_image image=\u00a0\u00bb142&Prime; img_size=\u00a0\u00bbfull\u00a0\u00bb alignment=\u00a0\u00bbcenter\u00a0\u00bb onclick=\u00a0\u00bbcustom_link\u00a0\u00bb link=\u00a0\u00bbhttps:\/\/atsaero.ma\/lifaaxis\/demander-un-devis\/\u00a0\u00bb][\/vc_column][\/vc_row][vc_row full_width=\u00a0\u00bbstretch_row\u00a0\u00bb gap=\u00a0\u00bb35&Prime; equal_height=\u00a0\u00bbyes\u00a0\u00bb content_placement=\u00a0\u00bbtop\u00a0\u00bb el_class=\u00a0\u00bbparangeepad\u00a0\u00bb][vc_column width=\u00a0\u00bb1\/2&Prime; el_class=\u00a0\u00bbmrgphotorangeebottom\u00a0\u00bb][vc_column_text el_class=\u00a0\u00bbgrandtitreh2&Prime;]<\/p>\n<h2 style=\"text-align: left;\">Avec Lifa Axis comme transitaire en Chine, profitez des meilleures offres sur les transports a\u00e9rien et maritime pour vos exp\u00e9ditions vers l\u2019Afrique depuis la Chine.<\/h2>\n<p>[\/vc_column_text][\/vc_column][vc_column width=\u00a0\u00bb1\/2&Prime;][vc_column_text el_class=\u00a0\u00bbtextegrandtitreslider justify\u00a0\u00bb]<\/p>\n<p style=\"text-align: justify;\">Bien que vous puissiez trouver d&rsquo;excellentes offres sur Alibaba.com et autres sites chinois, choisir Lifa Axis comme transitaire en Chine garantit la minimisation de vos frais d&rsquo;exp\u00e9dition internationaux. Une fois vos marchandises arriv\u00e9es \u00e0 notre entrep\u00f4t en Chine, nous les regroupons et les emballons de mani\u00e8re optimale pour r\u00e9duire les co\u00fbts d&rsquo;exp\u00e9dition, puis nous s\u00e9lectionnons la m\u00e9thode la plus \u00e9conomique pour les exp\u00e9dier. Lifa Axis assure une exp\u00e9dition intelligente et rentable de vos marchandises, que ce soit par voie a\u00e9rienne ou maritime.<\/p>\n<p>[\/vc_column_text][\/vc_column][vc_column css=\u00a0\u00bb.vc_custom_1724516889196{margin-top: -90px !important;}\u00a0\u00bb][vc_column_text el_class=\u00a0\u00bbtextegrandtitreslider justify\u00a0\u00bb]En tant que service professionnel d\u2019exp\u00e9dition de fret bas\u00e9 en Chine, Lifa Axis vous offre des tarifs d\u2019exp\u00e9dition avantageux gr\u00e2ce \u00e0 nos volumes \u00e9lev\u00e9s et \u00e0 nos relations \u00e9tablies avec les exp\u00e9diteurs. Selon les d\u00e9tails sp\u00e9cifiques de votre envoi, tels que le poids, les dimensions, le volume, le type de produits et le pays de destination, nous vous conseillerons sur la m\u00e9thode d\u2019exp\u00e9dition la plus intelligente et \u00e9conomique.[\/vc_column_text][\/vc_column][\/vc_row][vc_row full_width=\u00a0\u00bbstretch_row\u00a0\u00bb gap=\u00a0\u00bb35&Prime; equal_height=\u00a0\u00bbyes\u00a0\u00bb content_placement=\u00a0\u00bbmiddle\u00a0\u00bb css=\u00a0\u00bb.vc_custom_1724366639687{background-color: #204957 !important;}\u00a0\u00bb el_class=\u00a0\u00bbparangeepad bgblueworld padzerobottom\u00a0\u00bb][vc_column width=\u00a0\u00bb1\/2&Prime;][vc_column_text el_class=\u00a0\u00bbgrandtitreh2&Prime;]<\/p>\n<h2 class=\"white\" style=\"text-align: left;\">Nous acheminons vos colis vers vous, vos clients ou vos centres d\u2019entreposage en Afrique.<\/h2>\n<p>[\/vc_column_text][vc_column_text el_class=\u00a0\u00bbtextegrandtitreslider white\u00a0\u00bb]<\/p>\n<p style=\"text-align: left;\">Il est important de noter que le destinataire de l\u2019envoi peut \u00eatre diff\u00e9rent de vous. Nous avons la capacit\u00e9 d&rsquo;exp\u00e9dier directement \u00e0 vos clients partout dans le monde. En outre, nous pouvons organiser la livraison de diff\u00e9rents colis vers plusieurs adresses internationales selon vos besoins sp\u00e9cifiques. Nous offrons \u00e9galement la possibilit\u00e9 d&rsquo;exp\u00e9dier des colis vers des entrep\u00f4ts Amazon FBA \u00e0 travers le globe. En tant que votre transitaire en Chine, Lifa Axis propose un service flexible qui s&rsquo;adapte \u00e0 vos exigences d&rsquo;exp\u00e9dition uniques. Contactez-nous pour d\u00e9couvrir toutes les options disponibles.<\/p>\n<p>[\/vc_column_text][vc_single_image image=\u00a0\u00bb142&Prime; img_size=\u00a0\u00bbfull\u00a0\u00bb onclick=\u00a0\u00bbcustom_link\u00a0\u00bb link=\u00a0\u00bbhttps:\/\/atsaero.ma\/lifaaxis\/demander-un-devis\/\u00a0\u00bb][vc_empty_space][\/vc_column][vc_column width=\u00a0\u00bb1\/2&Prime;][vc_single_image image=\u00a0\u00bb256&Prime; img_size=\u00a0\u00bbfull\u00a0\u00bb alignment=\u00a0\u00bbcenter\u00a0\u00bb el_class=\u00a0\u00bbimgrangeebleumrg\u00a0\u00bb][\/vc_column][\/vc_row][vc_row full_width=\u00a0\u00bbstretch_row\u00a0\u00bb gap=\u00a0\u00bb35&Prime; equal_height=\u00a0\u00bbyes\u00a0\u00bb content_placement=\u00a0\u00bbmiddle\u00a0\u00bb el_class=\u00a0\u00bbparangeepad\u00a0\u00bb][vc_column el_class=\u00a0\u00bbmrgphotorangeebottom\u00a0\u00bb][vc_column_text el_class=\u00a0\u00bbgrandtitreh2&Prime;]<\/p>\n<h2 style=\"text-align: center;\">Pourquoi l\u2019emplacement de l\u2019entrep\u00f4t de Lifa Axis en Chine est strat\u00e9gique pour l\u2019exp\u00e9dition internationale de vos marchandises.<\/h2>\n<p>[\/vc_column_text][\/vc_column][vc_column width=\u00a0\u00bb1\/2&Prime;][vc_single_image image=\u00a0\u00bb591&Prime; img_size=\u00a0\u00bbfull\u00a0\u00bb alignment=\u00a0\u00bbcenter\u00a0\u00bb][\/vc_column][vc_column width=\u00a0\u00bb1\/2&Prime;][vc_column_text el_class=\u00a0\u00bbtextegrandtitreslider\u00a0\u00bb]<\/p>\n<p style=\"text-align: justify;\">Situ\u00e9 au c\u0153ur de l&rsquo;un des principaux centres de production et de logistique de Chine, notre entrep\u00f4t b\u00e9n\u00e9ficie d&rsquo;un acc\u00e8s direct aux principales routes maritimes depuis la Chine continentale et Hong Kong. La r\u00e9gion du Guangdong, avec Shenzhen en son centre, est id\u00e9ale pour le stockage de vos marchandises. En tant que premier centre de production du pays, le Guangdong est entour\u00e9 de nombreuses usines, fabricants et fournisseurs, facilitant ainsi vos achats. De plus, l\u2019exp\u00e9dition au niveau national en Chine est tr\u00e8s \u00e9conomique. M\u00eame si vos fournisseurs sont situ\u00e9s en dehors du Guangdong, ils peuvent acheminer leurs marchandises vers notre entrep\u00f4t \u00e0 Shenzhen gr\u00e2ce \u00e0 des options d\u2019exp\u00e9dition nationales \u00e0 faible co\u00fbt. Nous nous occupons de la coordination avec vos fournisseurs pour garantir que vos produits arrivent en toute s\u00e9curit\u00e9 \u00e0 notre entrep\u00f4t.<\/p>\n<p>[\/vc_column_text][\/vc_column][vc_column css=\u00a0\u00bb.vc_custom_1724533485290{margin-top: -80px !important;}\u00a0\u00bb][vc_column_text el_class=\u00a0\u00bbtextegrandtitreslider\u00a0\u00bb]<\/p>\n<p style=\"text-align: justify;\">De plus, le district de Bao-An \u00e0 Shenzhen, o\u00f9 est situ\u00e9 notre entrep\u00f4t, est un hub logistique majeur en Chine. Il offre un acc\u00e8s \u00e9tendu \u00e0 une vaste gamme de canaux et d\u2019itin\u00e9raires d\u2019exp\u00e9dition, tant maritimes qu\u2019a\u00e9riens, au meilleur tarif possible. Cela vous permet de maximiser vos options d\u2019exp\u00e9dition et de r\u00e9duire les co\u00fbts lors du transport de marchandises de la Chine vers l&rsquo;Afrique.<\/p>\n<p>Shenzhen, \u00e9tant situ\u00e9e juste \u00e0 c\u00f4t\u00e9 de Hong Kong, permet d\u2019utiliser les voies d\u2019exp\u00e9dition des deux r\u00e9gions pour vos envois. Par exemple, vous pourriez b\u00e9n\u00e9ficier de tarifs d\u2019exp\u00e9dition maritime plus avantageux depuis le port de Hong Kong par rapport \u00e0 ceux des ports de la Chine continentale. Avec Lifa Axis, vous avez acc\u00e8s \u00e0 ces deux options, optimisant ainsi vos co\u00fbts d\u2019exp\u00e9dition en fonction de vos besoins sp\u00e9cifiques.[\/vc_column_text][\/vc_column][\/vc_row][vc_row equal_height=\u00a0\u00bbyes\u00a0\u00bb content_placement=\u00a0\u00bbmiddle\u00a0\u00bb el_class=\u00a0\u00bbcadrecallnow dspnonemobile2&Prime;][vc_column width=\u00a0\u00bb2\/4&Prime;][vc_empty_space height=\u00a0\u00bb10px\u00a0\u00bb][vc_column_text el_class=\u00a0\u00bbtextegrandtitreslider white\u00a0\u00bb]<\/p>\n<p class=\"titrebarrefooter\" style=\"text-align: center;\">Besoin d&rsquo;Informations ou d&rsquo;un Devis d&rsquo;Urgence !<\/p>\n<p>[\/vc_column_text][vc_column_text el_class=\u00a0\u00bbtextegrandtitreslider white\u00a0\u00bb]<\/p>\n<p class=\"textebarrefooter\" style=\"text-align: center;\">Quel que soit votre Secteur d&rsquo;Activit\u00e9 ou la taille de votre Entreprise ou Business. <strong>lifaaxis.com<\/strong> peut vous aider. Nous avons des \u00e9quipes d&rsquo;experts qui se consacrent \u00e0 nos clients comme vous.<\/p>\n<p>[\/vc_column_text][\/vc_column][vc_column width=\u00a0\u00bb1\/4&Prime;][vc_single_image image=\u00a0\u00bb271&Prime; img_size=\u00a0\u00bbfull\u00a0\u00bb el_class=\u00a0\u00bbphotocadrecall\u00a0\u00bb][\/vc_column][vc_column width=\u00a0\u00bb1\/4&Prime;][vc_empty_space height=\u00a0\u00bb10px\u00a0\u00bb][vc_btn title=\u00a0\u00bb06 60 93 75 20&Prime; style=\u00a0\u00bbcustom\u00a0\u00bb custom_background=\u00a0\u00bb#ffffff\u00a0\u00bb custom_text=\u00a0\u00bb#204957&Prime; align=\u00a0\u00bbcenter\u00a0\u00bb i_icon_fontawesome=\u00a0\u00bbfas fa-phone-alt\u00a0\u00bb add_icon=\u00a0\u00bbtrue\u00a0\u00bb link=\u00a0\u00bburl:tel%3A0660937520&Prime; el_class=\u00a0\u00bbbtnbanner\u00a0\u00bb][\/vc_column][\/vc_row][vc_row el_class=\u00a0\u00bbdspnonedesktop2 bannermobilecta\u00a0\u00bb][vc_column][vc_empty_space height=\u00a0\u00bb20px\u00a0\u00bb][vc_column_text el_class=\u00a0\u00bbtextegrandtitreslider white\u00a0\u00bb]<\/p>\n<p class=\"titrebarrefooter\" style=\"text-align: center;\">Besoin d&rsquo;Informations ou d&rsquo;un Devis d&rsquo;Urgence !<\/p>\n<p>[\/vc_column_text][vc_column_text el_class=\u00a0\u00bbtextegrandtitreslider white\u00a0\u00bb]<\/p>\n<p class=\"textebarrefooter\" style=\"text-align: center;\">Quel que soit votre Secteur d&rsquo;Activit\u00e9 ou la taille de votre Entreprise ou Business. <strong>lifaaxis.com<\/strong> peut vous aider. Nous avons des \u00e9quipes d&rsquo;experts qui se consacrent \u00e0 nos clients comme vous.<\/p>\n<p>[\/vc_column_text][vc_btn title=\u00a0\u00bb06 60 93 75 20&Prime; style=\u00a0\u00bbcustom\u00a0\u00bb custom_background=\u00a0\u00bb#ffffff\u00a0\u00bb custom_text=\u00a0\u00bb#204957&Prime; align=\u00a0\u00bbcenter\u00a0\u00bb i_icon_fontawesome=\u00a0\u00bbfas fa-phone-alt\u00a0\u00bb add_icon=\u00a0\u00bbtrue\u00a0\u00bb link=\u00a0\u00bburl:tel%3A0660937520&Prime; el_class=\u00a0\u00bbbtnbannermobile\u00a0\u00bb][\/vc_column][\/vc_row]<\/p>\n<\/div>","protected":false},"excerpt":{"rendered":"<p>[vc_row full_width=\u00a0\u00bbstretch_row\u00a0\u00bb el_class=\u00a0\u00bbparangee1 parangeepad\u00a0\u00bb][vc_column][vc_column_text el_class=\u00a0\u00bbgrandtitreh2&Prime;] Transport &amp; Logistique Chine Afrique [\/vc_column_text][vc_column_text el_class=\u00a0\u00bbtextegrandtitreslider\u00a0\u00bb] Le service de transit de Lifa Axis facilite l\u2019exp\u00e9dition de vos marchandises de Chine<span class=\"excerpt-hellip\"> [\u2026]<\/span><\/p>\n","protected":false},"author":1,"featured_media":0,"parent":0,"menu_order":0,"comment_status":"closed","ping_status":"closed","template":"","meta":{"footnotes":""},"class_list":["post-331","page","type-page","status-publish","hentry"],"_links":{"self":[{"href":"https:\/\/atsaero.ma\/lifaaxis\/wp-json\/wp\/v2\/pages\/331","targetHints":{"allow":["GET"]}}],"collection":[{"href":"https:\/\/atsaero.ma\/lifaaxis\/wp-json\/wp\/v2\/pages"}],"about":[{"href":"https:\/\/atsaero.ma\/lifaaxis\/wp-json\/wp\/v2\/types\/page"}],"author":[{"embeddable":true,"href":"https:\/\/atsaero.ma\/lifaaxis\/wp-json\/wp\/v2\/users\/1"}],"replies":[{"embeddable":true,"href":"https:\/\/atsaero.ma\/lifaaxis\/wp-json\/wp\/v2\/comments?post=331"}],"version-history":[{"count":42,"href":"https:\/\/atsaero.ma\/lifaaxis\/wp-json\/wp\/v2\/pages\/331\/revisions"}],"predecessor-version":[{"id":651,"href":"https:\/\/atsaero.ma\/lifaaxis\/wp-json\/wp\/v2\/pages\/331\/revisions\/651"}],"wp:attachment":[{"href":"https:\/\/atsaero.ma\/lifaaxis\/wp-json\/wp\/v2\/media?parent=331"}],"curies":[{"name":"wp","href":"https:\/\/api.w.org\/{rel}","templated":true}]}}