{"id":298,"date":"2024-08-23T16:07:00","date_gmt":"2024-08-23T16:07:00","guid":{"rendered":"https:\/\/atsaero.ma\/lifaaxis\/?page_id=298"},"modified":"2024-10-02T21:31:27","modified_gmt":"2024-10-02T21:31:27","slug":"sourcing-achat-produit-chine","status":"publish","type":"page","link":"https:\/\/atsaero.ma\/lifaaxis\/sourcing-achat-produit-chine\/","title":{"rendered":"Sourcing &#038; Achat de Produit en Chine"},"content":{"rendered":"<div class=\"wpb-content-wrapper\"><p>[vc_row full_width=\u00a0\u00bbstretch_row\u00a0\u00bb el_class=\u00a0\u00bbparangee1 parangeepad\u00a0\u00bb][vc_column][vc_column_text el_class=\u00a0\u00bbgrandtitreh2&Prime;]<\/p>\n<h2 style=\"text-align: center;\">Sourcing &amp; Achat de Produit en Chine<\/h2>\n<p>[\/vc_column_text][vc_column_text el_class=\u00a0\u00bbtextegrandtitreslider\u00a0\u00bb]<\/p>\n<p style=\"text-align: center;\">Chez <strong>Lifa Axis<\/strong>, nous comprenons que le sourcing a un impact direct sur chaque aspect de votre entreprise : du prix \u00e0 la qualit\u00e9, en passant par les d\u00e9lais de livraison. En faisant appel \u00e0 nos agents de sourcing en <strong>Chine<\/strong> et au <strong>Maroc<\/strong>, vous pouvez identifier les fournisseurs id\u00e9aux qui r\u00e9pondent \u00e0 vos besoins sp\u00e9cifiques. Cette approche strat\u00e9gique peut non seulement am\u00e9liorer votre cha\u00eene d\u2019approvisionnement, qu&rsquo;elle soit bas\u00e9e au <strong>Maroc<\/strong> ou ailleurs, mais aussi maximiser la rentabilit\u00e9 de votre entreprise.<\/p>\n<p>[\/vc_column_text][vc_single_image image=\u00a0\u00bb142&Prime; img_size=\u00a0\u00bbfull\u00a0\u00bb alignment=\u00a0\u00bbcenter\u00a0\u00bb onclick=\u00a0\u00bbcustom_link\u00a0\u00bb link=\u00a0\u00bbhttps:\/\/atsaero.ma\/lifaaxis\/demander-un-devis\/\u00a0\u00bb][\/vc_column][\/vc_row][vc_row full_width=\u00a0\u00bbstretch_row\u00a0\u00bb gap=\u00a0\u00bb35&Prime; css=\u00a0\u00bb.vc_custom_1724365139290{background-color: #204957 !important;}\u00a0\u00bb el_class=\u00a0\u00bbparangeepad\u00a0\u00bb][vc_column][vc_column_text el_class=\u00a0\u00bbgrandtitreh2&Prime;]<\/p>\n<h2 class=\"white mrgbottomh2\" style=\"text-align: center;\">Identifiez le Fabricant ou Fournisseur Id\u00e9al pour vos Produits en Chine<\/h2>\n<p>[\/vc_column_text][vc_column_text el_class=\u00a0\u00bbtextegrandtitreslider white\u00a0\u00bb]<\/p>\n<p style=\"text-align: center;\">Chez <strong>Lifa Axis<\/strong>, nous savons qu\u2019aucune strat\u00e9gie de contr\u00f4le de qualit\u00e9 ni aucune gestion rigoureuse ne peuvent transformer une usine m\u00e9diocre en un fournisseur de premier ordre. La qualit\u00e9 sup\u00e9rieure commence avant tout par le choix du bon fabricant ou fournisseur d\u00e8s le d\u00e9but du processus. Si vous ne s\u00e9lectionnez pas le partenaire ad\u00e9quat pour vos produits import\u00e9s, que ce soit de <strong>Chine<\/strong> vers le <strong>Maroc<\/strong> ou vers d&rsquo;autres destinations en <strong>Afrique<\/strong>, les chances de succ\u00e8s de votre projet seront consid\u00e9rablement r\u00e9duites.<\/p>\n<p style=\"text-align: center;\">Nous croyons fermement que trouver le bon fournisseur implique de s\u00e9lectionner un fabricant ou un marchand comp\u00e9tent, \u00e9thique et exp\u00e9riment\u00e9, qui comprend les sp\u00e9cificit\u00e9s de votre march\u00e9, que ce soit au <strong>Maroc<\/strong> ou ailleurs. Il doit non seulement avoir la capacit\u00e9 de r\u00e9pondre \u00e0 vos exigences de qualit\u00e9 et de prix, mais aussi valoriser votre partenariat. Chez<strong> Lifa Axis<\/strong>, nous nous engageons \u00e0 vous accompagner dans la recherche de ce partenaire id\u00e9al, un \u00e9l\u00e9ment essentiel pour le succ\u00e8s de votre entreprise.<\/p>\n<p>[\/vc_column_text][vc_empty_space height=\u00a0\u00bb90px\u00a0\u00bb el_class=\u00a0\u00bbdspmobilenone2&Prime;][vc_empty_space height=\u00a0\u00bb10px\u00a0\u00bb][\/vc_column][\/vc_row][vc_row el_class=\u00a0\u00bbrangeepaphoto\u00a0\u00bb][vc_column width=\u00a0\u00bb1\/12&Prime;][\/vc_column][vc_column width=\u00a0\u00bb10\/12&Prime;][vc_single_image image=\u00a0\u00bb576&Prime; img_size=\u00a0\u00bbfull\u00a0\u00bb alignment=\u00a0\u00bbcenter\u00a0\u00bb][\/vc_column][vc_column width=\u00a0\u00bb1\/12&Prime;][\/vc_column][\/vc_row][vc_row full_width=\u00a0\u00bbstretch_row\u00a0\u00bb gap=\u00a0\u00bb35&Prime; equal_height=\u00a0\u00bbyes\u00a0\u00bb content_placement=\u00a0\u00bbmiddle\u00a0\u00bb el_class=\u00a0\u00bbparangeepad bgpictoavion mrgrangeetopforimage\u00a0\u00bb][vc_column width=\u00a0\u00bb1\/2&Prime;][vc_column_text el_class=\u00a0\u00bbgrandtitreh2&Prime;]<\/p>\n<h2 style=\"text-align: left;\">Votre Partenaire de Confiance pour le Sourcing et l&rsquo;Achat de Produits en Chine<\/h2>\n<p>[\/vc_column_text][vc_column_text el_class=\u00a0\u00bbtextegrandtitreslider\u00a0\u00bb]<\/p>\n<p style=\"text-align: left;\">Gr\u00e2ce \u00e0 notre approche strat\u00e9gique du sourcing,<strong> Lifa Axis<\/strong> a aid\u00e9 de nombreux clients \u00e0 d\u00e9velopper leur activit\u00e9, que ce soit au <strong>Maroc<\/strong>, en <strong>Chine<\/strong>, ou ailleurs en Afrique, tout en renfor\u00e7ant notre propre position sur le march\u00e9. Nous avons facilit\u00e9 la mise en march\u00e9 de millions de dollars de produits de qualit\u00e9, r\u00e9pondant aux exigences \u00e9lev\u00e9es de nos clients. Chez <strong>Lifa Axis<\/strong>, nous sommes passionn\u00e9s par le sourcing, car nous savons qu\u2019un sourcing r\u00e9ussi signifie non seulement la r\u00e9ussite de nos clients, que ce soit au <strong>Maroc<\/strong> ou sur d&rsquo;autres march\u00e9s, mais aussi la croissance continue de notre entreprise. En nous confiant vos besoins de sourcing, vous choisissez un partenaire engag\u00e9 \u00e0 votre succ\u00e8s.<\/p>\n<p>[\/vc_column_text][vc_single_image image=\u00a0\u00bb142&Prime; img_size=\u00a0\u00bbfull\u00a0\u00bb onclick=\u00a0\u00bbcustom_link\u00a0\u00bb link=\u00a0\u00bbhttps:\/\/atsaero.ma\/lifaaxis\/demander-un-devis\/\u00a0\u00bb][\/vc_column][vc_column width=\u00a0\u00bb1\/2&Prime;][vc_single_image image=\u00a0\u00bb246&Prime; img_size=\u00a0\u00bbfull\u00a0\u00bb alignment=\u00a0\u00bbcenter\u00a0\u00bb][\/vc_column][\/vc_row][vc_row full_width=\u00a0\u00bbstretch_row\u00a0\u00bb gap=\u00a0\u00bb35&Prime; css=\u00a0\u00bb.vc_custom_1724428180902{background-color: #204957 !important;}\u00a0\u00bb el_class=\u00a0\u00bbparangeepad bgbleuavecbateau\u00a0\u00bb][vc_column width=\u00a0\u00bb1\/4&Prime; el_class=\u00a0\u00bbdspnonemobile2&Prime;][\/vc_column][vc_column width=\u00a0\u00bb3\/4&Prime;][vc_column_text el_class=\u00a0\u00bbgrandtitreh2&Prime;]<\/p>\n<h2 class=\"white\" style=\"text-align: left;\">Recherche de Produits en Chine : Pourquoi Choisir Lifa Axis ?<\/h2>\n<p>[\/vc_column_text][vc_column_text el_class=\u00a0\u00bbtextegrandtitreslider white\u00a0\u00bb]<\/p>\n<p style=\"text-align: left;\">En collaborant avec <strong>Lifa Axis<\/strong>, vous b\u00e9n\u00e9ficiez de l\u2019expertise de nos agents professionnels bas\u00e9s en <strong>Chine<\/strong> et au <strong>Maroc<\/strong>, qui vous aident \u00e0 identifier les fabricants et fournisseurs les plus adapt\u00e9s \u00e0 vos besoins. Gr\u00e2ce \u00e0 notre pr\u00e9sence locale et notre connaissance approfondie des <strong>march\u00e9s chinois et marocain<\/strong>, nous vous assurons de trouver le partenaire id\u00e9al pour garantir la qualit\u00e9 et la comp\u00e9titivit\u00e9 de vos produits.<\/p>\n<p>[\/vc_column_text][vc_tta_accordion][vc_tta_section title=\u00a0\u00bb\u00c9quipe Pr\u00e9sente en Chine\u00a0\u00bb tab_id=\u00a0\u00bb1724429198636-5d66bc64-5a96&Prime;][vc_column_text]La pr\u00e9sence de Lifa Axis sur le terrain en Chine nous permet de v\u00e9rifier minutieusement les fournisseurs et de distinguer les meilleurs partenaires pour votre approvisionnement. Gr\u00e2ce \u00e0 notre \u00e9quipe locale, nous vous aidons \u00e0 prendre des d\u00e9cisions \u00e9clair\u00e9es, garantissant ainsi un sourcing intelligent et de qualit\u00e9 pour votre entreprise.[\/vc_column_text][\/vc_tta_section][vc_tta_section title=\u00a0\u00bbDes Usines et des Marchands que vous ne trouvez pas\u00a0\u00bb tab_id=\u00a0\u00bb1724429198655-8aec7e0c-0338&Prime;][vc_column_text]Chez Lifa Axis, nous vous offrons un acc\u00e8s \u00e0 des produits que vous ne trouverez pas sur Alibaba.com ou d&rsquo;autres sites anglophones ou francophones. En effet, 70 % de nos produits proviennent d&rsquo;usines qui se limitent souvent \u00e0 des salons professionnels en Chine, o\u00f9 se trouvent certaines des meilleures usines sp\u00e9cialis\u00e9es dans leur domaine. Profitez de notre expertise pour d\u00e9couvrir des produits exclusifs et de haute qualit\u00e9.[\/vc_column_text][\/vc_tta_section][vc_tta_section title=\u00a0\u00bb7 ans d&rsquo;exp\u00e9rience\u00a0\u00bb tab_id=\u00a0\u00bb1724429369705-10fbe582-fde1&Prime;][vc_column_text]Alors que notre Agence a \u00e9t\u00e9 cr\u00e9\u00e9e en 2014, nos agents de sourcing en Chine ont une exp\u00e9rience combin\u00e9e de 30 ans ![\/vc_column_text][\/vc_tta_section][vc_tta_section title=\u00a0\u00bbGagner du temps et \u00e9viter les erreurs\u00a0\u00bb tab_id=\u00a0\u00bb1724429388201-657dc3fe-1ba1&Prime;][vc_column_text]Chez Lifa Axis, nous savons que le choix de la bonne r\u00e9gion pour l&rsquo;approvisionnement, la compr\u00e9hension des sp\u00e9cifications et des mat\u00e9riaux, ainsi que la n\u00e9gociation du meilleur prix avec les fabricants et fournisseurs sont essentiels pour le succ\u00e8s de votre entreprise. Nous nous engageons \u00e0 optimiser ces aspects pour vous faire gagner du temps et \u00e9viter les pi\u00e8ges courants, assurant ainsi un processus d&rsquo;approvisionnement fluide et efficace.[\/vc_column_text][\/vc_tta_section][vc_tta_section title=\u00a0\u00bb180 millions de dollars\u00a0\u00bb tab_id=\u00a0\u00bb1724429417514-916780da-4985&Prime;][vc_column_text]Valeur Ajout\u00e9e des Produits Sourcing et Export\u00e9s avec Succ\u00e8s depuis la Chine par Lifa Axis[\/vc_column_text][\/vc_tta_section][\/vc_tta_accordion][\/vc_column][\/vc_row][vc_row full_width=\u00a0\u00bbstretch_row\u00a0\u00bb gap=\u00a0\u00bb35&Prime; el_class=\u00a0\u00bbparangeepad\u00a0\u00bb][vc_column][vc_column_text el_class=\u00a0\u00bbgrandtitreh2&Prime;]<\/p>\n<h2 class=\"mrgbottomh2\" style=\"text-align: center;\">Pourquoi Choisir Lifa Axis : Les Avantages Cl\u00e9s<\/h2>\n<p>[\/vc_column_text][vc_column_text el_class=\u00a0\u00bbtextegrandtitreslider\u00a0\u00bb]<\/p>\n<p style=\"text-align: center;\"><strong>Un Service Sans Tracas :<\/strong> En tant que partenaire de confiance, Lifa Axis vous offre un service sans souci en prenant en charge l&rsquo;int\u00e9gralit\u00e9 du processus de sourcing et d&rsquo;exp\u00e9dition. Nous g\u00e9rons chaque \u00e9tape de mani\u00e8re transparente, de la recherche de produits \u00e0 la livraison, en passant par les formalit\u00e9s douani\u00e8res et la documentation. Avec nous, vous b\u00e9n\u00e9ficiez d&rsquo;une exp\u00e9rience fluide et sans stress.<\/p>\n<p style=\"text-align: center;\"><strong>Des Prix Comp\u00e9titifs :<\/strong> Fort de nombreuses ann\u00e9es d&rsquo;exp\u00e9rience dans l&rsquo;industrie, Lifa Axis a \u00e9tabli des contrats \u00e0 long terme avec des fabricants, des marchands chinois et des transporteurs de renom. Cette expertise nous permet de vous proposer des prix comp\u00e9titifs tout en garantissant une qualit\u00e9 exceptionnelle. La grande quantit\u00e9 de marchandises que nous livrons chaque ann\u00e9e contribue \u00e9galement \u00e0 maintenir des tarifs avantageux pour nos clients.<\/p>\n<p style=\"text-align: center;\"><strong>Livraison Dans les D\u00e9lais :<\/strong> Les d\u00e9lais sont cruciaux dans le monde des affaires. C&rsquo;est pourquoi nous collaborons uniquement avec des transporteurs fiables et \u00e9prouv\u00e9s pour assurer une livraison rapide et s\u00e9curis\u00e9e de vos marchandises en Afrique. Avec Lifa Axis, vous pouvez compter sur une ponctualit\u00e9 et une fiabilit\u00e9 constantes pour toutes vos exp\u00e9ditions.<\/p>\n<p>[\/vc_column_text][\/vc_column][\/vc_row][vc_row full_width=\u00a0\u00bbstretch_row\u00a0\u00bb gap=\u00a0\u00bb35&Prime; equal_height=\u00a0\u00bbyes\u00a0\u00bb content_placement=\u00a0\u00bbmiddle\u00a0\u00bb disable_element=\u00a0\u00bbyes\u00a0\u00bb css=\u00a0\u00bb.vc_custom_1724429972061{background-color: #204957 !important;}\u00a0\u00bb el_class=\u00a0\u00bbparangeepad bgblueworld padzerobottom\u00a0\u00bb][vc_column width=\u00a0\u00bb1\/2&Prime;][vc_column_text el_class=\u00a0\u00bbgrandtitreh2&Prime;]<\/p>\n<h2 class=\"white\" style=\"text-align: left;\">Une Expertise dans tous les Domaines<\/h2>\n<p>[\/vc_column_text][vc_column_text el_class=\u00a0\u00bbtextegrandtitreslider white\u00a0\u00bb]<\/p>\n<p style=\"text-align: left;\">Lorem ipsum dolor sit amet, consectetur adipiscing elit. Suspendisse gravida aliquam ligula, id laoreet ipsum faucibus id. Nullam pulvinar tortor et purus tincidunt, id molestie nisi suscipit. Maecenas sit amet felis nunc. Nulla porta cursus orci, sed commodo ex congue nec. Suspendisse non blandit neque. Nullam ut arcu vel neque viverra mattis.<\/p>\n<p>[\/vc_column_text][vc_single_image image=\u00a0\u00bb142&Prime; img_size=\u00a0\u00bbfull\u00a0\u00bb][\/vc_column][vc_column width=\u00a0\u00bb1\/2&Prime;][vc_single_image image=\u00a0\u00bb256&Prime; img_size=\u00a0\u00bbfull\u00a0\u00bb alignment=\u00a0\u00bbcenter\u00a0\u00bb el_class=\u00a0\u00bbimgrangeebleumrg\u00a0\u00bb][\/vc_column][\/vc_row][vc_row full_width=\u00a0\u00bbstretch_row\u00a0\u00bb gap=\u00a0\u00bb35&Prime; equal_height=\u00a0\u00bbyes\u00a0\u00bb content_placement=\u00a0\u00bbmiddle\u00a0\u00bb disable_element=\u00a0\u00bbyes\u00a0\u00bb el_class=\u00a0\u00bbparangeepad bgblancpa\u00a0\u00bb][vc_column width=\u00a0\u00bb1\/2&Prime; el_class=\u00a0\u00bbmrgphotorangeebottom\u00a0\u00bb][vc_single_image image=\u00a0\u00bb265&Prime; img_size=\u00a0\u00bbfull\u00a0\u00bb alignment=\u00a0\u00bbcenter\u00a0\u00bb][\/vc_column][vc_column width=\u00a0\u00bb1\/2&Prime;][vc_column_text el_class=\u00a0\u00bbgrandtitreh2&Prime;]<\/p>\n<h2 style=\"text-align: left;\">Une Expertise dans tous les Domaines<\/h2>\n<p>[\/vc_column_text][vc_column_text el_class=\u00a0\u00bbtextegrandtitreslider\u00a0\u00bb]<\/p>\n<p style=\"text-align: left;\">Lorem ipsum dolor sit amet, consectetur adipiscing elit. Suspendisse gravida aliquam ligula, id laoreet ipsum faucibus id. Nullam pulvinar tortor et purus tincidunt, id molestie nisi suscipit. Maecenas sit amet felis nunc. Nulla porta cursus orci, sed commodo ex congue nec. Suspendisse non blandit neque. Nullam ut arcu vel neque viverra mattis.<\/p>\n<p>[\/vc_column_text][vc_single_image image=\u00a0\u00bb142&Prime; img_size=\u00a0\u00bbfull\u00a0\u00bb][\/vc_column][\/vc_row][vc_row equal_height=\u00a0\u00bbyes\u00a0\u00bb content_placement=\u00a0\u00bbmiddle\u00a0\u00bb el_class=\u00a0\u00bbcadrecallnow dspnonemobile2&Prime;][vc_column width=\u00a0\u00bb2\/4&Prime;][vc_empty_space height=\u00a0\u00bb10px\u00a0\u00bb][vc_column_text el_class=\u00a0\u00bbtextegrandtitreslider white\u00a0\u00bb]<\/p>\n<p class=\"titrebarrefooter\" style=\"text-align: center;\">Besoin d&rsquo;Informations ou d&rsquo;un Devis d&rsquo;Urgence !<\/p>\n<p>[\/vc_column_text][vc_column_text el_class=\u00a0\u00bbtextegrandtitreslider white\u00a0\u00bb]<\/p>\n<p class=\"textebarrefooter\" style=\"text-align: center;\">Quel que soit votre Secteur d&rsquo;Activit\u00e9 ou la taille de votre Entreprise ou Business. <strong>lifaaxis.com<\/strong> peut vous aider. Nous avons des \u00e9quipes d&rsquo;experts qui se consacrent \u00e0 nos clients comme vous.<\/p>\n<p>[\/vc_column_text][\/vc_column][vc_column width=\u00a0\u00bb1\/4&Prime;][vc_single_image image=\u00a0\u00bb271&Prime; img_size=\u00a0\u00bbfull\u00a0\u00bb el_class=\u00a0\u00bbphotocadrecall\u00a0\u00bb][\/vc_column][vc_column width=\u00a0\u00bb1\/4&Prime;][vc_empty_space height=\u00a0\u00bb10px\u00a0\u00bb][vc_btn title=\u00a0\u00bb06 60 93 75 20&Prime; style=\u00a0\u00bbcustom\u00a0\u00bb custom_background=\u00a0\u00bb#ffffff\u00a0\u00bb custom_text=\u00a0\u00bb#204957&Prime; align=\u00a0\u00bbcenter\u00a0\u00bb i_icon_fontawesome=\u00a0\u00bbfas fa-phone-alt\u00a0\u00bb add_icon=\u00a0\u00bbtrue\u00a0\u00bb link=\u00a0\u00bburl:tel%3A0660937520&Prime; el_class=\u00a0\u00bbbtnbanner\u00a0\u00bb][\/vc_column][\/vc_row][vc_row el_class=\u00a0\u00bbdspnonedesktop2 bannermobilecta\u00a0\u00bb][vc_column][vc_empty_space height=\u00a0\u00bb20px\u00a0\u00bb][vc_column_text el_class=\u00a0\u00bbtextegrandtitreslider white\u00a0\u00bb]<\/p>\n<p class=\"titrebarrefooter\" style=\"text-align: center;\">Besoin d&rsquo;Informations ou d&rsquo;un Devis d&rsquo;Urgence !<\/p>\n<p>[\/vc_column_text][vc_column_text el_class=\u00a0\u00bbtextegrandtitreslider white\u00a0\u00bb]<\/p>\n<p class=\"textebarrefooter\" style=\"text-align: center;\">Quel que soit votre Secteur d&rsquo;Activit\u00e9 ou la taille de votre Entreprise ou Business. <strong>lifaaxis.com<\/strong> peut vous aider. Nous avons des \u00e9quipes d&rsquo;experts qui se consacrent \u00e0 nos clients comme vous.<\/p>\n<p>[\/vc_column_text][vc_btn title=\u00a0\u00bb06 60 93 75 20&Prime; style=\u00a0\u00bbcustom\u00a0\u00bb custom_background=\u00a0\u00bb#ffffff\u00a0\u00bb custom_text=\u00a0\u00bb#204957&Prime; align=\u00a0\u00bbcenter\u00a0\u00bb i_icon_fontawesome=\u00a0\u00bbfas fa-phone-alt\u00a0\u00bb add_icon=\u00a0\u00bbtrue\u00a0\u00bb link=\u00a0\u00bburl:tel%3A0660937520&Prime; el_class=\u00a0\u00bbbtnbannermobile\u00a0\u00bb][\/vc_column][\/vc_row]<\/p>\n<\/div>","protected":false},"excerpt":{"rendered":"<p>[vc_row full_width=\u00a0\u00bbstretch_row\u00a0\u00bb el_class=\u00a0\u00bbparangee1 parangeepad\u00a0\u00bb][vc_column][vc_column_text el_class=\u00a0\u00bbgrandtitreh2&Prime;] Sourcing &amp; Achat de Produit en Chine [\/vc_column_text][vc_column_text el_class=\u00a0\u00bbtextegrandtitreslider\u00a0\u00bb] Chez Lifa Axis, nous comprenons que le sourcing a un impact direct<span class=\"excerpt-hellip\"> [\u2026]<\/span><\/p>\n","protected":false},"author":1,"featured_media":0,"parent":0,"menu_order":0,"comment_status":"closed","ping_status":"closed","template":"","meta":{"footnotes":""},"class_list":["post-298","page","type-page","status-publish","hentry"],"_links":{"self":[{"href":"https:\/\/atsaero.ma\/lifaaxis\/wp-json\/wp\/v2\/pages\/298","targetHints":{"allow":["GET"]}}],"collection":[{"href":"https:\/\/atsaero.ma\/lifaaxis\/wp-json\/wp\/v2\/pages"}],"about":[{"href":"https:\/\/atsaero.ma\/lifaaxis\/wp-json\/wp\/v2\/types\/page"}],"author":[{"embeddable":true,"href":"https:\/\/atsaero.ma\/lifaaxis\/wp-json\/wp\/v2\/users\/1"}],"replies":[{"embeddable":true,"href":"https:\/\/atsaero.ma\/lifaaxis\/wp-json\/wp\/v2\/comments?post=298"}],"version-history":[{"count":22,"href":"https:\/\/atsaero.ma\/lifaaxis\/wp-json\/wp\/v2\/pages\/298\/revisions"}],"predecessor-version":[{"id":650,"href":"https:\/\/atsaero.ma\/lifaaxis\/wp-json\/wp\/v2\/pages\/298\/revisions\/650"}],"wp:attachment":[{"href":"https:\/\/atsaero.ma\/lifaaxis\/wp-json\/wp\/v2\/media?parent=298"}],"curies":[{"name":"wp","href":"https:\/\/api.w.org\/{rel}","templated":true}]}}