{"id":380,"date":"2024-03-29T23:40:16","date_gmt":"2024-03-29T23:40:16","guid":{"rendered":"https:\/\/atsaero.ma\/edison\/?page_id=380"},"modified":"2024-03-29T23:41:43","modified_gmt":"2024-03-29T23:41:43","slug":"demande-devis-radiateur-electrique","status":"publish","type":"page","link":"https:\/\/atsaero.ma\/edison\/demande-devis-radiateur-electrique\/","title":{"rendered":"Demande devis &#8211; Radiateur \u00e9lectrique"},"content":{"rendered":"<div class=\"wpb-content-wrapper\"><p>[vc_row gap=\u00a0\u00bb35&Prime; equal_height=\u00a0\u00bbyes\u00a0\u00bb content_placement=\u00a0\u00bbmiddle\u00a0\u00bb el_class=\u00a0\u00bbrangeebrochure\u00a0\u00bb][vc_column width=\u00a0\u00bb8\/12&Prime;][vc_column_text el_class=\u00a0\u00bbtextctabrochure\u00a0\u00bb]Pour en savoir plus sur les avantages et les sp\u00e9cificit\u00e9s de nos solutions, consultez notre brochure d\u00e9taill\u00e9e.[\/vc_column_text][\/vc_column][vc_column width=\u00a0\u00bb4\/12&Prime;][vc_btn title=\u00a0\u00bbT\u00e9l\u00e9charger la brochure\u00a0\u00bb style=\u00a0\u00bbcustom\u00a0\u00bb custom_background=\u00a0\u00bb#2b4082&Prime; custom_text=\u00a0\u00bb#ffffff\u00a0\u00bb size=\u00a0\u00bblg\u00a0\u00bb align=\u00a0\u00bbcenter\u00a0\u00bb i_icon_fontawesome=\u00a0\u00bbfar fa-file-alt\u00a0\u00bb add_icon=\u00a0\u00bbtrue\u00a0\u00bb link=\u00a0\u00bburl:%23|target:_blank\u00a0\u00bb][\/vc_column][\/vc_row][vc_row full_width=\u00a0\u00bbstretch_row\u00a0\u00bb el_class=\u00a0\u00bbpadrangee formulaire\u00a0\u00bb css=\u00a0\u00bb.vc_custom_1710684141035{background-image: url(https:\/\/atsaero.ma\/edison\/wp-content\/uploads\/2024\/03\/home.png.webp?id=265) !important;background-position: center !important;background-repeat: no-repeat !important;background-size: cover !important;}\u00a0\u00bb][vc_column el_class=\u00a0\u00bbformulaire\u00a0\u00bb][vc_column_text]<\/p>\n<h2 class=\"titreh2\" style=\"text-align: center;\">Demande de devis<\/h2>\n<p>[\/vc_column_text][vc_column_text css=\u00a0\u00bb.vc_custom_1710682345426{margin-top: -20px !important;}\u00a0\u00bb]<\/p>\n<p style=\"text-align: center;\">Pr\u00eat \u00e0 transformer vos d\u00e9penses \u00e9nerg\u00e9tiques en \u00e9conomies durables ?<\/p>\n<p>[\/vc_column_text][vc_column_text]<div class=\"wpforms-container wpforms-container-full\" id=\"wpforms-174\"><form id=\"wpforms-form-174\" class=\"wpforms-validate wpforms-form wpforms-ajax-form\" data-formid=\"174\" method=\"post\" enctype=\"multipart\/form-data\" action=\"\/edison\/wp-json\/wp\/v2\/pages\/380\" data-token=\"0db1d16273cfe0c0022b7eb20e24fe9f\"><noscript class=\"wpforms-error-noscript\">Veuillez activer JavaScript dans votre navigateur pour remplir ce formulaire.<\/noscript><div class=\"wpforms-field-container\"><div id=\"wpforms-174-field_1-container\" class=\"wpforms-field wpforms-field-name wpforms-one-half wpforms-first\" data-field-id=\"1\"><label class=\"wpforms-field-label\" for=\"wpforms-174-field_1\">Votre nom <span class=\"wpforms-required-label\">*<\/span><\/label><input type=\"text\" id=\"wpforms-174-field_1\" class=\"wpforms-field-large wpforms-field-required\" name=\"wpforms[fields][1]\" required><\/div><div id=\"wpforms-174-field_2-container\" class=\"wpforms-field wpforms-field-phone wpforms-one-half\" data-field-id=\"2\"><label class=\"wpforms-field-label\" for=\"wpforms-174-field_2\">T\u00e9l\u00e9phone<\/label><input type=\"tel\" id=\"wpforms-174-field_2\" class=\"wpforms-field-large wpforms-smart-phone-field\" data-rule-smart-phone-field=\"true\" name=\"wpforms[fields][2]\" ><\/div><div id=\"wpforms-174-field_3-container\" class=\"wpforms-field wpforms-field-checkbox wpforms-list-inline\" data-field-id=\"3\"><label class=\"wpforms-field-label\" for=\"wpforms-174-field_3\">Votre demande concerne : <\/label><ul id=\"wpforms-174-field_3\"><li class=\"choice-1 depth-1\"><input type=\"checkbox\" id=\"wpforms-174-field_3_1\" name=\"wpforms[fields][3][]\" value=\"Solaire Photovolta\u00efque\"  ><label class=\"wpforms-field-label-inline\" for=\"wpforms-174-field_3_1\">Solaire Photovolta\u00efque<\/label><\/li><li class=\"choice-2 depth-1\"><input type=\"checkbox\" id=\"wpforms-174-field_3_2\" name=\"wpforms[fields][3][]\" value=\"Chauffage PAC Air\/Eau\"  ><label class=\"wpforms-field-label-inline\" for=\"wpforms-174-field_3_2\">Chauffage PAC Air\/Eau<\/label><\/li><li class=\"choice-3 depth-1\"><input type=\"checkbox\" id=\"wpforms-174-field_3_3\" name=\"wpforms[fields][3][]\" value=\"Climatisation PAC Air\/Air\"  ><label class=\"wpforms-field-label-inline\" for=\"wpforms-174-field_3_3\">Climatisation PAC Air\/Air<\/label><\/li><li class=\"choice-4 depth-1\"><input type=\"checkbox\" id=\"wpforms-174-field_3_4\" name=\"wpforms[fields][3][]\" value=\"Isolation des combles\"  ><label class=\"wpforms-field-label-inline\" for=\"wpforms-174-field_3_4\">Isolation des combles<\/label><\/li><li class=\"choice-5 depth-1\"><input type=\"checkbox\" id=\"wpforms-174-field_3_5\" name=\"wpforms[fields][3][]\" value=\"R\u00e9novation Globale\"  ><label class=\"wpforms-field-label-inline\" for=\"wpforms-174-field_3_5\">R\u00e9novation Globale<\/label><\/li><\/ul><\/div><div id=\"wpforms-174-field_4-container\" class=\"wpforms-field wpforms-field-radio wpforms-list-inline\" data-field-id=\"4\"><label class=\"wpforms-field-label\" for=\"wpforms-174-field_4\">Choisissez l&#039;heure de rappel :<\/label><ul id=\"wpforms-174-field_4\"><li class=\"choice-1 depth-1\"><input type=\"radio\" id=\"wpforms-174-field_4_1\" name=\"wpforms[fields][4]\" value=\"09:00 - 12:00\"  ><label class=\"wpforms-field-label-inline\" for=\"wpforms-174-field_4_1\">09:00 - 12:00<\/label><\/li><li class=\"choice-2 depth-1\"><input type=\"radio\" id=\"wpforms-174-field_4_2\" name=\"wpforms[fields][4]\" value=\"12:00 - 14:00\"  ><label class=\"wpforms-field-label-inline\" for=\"wpforms-174-field_4_2\">12:00 - 14:00<\/label><\/li><li class=\"choice-3 depth-1\"><input type=\"radio\" id=\"wpforms-174-field_4_3\" name=\"wpforms[fields][4]\" value=\"14:00 - 17:00\"  ><label class=\"wpforms-field-label-inline\" for=\"wpforms-174-field_4_3\">14:00 - 17:00<\/label><\/li><li class=\"choice-4 depth-1\"><input type=\"radio\" id=\"wpforms-174-field_4_4\" name=\"wpforms[fields][4]\" value=\"17:00 - 20:00\"  ><label class=\"wpforms-field-label-inline\" for=\"wpforms-174-field_4_4\">17:00 - 20:00<\/label><\/li><\/ul><\/div><\/div><div class=\"wpforms-submit-container\"><input type=\"hidden\" name=\"wpforms[id]\" value=\"174\"><input type=\"hidden\" name=\"wpforms[author]\" value=\"2\"><button type=\"submit\" name=\"wpforms[submit]\" id=\"wpforms-submit-174\" class=\"wpforms-submit\" data-alt-text=\"Envoi...\" data-submit-text=\"Envoyer\" aria-live=\"assertive\" value=\"wpforms-submit\">Envoyer<\/button><img loading=\"lazy\" decoding=\"async\" src=\"https:\/\/atsaero.ma\/edison\/wp-content\/plugins\/wpforms\/assets\/images\/submit-spin.svg\" class=\"wpforms-submit-spinner\" style=\"display: none;\" width=\"26\" height=\"26\" alt=\"\"><\/div><\/form><\/div>  <!-- .wpforms-container -->[\/vc_column_text][\/vc_column][\/vc_row][vc_row el_class=\u00a0\u00bbpadrangee\u00a0\u00bb][vc_column][vc_column_text css=\u00a0\u00bb.vc_custom_1710684062100{margin-top: -20px !important;}\u00a0\u00bb]<\/p>\n<p style=\"text-align: center;\">Conform\u00e9ment \u00e0 l&rsquo;article 34 de la loi Informatique et Libert\u00e9 du 6 janvier 1978, vous disposez d&rsquo;un droit d&rsquo;acc\u00e8s, de modification et de suppression des donn\u00e9es qui vous concernent. Pour l&rsquo;exercer, adressez-vous \u00e0 contact@edisonenergies.fr<\/p>\n<p>[\/vc_column_text][vc_column_text]<\/p>\n<h3>Demande de devis : votre projet de r\u00e9novation \u00e9nerg\u00e9tique<\/h3>\n<p>[\/vc_column_text][vc_column_text css=\u00a0\u00bb.vc_custom_1710684312186{margin-top: -20px !important;}\u00a0\u00bb]Vous \u00eates soucieux de r\u00e9duire votre empreinte carbone, d&rsquo;am\u00e9liorer le confort de votre maison et de r\u00e9aliser des \u00e9conomies sur vos factures d&rsquo;\u00e9nergie, vous \u00eates ? Chez Edison Energies, nous sommes sp\u00e9cialis\u00e9s dans la transformation de votre domicile en un espace \u00e9co-\u00e9nerg\u00e9tique et durable. Remplissez le formulaire pour obtenir un devis personnalis\u00e9 et d\u00e9couvrez comment nous pouvons vous aider \u00e0 atteindre vos objectifs de r\u00e9novation \u00e9nerg\u00e9tique.[\/vc_column_text][vc_column_text]<\/p>\n<h3>Devis pour l&rsquo;installation d&rsquo;une pompe \u00e0 chaleur<\/h3>\n<p>[\/vc_column_text][vc_column_text css=\u00a0\u00bb.vc_custom_1710684343883{margin-top: -20px !important;}\u00a0\u00bb]L&rsquo;installation d&rsquo;une pompe \u00e0 chaleur est l&rsquo;une des \u00e9tapes cl\u00e9s de la r\u00e9novation \u00e9nerg\u00e9tique, vous permettant de maximiser l&rsquo;efficacit\u00e9 \u00e9nerg\u00e9tique de votre domicile. Notre \u00e9quipe d&rsquo;experts qualifi\u00e9s est comp\u00e9tente dans l&rsquo;installation de pompes \u00e0 chaleur de haute qualit\u00e9. Ces syst\u00e8mes innovants tirent parti de l&rsquo;\u00e9nergie renouvelable de l&rsquo;air, de la terre ou de l&rsquo;eau pour chauffer et refroidir votre maison de mani\u00e8re efficace.<\/p>\n<p>L&rsquo;installation d&rsquo;une pompe \u00e0 chaleur commence par une \u00e9valuation minutieuse de votre propri\u00e9t\u00e9 pour d\u00e9terminer l&#8217;emplacement optimal, le type de pompe \u00e0 chaleur adapt\u00e9 \u00e0 vos besoins et le dimensionnement appropri\u00e9. Nous nous engageons \u00e0 vous fournir une solution sur mesure, qu&rsquo;il s&rsquo;agisse d&rsquo;une pompe \u00e0 chaleur air-air ou air-eau.[\/vc_column_text][vc_column_text]<\/p>\n<h3>Installation de panneaux photovolta\u00efques<\/h3>\n<p>[\/vc_column_text][vc_column_text css=\u00a0\u00bb.vc_custom_1710684407302{margin-top: -20px !important;}\u00a0\u00bb]L&rsquo;installation de panneaux photovolta\u00efques est un \u00e9l\u00e9ment central de tout projet de r\u00e9novation \u00e9nerg\u00e9tique ax\u00e9 sur la production d&rsquo;\u00e9nergie renouvelable. Chez Edison Energies, nous comprenons l&rsquo;importance de tirer parti de l&rsquo;\u00e9nergie solaire pour r\u00e9duire votre empreinte carbone et vos factures d&rsquo;\u00e9lectricit\u00e9. Notre \u00e9quipe d&rsquo;experts qualifi\u00e9s est sp\u00e9cialis\u00e9e dans la planification et l&rsquo;installation de syst\u00e8mes photovolta\u00efques sur mesure.<\/p>\n<p>Le processus d&rsquo;installation de panneaux photovolta\u00efques commence par une \u00e9valuation d\u00e9taill\u00e9e de votre toit ou de l&#8217;emplacement appropri\u00e9. Nous nous assurons que les panneaux sont correctement orient\u00e9s pour maximiser l&rsquo;exposition au soleil, optimisant ainsi la production d&rsquo;\u00e9nergie. Notre \u00e9quipe prend \u00e9galement en compte les besoins \u00e9nerg\u00e9tiques sp\u00e9cifiques de votre maison, vous garantissant un syst\u00e8me parfaitement adapt\u00e9.<\/p>\n<p>L&rsquo;installation de panneaux photovolta\u00efques est un investissement intelligent qui offre des avantages \u00e0 long terme, notamment des \u00e9conomies sur vos factures d&rsquo;\u00e9lectricit\u00e9 et une contribution positive \u00e0 l&rsquo;environnement. Contactez-nous pour obtenir un devis personnalis\u00e9 pour l&rsquo;installation de panneaux solaires et d\u00e9couvrez comment vous pouvez transformer votre toit en une source d&rsquo;\u00e9nergie renouvelable durable.<\/p>\n<p>Votre projet de r\u00e9novation \u00e9nerg\u00e9tique se pr\u00e9cise ? Contactez les \u00e9quipes Edison Energies et b\u00e9n\u00e9ficiez des conseils de votre conseiller en r\u00e9novation \u00e9nerg\u00e9tique. Il d\u00e9terminera avec vous vos besoins et vous accompagnera de A \u00e0 Z.[\/vc_column_text][\/vc_column][\/vc_row]<\/p>\n<\/div>","protected":false},"excerpt":{"rendered":"<p>[vc_row gap=\u00a0\u00bb35&Prime; equal_height=\u00a0\u00bbyes\u00a0\u00bb content_placement=\u00a0\u00bbmiddle\u00a0\u00bb el_class=\u00a0\u00bbrangeebrochure\u00a0\u00bb][vc_column width=\u00a0\u00bb8\/12&Prime;][vc_column_text el_class=\u00a0\u00bbtextctabrochure\u00a0\u00bb]Pour en savoir plus sur les avantages et les sp\u00e9cificit\u00e9s de nos solutions, consultez notre brochure d\u00e9taill\u00e9e.[\/vc_column_text][\/vc_column][vc_column width=\u00a0\u00bb4\/12&Prime;][vc_btn title=\u00a0\u00bbT\u00e9l\u00e9charger la<span class=\"excerpt-hellip\"> [\u2026]<\/span><\/p>\n","protected":false},"author":2,"featured_media":0,"parent":0,"menu_order":0,"comment_status":"closed","ping_status":"closed","template":"","meta":{"footnotes":""},"class_list":["post-380","page","type-page","status-publish","hentry"],"_links":{"self":[{"href":"https:\/\/atsaero.ma\/edison\/wp-json\/wp\/v2\/pages\/380","targetHints":{"allow":["GET"]}}],"collection":[{"href":"https:\/\/atsaero.ma\/edison\/wp-json\/wp\/v2\/pages"}],"about":[{"href":"https:\/\/atsaero.ma\/edison\/wp-json\/wp\/v2\/types\/page"}],"author":[{"embeddable":true,"href":"https:\/\/atsaero.ma\/edison\/wp-json\/wp\/v2\/users\/2"}],"replies":[{"embeddable":true,"href":"https:\/\/atsaero.ma\/edison\/wp-json\/wp\/v2\/comments?post=380"}],"version-history":[{"count":2,"href":"https:\/\/atsaero.ma\/edison\/wp-json\/wp\/v2\/pages\/380\/revisions"}],"predecessor-version":[{"id":382,"href":"https:\/\/atsaero.ma\/edison\/wp-json\/wp\/v2\/pages\/380\/revisions\/382"}],"wp:attachment":[{"href":"https:\/\/atsaero.ma\/edison\/wp-json\/wp\/v2\/media?parent=380"}],"curies":[{"name":"wp","href":"https:\/\/api.w.org\/{rel}","templated":true}]}}