{"id":347,"date":"2023-01-28T18:40:24","date_gmt":"2023-01-28T18:40:24","guid":{"rendered":"https:\/\/atsaero.ma\/atlasuniservices\/?page_id=347"},"modified":"2023-01-31T20:31:11","modified_gmt":"2023-01-31T20:31:11","slug":"master","status":"publish","type":"page","link":"https:\/\/atsaero.ma\/atlasuniservices\/master\/","title":{"rendered":"Master"},"content":{"rendered":"<section class=\"wpb-content-wrapper\"><p>[vc_row disable_element=&#8221;yes&#8221;][vc_column][vc_column_text]<\/p>\n<h2 style=\"text-align: center;\">Nos Destinations<\/h2>\n<p>[\/vc_column_text][\/vc_column][\/vc_row][vc_row equal_height=&#8221;yes&#8221; content_placement=&#8221;middle&#8221; el_class=&#8221;padrangee1&#8243;][vc_column css_animation=&#8221;fadeInLeft&#8221; width=&#8221;1\/2&#8243;][vc_column_text]<\/p>\n<h3 style=\"text-align: left;\">Master<\/h3>\n<p>[\/vc_column_text][vc_column_text]Le\u00a0master\u00a0est le deuxi\u00e8me dipl\u00f4me universitaire d\u2019Etat, obtenu au terme de deux ann\u00e9es d\u2019\u00e9tudes, juste apr\u00e8s le grade de la\u00a0licence\u00a0(Bac+3) ou du Bachelor (Bac+4) et avant le doctorat (Bac+8). Il \u00e9tablit de mani\u00e8re officielle le niveau d\u2019une\u00a0formation \u00e0 Bac+5\/6\u00a0(Master 1\u00a0et Master 2).<\/p>\n<p>Le Master peut \u00eatre :<\/p>\n<ul>\n<li>Un dipl\u00f4me national universitaire qui vient apr\u00e8s la licence LMD (LICENCE, MASTER, DOCTORAT) .<\/li>\n<li>Une formation bac + 5 octroy\u00e9e par certaines grandes \u00e9coles telles que les \u00e9coles d\u2019ing\u00e9nieurs, les \u00e9coles de commerce, les \u00e9coles de management, etc..<\/li>\n<li>Un dipl\u00f4me Canadien de deux ans qui vient apr\u00e8s le Bachelor. Pour int\u00e9grer un Master au canada, il faudra avoir fait 4 ans d&#8217;\u00e9tudes auparavant: donc soit un Bachelor Honours soit une licence et une ann\u00e9e de M1.<\/li>\n<\/ul>\n<p>[\/vc_column_text][\/vc_column][vc_column css_animation=&#8221;fadeInRight&#8221; width=&#8221;1\/2&#8243;][vc_single_image image=&#8221;325&#8243; img_size=&#8221;full&#8221; alignment=&#8221;center&#8221;][\/vc_column][vc_column][vc_column_text]Il est tr\u00e8s important de bien choisir son master et c\u2019est un choix important et hautement strat\u00e9gique qu\u2019il faut effectuer. Le master c\u2019est souvent la toute derni\u00e8re \u00e9tape avant une quelconque insertion professionnelle. Il s\u2019agit d\u2019un dipl\u00f4me cl\u00e9 qui sert \u00e0 d\u00e9terminer un salaire d\u2019embauche, des perspectives d\u2019\u00e9volution et des types de responsabilit\u00e9s.<\/p>\n<p>Posez-vous des questions comme par exemple quelle sp\u00e9cialit\u00e9 devez-vous choisir ? Quel que soit la discipline dans laquelle vous \u00eates. Sachez que lorsque vous optez pour un master, c\u2019est que vous \u00eates en train de faire le choix d\u2019une sp\u00e9cialisation en vue d\u2019une carri\u00e8re professionnelle dans ce secteur sans doute. Donc avant m\u00eame de vous lancer, il est tr\u00e8s important de conna\u00eetre les secteurs d\u2019activit\u00e9s ainsi que les m\u00e9tiers vers lesquels vous souhaitez vous diriger.[\/vc_column_text][\/vc_column][\/vc_row][vc_row equal_height=&#8221;yes&#8221; content_placement=&#8221;middle&#8221;][vc_column][vc_empty_space height=&#8221;10px&#8221;][\/vc_column][\/vc_row][vc_row][vc_column css_animation=&#8221;fadeInUp&#8221;][vc_column_text]<\/p>\n<h2 style=\"text-align: center;\">Formulaire de contact<\/h2>\n<p style=\"text-align: center; font-size: 1.3em;\">Envoyez-nous toutes vos questions, notre priorit\u00e9 c&#8217;est vous<\/p>\n<p>[\/vc_column_text][vc_column_text]<div class=\"wpforms-container wpforms-container-full\" id=\"wpforms-244\"><form id=\"wpforms-form-244\" class=\"wpforms-validate wpforms-form wpforms-ajax-form\" data-formid=\"244\" method=\"post\" enctype=\"multipart\/form-data\" action=\"\/atlasuniservices\/wp-json\/wp\/v2\/pages\/347\" data-token=\"49001f02135cbaf8901a05b3fb3ed8e2\"><noscript class=\"wpforms-error-noscript\">Please enable JavaScript in your browser to complete this form.<\/noscript><div class=\"wpforms-field-container\"><div id=\"wpforms-244-field_7-container\" class=\"wpforms-field wpforms-field-text wpforms-one-half wpforms-first\" data-field-id=\"7\"><label class=\"wpforms-field-label\" for=\"wpforms-244-field_7\">Nom <span class=\"wpforms-required-label\">*<\/span><\/label><input type=\"text\" id=\"wpforms-244-field_7\" class=\"wpforms-field-large wpforms-field-required\" name=\"wpforms[fields][7]\" required><\/div><div id=\"wpforms-244-field_8-container\" class=\"wpforms-field wpforms-field-text wpforms-one-half\" data-field-id=\"8\"><label class=\"wpforms-field-label\" for=\"wpforms-244-field_8\">Pr\u00e9nom <span class=\"wpforms-required-label\">*<\/span><\/label><input type=\"text\" id=\"wpforms-244-field_8\" class=\"wpforms-field-large wpforms-field-required\" name=\"wpforms[fields][8]\" required><\/div><div id=\"wpforms-244-field_2-container\" class=\"wpforms-field wpforms-field-phone wpforms-one-half wpforms-first\" data-field-id=\"2\"><label class=\"wpforms-field-label\" for=\"wpforms-244-field_2\">T\u00e9l\u00e9phone <span class=\"wpforms-required-label\">*<\/span><\/label><input type=\"tel\" id=\"wpforms-244-field_2\" class=\"wpforms-field-large wpforms-field-required wpforms-smart-phone-field\" data-rule-smart-phone-field=\"true\" name=\"wpforms[fields][2]\" required><\/div><div id=\"wpforms-244-field_6-container\" class=\"wpforms-field wpforms-field-text wpforms-one-half\" data-field-id=\"6\"><label class=\"wpforms-field-label\" for=\"wpforms-244-field_6\">Ville <span class=\"wpforms-required-label\">*<\/span><\/label><input type=\"text\" id=\"wpforms-244-field_6\" class=\"wpforms-field-large wpforms-field-required\" name=\"wpforms[fields][6]\" required><\/div><div id=\"wpforms-244-field_3-container\" class=\"wpforms-field wpforms-field-email\" data-field-id=\"3\"><label class=\"wpforms-field-label\" for=\"wpforms-244-field_3\">E-mail <span class=\"wpforms-required-label\">*<\/span><\/label><input type=\"email\" id=\"wpforms-244-field_3\" class=\"wpforms-field-large wpforms-field-required\" name=\"wpforms[fields][3]\" required><\/div><div id=\"wpforms-244-field_5-container\" class=\"wpforms-field wpforms-field-select wpforms-field-select-style-modern\" data-field-id=\"5\"><label class=\"wpforms-field-label\" for=\"wpforms-244-field_5\">Votre niveau scolaire  <span class=\"wpforms-required-label\">*<\/span><\/label><select id=\"wpforms-244-field_5\" class=\"wpforms-field-large wpforms-field-required choicesjs-select\" data-size-class=\"wpforms-field-row wpforms-field-large\" data-search-enabled=\"\" name=\"wpforms[fields][5]\" required=\"required\"><option value=\"\" class=\"placeholder\" disabled  selected='selected'>Baccalaureat<\/option><option value=\"Baccalaureat\" >Baccalaureat<\/option><option value=\"Bac+1\" >Bac+1<\/option><option value=\"Bac+2\" >Bac+2<\/option><option value=\"Bac+3\" >Bac+3<\/option><option value=\"Bac+4\" >Bac+4<\/option><option value=\"Bac+5\" >Bac+5<\/option><\/select><\/div><div id=\"wpforms-244-field_4-container\" class=\"wpforms-field wpforms-field-textarea\" data-field-id=\"4\"><label class=\"wpforms-field-label\" for=\"wpforms-244-field_4\">Message <span class=\"wpforms-required-label\">*<\/span><\/label><textarea id=\"wpforms-244-field_4\" class=\"wpforms-field-large wpforms-field-required\" name=\"wpforms[fields][4]\" placeholder=\"Quel est votre besoin ? \" required><\/textarea><\/div><\/div><div class=\"wpforms-submit-container\"><input type=\"hidden\" name=\"wpforms[id]\" value=\"244\"><input type=\"hidden\" name=\"wpforms[author]\" value=\"1\"><button type=\"submit\" name=\"wpforms[submit]\" id=\"wpforms-submit-244\" class=\"wpforms-submit\" data-alt-text=\"Envoi...\" data-submit-text=\"Envoyer\" aria-live=\"assertive\" value=\"wpforms-submit\">Envoyer<\/button><img loading=\"lazy\" decoding=\"async\" src=\"https:\/\/atsaero.ma\/atlasuniservices\/wp-content\/plugins\/wpforms\/assets\/images\/submit-spin.svg\" class=\"wpforms-submit-spinner\" style=\"display: none;\" width=\"26\" height=\"26\" alt=\"\"><\/div><\/form><\/div>  <!-- .wpforms-container -->[\/vc_column_text][\/vc_column][\/vc_row]<\/p>\n<\/section>","protected":false},"excerpt":{"rendered":"<p>[vc_row disable_element=&#8221;yes&#8221;][vc_column][vc_column_text] Nos Destinations [\/vc_column_text][\/vc_column][\/vc_row][vc_row equal_height=&#8221;yes&#8221; content_placement=&#8221;middle&#8221; el_class=&#8221;padrangee1&#8243;][vc_column css_animation=&#8221;fadeInLeft&#8221; width=&#8221;1\/2&#8243;][vc_column_text] Master [\/vc_column_text][vc_column_text]Le\u00a0master\u00a0est le deuxi\u00e8me dipl\u00f4me universitaire d\u2019Etat, obtenu au terme de deux ann\u00e9es d\u2019\u00e9tudes, juste apr\u00e8s<span class=\"excerpt-hellip\"> [\u2026]<\/span><\/p>\n","protected":false},"author":1,"featured_media":0,"parent":0,"menu_order":0,"comment_status":"closed","ping_status":"closed","template":"","meta":{"pagelayer_contact_templates":[],"_pagelayer_content":"","footnotes":""},"class_list":["post-347","page","type-page","status-publish","hentry"],"jetpack_sharing_enabled":true,"_links":{"self":[{"href":"https:\/\/atsaero.ma\/atlasuniservices\/wp-json\/wp\/v2\/pages\/347","targetHints":{"allow":["GET"]}}],"collection":[{"href":"https:\/\/atsaero.ma\/atlasuniservices\/wp-json\/wp\/v2\/pages"}],"about":[{"href":"https:\/\/atsaero.ma\/atlasuniservices\/wp-json\/wp\/v2\/types\/page"}],"author":[{"embeddable":true,"href":"https:\/\/atsaero.ma\/atlasuniservices\/wp-json\/wp\/v2\/users\/1"}],"replies":[{"embeddable":true,"href":"https:\/\/atsaero.ma\/atlasuniservices\/wp-json\/wp\/v2\/comments?post=347"}],"version-history":[{"count":5,"href":"https:\/\/atsaero.ma\/atlasuniservices\/wp-json\/wp\/v2\/pages\/347\/revisions"}],"predecessor-version":[{"id":402,"href":"https:\/\/atsaero.ma\/atlasuniservices\/wp-json\/wp\/v2\/pages\/347\/revisions\/402"}],"wp:attachment":[{"href":"https:\/\/atsaero.ma\/atlasuniservices\/wp-json\/wp\/v2\/media?parent=347"}],"curies":[{"name":"wp","href":"https:\/\/api.w.org\/{rel}","templated":true}]}}