{"id":337,"date":"2023-01-28T18:35:43","date_gmt":"2023-01-28T18:35:43","guid":{"rendered":"https:\/\/atsaero.ma\/atlasuniservices\/?page_id=337"},"modified":"2023-01-29T12:08:28","modified_gmt":"2023-01-29T12:08:28","slug":"bachelor","status":"publish","type":"page","link":"https:\/\/atsaero.ma\/atlasuniservices\/bachelor\/","title":{"rendered":"Bachelor"},"content":{"rendered":"<section class=\"wpb-content-wrapper\"><p>[vc_row disable_element=&#8221;yes&#8221;][vc_column][vc_column_text]<\/p>\n<h2 style=\"text-align: center;\">Nos Destinations<\/h2>\n<p>[\/vc_column_text][\/vc_column][\/vc_row][vc_row el_class=&#8221;padrangee1&#8243;][vc_column css_animation=&#8221;fadeInUp&#8221;][vc_column_text]<\/p>\n<h3 style=\"text-align: left;\">Le bachelor est-il une licence ?<\/h3>\n<p>[\/vc_column_text][vc_column_text]Les formations de type bachelor en trois ou quatre ans apr\u00e8s le bac fleurissent d\u00e9sormais dans la plupart des secteurs d\u2019enseignement. C\u2019est le dipl\u00f4me qui correspond \u00e0 notre licence. La traduction officielle du terme bachelor est baccalaur\u00e9at. Il ne faut donc pas confondre le baccalaur\u00e9at qui signe la fin du lyc\u00e9e avec le baccalaur\u00e9at canadien qui correspond \u00e0 un bachelor, et donc \u00e0 un niveau bac+4.<\/p>\n<p>Le\u00a0Bachelor est un dipl\u00f4me universitaire\u00a0qui cl\u00f4ture le premier cycle universitaire et qui correspond en g\u00e9n\u00e9ral, dans le\u00a0syst\u00e8me LMD \u00e0 la licence, d\u2019o\u00f9 les similitudes qui peuvent en survenir.[\/vc_column_text][\/vc_column][vc_column css_animation=&#8221;fadeInLeft&#8221; width=&#8221;1\/2&#8243;][vc_column_text]<\/p>\n<p>Le Bachelor correspond \u00e0 3 ou 4 ann\u00e9es d\u2019\u00e9tudes apr\u00e8s le baccalaur\u00e9at et il en existe deux types :<\/p>\n<p>&nbsp;<\/p>\n<ul>\n<li>Le Bachelor am\u00e9ricain qui s\u2019\u00e9tend sur 4 ann\u00e9es d\u2019\u00e9tudes universitaires apr\u00e8s le bac et qui est r\u00e9pandu dans les pays anglo-saxons.<\/li>\n<\/ul>\n<p>&nbsp;<\/p>\n<ul>\n<li>Le Bachelor europ\u00e9en qui s\u2019\u00e9tend sur 3 ann\u00e9es d\u2019\u00e9tudes universitaires et qui n\u2019a pas syst\u00e9matiquement les m\u00eames d\u00e9bouch\u00e9s que le Bachelor am\u00e9ricain.<\/li>\n<\/ul>\n<p>&nbsp;<\/p>\n<p>Au Maroc, le Bachelor est d\u00e9j\u00e0 int\u00e9gr\u00e9 dans les \u00e9coles priv\u00e9es de management et de commerce. Celles-ci offrent souvent des dipl\u00f4mes en double formation ou en partenariat avec des instituts ou des \u00e9coles \u00e9trang\u00e8res.<\/p>\n<p>&nbsp;<\/p>\n<p>Le Bachelor accorde une grande place \u00e0 la dimension internationale. L\u2019objectif final est de lui permettre de devenir bilingue pendant sa formation.[\/vc_column_text][\/vc_column][vc_column css_animation=&#8221;fadeInRight&#8221; width=&#8221;1\/2&#8243;][vc_single_image image=&#8221;324&#8243; img_size=&#8221;full&#8221; alignment=&#8221;center&#8221;][\/vc_column][vc_column css_animation=&#8221;fadeInUp&#8221;][vc_column_text]Le\u00a0Bachelor\u00a0aboutit toujours \u00e0 une embauche car il jouit d\u2019une tr\u00e8s bonne r\u00e9putation aupr\u00e8s des entreprises gr\u00e2ce \u00e0 sa formation solide, le d\u00e9veloppement personnel dont jouissent les \u00e9tudiants et aussi gr\u00e2ce aux stages effectu\u00e9s \u00e0 l\u2019\u00e9tranger. A ce titre,\u00a0le Bachelor est un v\u00e9ritable passeport pour un succ\u00e8s professionnel assur\u00e9.[\/vc_column_text][\/vc_column][\/vc_row][vc_row equal_height=&#8221;yes&#8221; content_placement=&#8221;middle&#8221;][vc_column][vc_empty_space height=&#8221;10px&#8221;][\/vc_column][\/vc_row][vc_row][vc_column css_animation=&#8221;fadeInUp&#8221;][vc_column_text]<\/p>\n<h2 style=\"text-align: center;\">Formulaire de contact<\/h2>\n<p style=\"text-align: center; font-size: 1.3em;\">Envoyez-nous toutes vos questions, notre priorit\u00e9 c&#8217;est vous<\/p>\n<p>[\/vc_column_text][vc_column_text]<div class=\"wpforms-container wpforms-container-full\" id=\"wpforms-244\"><form id=\"wpforms-form-244\" class=\"wpforms-validate wpforms-form wpforms-ajax-form\" data-formid=\"244\" method=\"post\" enctype=\"multipart\/form-data\" action=\"\/atlasuniservices\/wp-json\/wp\/v2\/pages\/337\" data-token=\"49001f02135cbaf8901a05b3fb3ed8e2\"><noscript class=\"wpforms-error-noscript\">Please enable JavaScript in your browser to complete this form.<\/noscript><div class=\"wpforms-field-container\"><div id=\"wpforms-244-field_7-container\" class=\"wpforms-field wpforms-field-text wpforms-one-half wpforms-first\" data-field-id=\"7\"><label class=\"wpforms-field-label\" for=\"wpforms-244-field_7\">Nom <span class=\"wpforms-required-label\">*<\/span><\/label><input type=\"text\" id=\"wpforms-244-field_7\" class=\"wpforms-field-large wpforms-field-required\" name=\"wpforms[fields][7]\" required><\/div><div id=\"wpforms-244-field_8-container\" class=\"wpforms-field wpforms-field-text wpforms-one-half\" data-field-id=\"8\"><label class=\"wpforms-field-label\" for=\"wpforms-244-field_8\">Pr\u00e9nom <span class=\"wpforms-required-label\">*<\/span><\/label><input type=\"text\" id=\"wpforms-244-field_8\" class=\"wpforms-field-large wpforms-field-required\" name=\"wpforms[fields][8]\" required><\/div><div id=\"wpforms-244-field_2-container\" class=\"wpforms-field wpforms-field-phone wpforms-one-half wpforms-first\" data-field-id=\"2\"><label class=\"wpforms-field-label\" for=\"wpforms-244-field_2\">T\u00e9l\u00e9phone <span class=\"wpforms-required-label\">*<\/span><\/label><input type=\"tel\" id=\"wpforms-244-field_2\" class=\"wpforms-field-large wpforms-field-required wpforms-smart-phone-field\" data-rule-smart-phone-field=\"true\" name=\"wpforms[fields][2]\" required><\/div><div id=\"wpforms-244-field_6-container\" class=\"wpforms-field wpforms-field-text wpforms-one-half\" data-field-id=\"6\"><label class=\"wpforms-field-label\" for=\"wpforms-244-field_6\">Ville <span class=\"wpforms-required-label\">*<\/span><\/label><input type=\"text\" id=\"wpforms-244-field_6\" class=\"wpforms-field-large wpforms-field-required\" name=\"wpforms[fields][6]\" required><\/div><div id=\"wpforms-244-field_3-container\" class=\"wpforms-field wpforms-field-email\" data-field-id=\"3\"><label class=\"wpforms-field-label\" for=\"wpforms-244-field_3\">E-mail <span class=\"wpforms-required-label\">*<\/span><\/label><input type=\"email\" id=\"wpforms-244-field_3\" class=\"wpforms-field-large wpforms-field-required\" name=\"wpforms[fields][3]\" required><\/div><div id=\"wpforms-244-field_5-container\" class=\"wpforms-field wpforms-field-select wpforms-field-select-style-modern\" data-field-id=\"5\"><label class=\"wpforms-field-label\" for=\"wpforms-244-field_5\">Votre niveau scolaire  <span class=\"wpforms-required-label\">*<\/span><\/label><select id=\"wpforms-244-field_5\" class=\"wpforms-field-large wpforms-field-required choicesjs-select\" data-size-class=\"wpforms-field-row wpforms-field-large\" data-search-enabled=\"\" name=\"wpforms[fields][5]\" required=\"required\"><option value=\"\" class=\"placeholder\" disabled  selected='selected'>Baccalaureat<\/option><option value=\"Baccalaureat\" >Baccalaureat<\/option><option value=\"Bac+1\" >Bac+1<\/option><option value=\"Bac+2\" >Bac+2<\/option><option value=\"Bac+3\" >Bac+3<\/option><option value=\"Bac+4\" >Bac+4<\/option><option value=\"Bac+5\" >Bac+5<\/option><\/select><\/div><div id=\"wpforms-244-field_4-container\" class=\"wpforms-field wpforms-field-textarea\" data-field-id=\"4\"><label class=\"wpforms-field-label\" for=\"wpforms-244-field_4\">Message <span class=\"wpforms-required-label\">*<\/span><\/label><textarea id=\"wpforms-244-field_4\" class=\"wpforms-field-large wpforms-field-required\" name=\"wpforms[fields][4]\" placeholder=\"Quel est votre besoin ? \" required><\/textarea><\/div><\/div><div class=\"wpforms-submit-container\"><input type=\"hidden\" name=\"wpforms[id]\" value=\"244\"><input type=\"hidden\" name=\"wpforms[author]\" value=\"1\"><button type=\"submit\" name=\"wpforms[submit]\" id=\"wpforms-submit-244\" class=\"wpforms-submit\" data-alt-text=\"Envoi...\" data-submit-text=\"Envoyer\" aria-live=\"assertive\" value=\"wpforms-submit\">Envoyer<\/button><img loading=\"lazy\" decoding=\"async\" src=\"https:\/\/atsaero.ma\/atlasuniservices\/wp-content\/plugins\/wpforms\/assets\/images\/submit-spin.svg\" class=\"wpforms-submit-spinner\" style=\"display: none;\" width=\"26\" height=\"26\" alt=\"\"><\/div><\/form><\/div>  <!-- .wpforms-container -->[\/vc_column_text][\/vc_column][\/vc_row]<\/p>\n<\/section>","protected":false},"excerpt":{"rendered":"<p>[vc_row disable_element=&#8221;yes&#8221;][vc_column][vc_column_text] Nos Destinations [\/vc_column_text][\/vc_column][\/vc_row][vc_row el_class=&#8221;padrangee1&#8243;][vc_column css_animation=&#8221;fadeInUp&#8221;][vc_column_text] Le bachelor est-il une licence ? [\/vc_column_text][vc_column_text]Les formations de type bachelor en trois ou quatre ans apr\u00e8s le bac<span class=\"excerpt-hellip\"> [\u2026]<\/span><\/p>\n","protected":false},"author":1,"featured_media":0,"parent":0,"menu_order":0,"comment_status":"closed","ping_status":"closed","template":"","meta":{"pagelayer_contact_templates":[],"_pagelayer_content":"","footnotes":""},"class_list":["post-337","page","type-page","status-publish","hentry"],"jetpack_sharing_enabled":true,"_links":{"self":[{"href":"https:\/\/atsaero.ma\/atlasuniservices\/wp-json\/wp\/v2\/pages\/337","targetHints":{"allow":["GET"]}}],"collection":[{"href":"https:\/\/atsaero.ma\/atlasuniservices\/wp-json\/wp\/v2\/pages"}],"about":[{"href":"https:\/\/atsaero.ma\/atlasuniservices\/wp-json\/wp\/v2\/types\/page"}],"author":[{"embeddable":true,"href":"https:\/\/atsaero.ma\/atlasuniservices\/wp-json\/wp\/v2\/users\/1"}],"replies":[{"embeddable":true,"href":"https:\/\/atsaero.ma\/atlasuniservices\/wp-json\/wp\/v2\/comments?post=337"}],"version-history":[{"count":7,"href":"https:\/\/atsaero.ma\/atlasuniservices\/wp-json\/wp\/v2\/pages\/337\/revisions"}],"predecessor-version":[{"id":373,"href":"https:\/\/atsaero.ma\/atlasuniservices\/wp-json\/wp\/v2\/pages\/337\/revisions\/373"}],"wp:attachment":[{"href":"https:\/\/atsaero.ma\/atlasuniservices\/wp-json\/wp\/v2\/media?parent=337"}],"curies":[{"name":"wp","href":"https:\/\/api.w.org\/{rel}","templated":true}]}}